{"id":433197,"date":"2023-05-18T18:04:41","date_gmt":"2023-05-18T16:04:41","guid":{"rendered":"https:\/\/www.claret.cat\/llibre\/breve-historia-de-atila-y-los-hunos-9788499670164\/"},"modified":"2025-06-03T13:23:25","modified_gmt":"2025-06-03T11:23:25","slug":"breve-historia-de-atila-y-los-hunos-9788499670164","status":"publish","type":"product","link":"https:\/\/www.claret.cat\/es\/libro\/breve-historia-de-atila-y-los-hunos-9788499670164\/","title":{"rendered":"BREVE HISTORIA DE ATILA Y LOS HUNOS"},"content":{"rendered":"<p>?Un libro, por lo dem\u00e1s necesario para conocer de manera fidedigna, clara y concisa la epopeya de estos jinetes que aterrorizaron a medio mundo creando a su alrededor un halo de leyenda que perdura y perdurar\u00e1 por los siglos de los siglos.?(Blog Historia con min\u00fasculas))Educado como un romano m\u00e1s, Atila pas\u00f3 de ser aliado a ser el terror de Roma, un guerrero despiadado con una leyenda de destrucci\u00f3n que llega hasta la actualidad.De los hunos, y en concreto de Atila, su caudillo m\u00e1s importante, nos han llegado innumerables leyendas, todas ellas relacionadas con su capacidad de destrucci\u00f3n y su poder\u00edo militar, jefe de un ej\u00e9rcito capaz de aterrorizar a las expertas legiones romanas. Se dec\u00eda de ellos que no ten\u00edan rostro y que se com\u00edan a sus enemigos, y su sola menci\u00f3n vaciaba las ciudades: era necesario por tanto, un libro capaz de rescatar los hechos hist\u00f3ricos entre el oc\u00e9ano de leyendas. Este el encomiable trabajo al que Ana Martos se enfrenta en Breve Historia de Atila y los Hunos.Recorre la autora un segmento cronol\u00f3gico completo de los hunos que abarca desde el debate sobre su origen, hasta su disoluci\u00f3n tras la muerte de Atila. Desde su derrota frente al imperio chino, los hunos fueron un pueblo en continua batalla, n\u00f3madas en b\u00fasqueda perpetua de mejores pastos y m\u00e1s grandes territorios. En esta migraci\u00f3n continua hacia occidente, encontraron no pocos enemigos y devastaron a todos los pueblos que se atrevieron a enfrentarse a estas hordas de jinetes. Las dos primeras partes de la obra tratan la g\u00e9nesis y migraci\u00f3n de los hunos hacia las fronteras con el Imperio romano, y en la tercera nos presenta la figura de Atila, su maestr\u00eda como guerrero, pero tambi\u00e9n su educaci\u00f3n romana y su capacidad de gobernar sabiamente a su pueblo desde Panonia, con una corte que mezclaba administradores y sabios tanto romanos como b\u00e1rbaros. Concluye el estudio Ana Martos desarrollando la terrible derrota del ej\u00e9rcito de Atila en la batalla de los Campos Catala\u00fanicos en el 451 d. C. y la muerte del ?azote de Dios? dos a\u00f1os despu\u00e9s en su noche de bodas. Tras la muerte del caudillo los hunos se disgregaron se disolvieron y perecieron en guerras fratricidas.Razones para comprar la obra:- Es un estudio fundamental para aclarar los mitos y leyendas de los hunos que a\u00fan se mantienen y cotejarlos con los datos fidedignos que se conservan.- Los hunos en general, y Atila en concreto, son fundamentales para entender totalmente la historia cl\u00e1sica y medieval.- La vida de Atila es una historia de alianzas, traiciones y crueles venganzas que, narradas de un modo \u00e1gil por la autora, atrapa al lector de principio a fin.- Incluye una recopilaci\u00f3n de documentaci\u00f3n gr\u00e1fica, de diversa procedencia, que es fundamental para comprobar c\u00f3mo ve\u00edan a los hunos los distintos pueblos europeos a los largo de la historia.La historia de los hunos y sus infinitas campa\u00f1as b\u00e9licas es una historia apasionante que atrapa al lector y le ayuda a descubrir la realidad que se esconde tras la visi\u00f3n que nos han legado de este pueblo que supo alternar la diplomacia m\u00e1s efectiva, con las batallas m\u00e1s salvajes.<\/p>\n","protected":false},"excerpt":{"rendered":"<p>MARTOS RUBIO, ANA<\/p>\n","protected":false},"featured_media":433198,"template":"","meta":{"_acf_changed":false,"om_disable_all_campaigns":false,"rs_blank_template":"","rs_page_bg_color":"","slide_template_v7":"","inline_featured_image":false,"_monsterinsights_skip_tracking":false,"_monsterinsights_sitenote_active":false,"_monsterinsights_sitenote_note":"","_monsterinsights_sitenote_category":0},"product_brand":[],"product_cat":[85,351],"product_tag":[],"class_list":{"0":"post-433197","1":"product","2":"type-product","3":"status-publish","4":"has-post-thumbnail","6":"product_cat-historia","7":"product_cat-historia-2_humanidades","9":"first","10":"instock","11":"taxable","12":"shipping-taxable","13":"purchasable","14":"product-type-simple"},"acf":{"autor":"MARTOS RUBIO, ANA","codart":"849967016","libros-coleccion":"","ediciones":"1","encuadernacion":"R\u00fastica","fecha_de_publicacion":"11\/02\/2016","novedad":"0","paginas":"253","subtitulo":"","orden":"999","portada":"0","idioma":"spa","editorial":[{"ID":8262,"post_author":"3","post_date":"2022-09-30 09:21:34","post_date_gmt":"2022-09-30 07:21:34","post_content":"","post_title":"NOWTILUS, EDICIONES","post_excerpt":"","post_status":"publish","comment_status":"closed","ping_status":"closed","post_password":"","post_name":"nowtilus-ediciones","to_ping":"","pinged":"","post_modified":"2022-09-30 09:21:34","post_modified_gmt":"2022-09-30 07:21:34","post_content_filtered":"","post_parent":0,"guid":"http:\/\/dev.claret.cat\/editorial\/nowtilus-ediciones\/","menu_order":0,"post_type":"editorial","post_mime_type":"","comment_count":"0","filter":"raw"}],"autores-libros":[{"ID":420106,"post_author":"3","post_date":"2023-05-16 00:35:16","post_date_gmt":"2023-05-15 22:35:16","post_content":"","post_title":"ANA MARTOS RUBIO","post_excerpt":"","post_status":"publish","comment_status":"closed","ping_status":"closed","post_password":"","post_name":"ana-martos-rubio","to_ping":"","pinged":"","post_modified":"2023-05-16 00:35:16","post_modified_gmt":"2023-05-15 22:35:16","post_content_filtered":"","post_parent":0,"guid":"https:\/\/www.claret.cat\/autor\/ana-martos-rubio\/","menu_order":0,"post_type":"autor","post_mime_type":"","comment_count":"0","filter":"raw"}],"booktrailer":"","resenas":""},"aioseo_notices":[],"_links":{"self":[{"href":"https:\/\/www.claret.cat\/es\/wp-json\/wp\/v2\/product\/433197","targetHints":{"allow":["GET"]}}],"collection":[{"href":"https:\/\/www.claret.cat\/es\/wp-json\/wp\/v2\/product"}],"about":[{"href":"https:\/\/www.claret.cat\/es\/wp-json\/wp\/v2\/types\/product"}],"wp:featuredmedia":[{"embeddable":true,"href":"https:\/\/www.claret.cat\/es\/wp-json\/wp\/v2\/media\/433198"}],"wp:attachment":[{"href":"https:\/\/www.claret.cat\/es\/wp-json\/wp\/v2\/media?parent=433197"}],"wp:term":[{"taxonomy":"product_brand","embeddable":true,"href":"https:\/\/www.claret.cat\/es\/wp-json\/wp\/v2\/product_brand?post=433197"},{"taxonomy":"product_cat","embeddable":true,"href":"https:\/\/www.claret.cat\/es\/wp-json\/wp\/v2\/product_cat?post=433197"},{"taxonomy":"product_tag","embeddable":true,"href":"https:\/\/www.claret.cat\/es\/wp-json\/wp\/v2\/product_tag?post=433197"}],"curies":[{"name":"wp","href":"https:\/\/api.w.org\/{rel}","templated":true}]}}