{"id":433203,"date":"2023-05-18T18:05:02","date_gmt":"2023-05-18T16:05:02","guid":{"rendered":"https:\/\/www.claret.cat\/llibre\/guerreros-aztecas-9788499670362\/"},"modified":"2025-06-03T13:34:31","modified_gmt":"2025-06-03T11:34:31","slug":"guerreros-aztecas-9788499670362","status":"publish","type":"product","link":"https:\/\/www.claret.cat\/es\/libro\/guerreros-aztecas-9788499670362\/","title":{"rendered":"GUERREROS AZTECAS"},"content":{"rendered":"<p>?Un recorrido de gran rigor cient\u00edfico que nos adentra de manera sencilla y r\u00e1pida en los pormenores hist\u00f3ricos y arqueol\u00f3gicos de uno de los motores fundamentales de la historia azteca, la guerra. (Web Utima comics) Los estudios sobre la capacidad b\u00e9lica de los aztecas han sido subordinados por los estudios sobre sus enfrentamientos con los colonos, sin embargo el poder\u00edo militar de los aztecas fue terrible y les permiti\u00f3 construir un imperio.Existen pocos trabajos que aborden la historia militar de los aztecas desde una perspectiva tan completa, el reciente revisionismo hist\u00f3rico obliga a mirar las fuentes sobre las guerras en la Am\u00e9rica precolombina con otros ojos. Guerreros aztecas mezcla en sus fuentes la arqueolog\u00eda, los documentos pictogr\u00e1ficos y la antropolog\u00eda f\u00edsica para poner ante nuestros ojos todo el poder y el horror que los ej\u00e9rcitos aztecas pod\u00edan desarrollar. Descubriremos datos tan curiosos como que los guerreros mexicas (aztecas) usaban cascos en forma de \u00e1guila y jaguar, que los lanzadardos eran capaces de perforar las corazas de los espa\u00f1oles o que los sacrificios eran parte de los ritos previos a las guerras florales mientras que la antropofagia era una pr\u00e1ctica com\u00fan con los prisioneros rivales. No rehuye Marco Antonio Cervera ning\u00fan tema por pol\u00e9mico que sea y afronta todos los aspectos militares de los aztecas con profundidad y rigor, pero de modo que la profusa informaci\u00f3n sea accesible a cualquier lector. Arte en la obra de una revisi\u00f3n de las fuentes y de la historiograf\u00eda creada sobre el tema para sentar las bases sobre las que la obra va a descansar. Una vez cimentada la argumentaci\u00f3n se\u00f1alar\u00e1 los dos modos de guerra que exist\u00eda en la \u00e9poca: las guerras de conquista y las guerras floridas que generan, a su vez, dos modos de ver el conflicto. El avituallamento de las tropas, la jerarqu\u00eda de mando o las maniobras, que en el caso de los mexicas buscaban la invisibilidad, son factores determinantes que se tratan en la obra. En cuanto a la capacidad de da\u00f1ar de las armas aztecas existe un debate abierto hoy d\u00eda, por lo que el autor considera necesario un estudio de la diversidad tipol\u00f3gica y funcional de los artefactos de guerra, una arqueolog\u00eda experimental que aclare el tema. Las fortificaciones aztecas, los rituales antes y despu\u00e9s de la batalla e incluso la guerra naval son descritos por el autor con el fin de completar una de las obras m\u00e1s completas sobre las artes b\u00e9licas de los mexicas.Razones para comprar la obra:- El car\u00e1cter riguroso y pedag\u00f3gico de la obra es innegable y se sit\u00faa a la vanguardia del revisionismo hist\u00f3rico contempor\u00e1neo.- La obra trata temas que no han sido tratados hasta ahora como la arqueolog\u00eda experimental, las artes marciales aztecas, las fortificaciones o el desarrollo de las batallas.- El autor es un especialista en el mundo mexica y la arqueolog\u00eda militar, participando en excavaciones como el Templo Mayor.- La obra est\u00e1 acompa\u00f1ada de numerosas im\u00e1genes que ayudan a la comprensi\u00f3n de la obra, agilizan su lectura y, muchas de ellas, son completamente in\u00e9ditas.Una obra que no s\u00f3lo nos desentra\u00f1a el funcionamiento de los ej\u00e9rcitos mexicas, sino que nos muestra el desarrollo de las batallas m\u00e1s importantes como Azcapozalco, Chalco, la lucha contra los tarascos y, por descontado, la heroica resistencia frente a los colonos espa\u00f1oles.<\/p>\n","protected":false},"excerpt":{"rendered":"<p>CERVERA OBREG\u00d3N, MARCO ANTONIO<\/p>\n","protected":false},"featured_media":433204,"template":"","meta":{"_acf_changed":false,"om_disable_all_campaigns":false,"rs_blank_template":"","rs_page_bg_color":"","slide_template_v7":"","inline_featured_image":false,"_monsterinsights_skip_tracking":false,"_monsterinsights_sitenote_active":false,"_monsterinsights_sitenote_note":"","_monsterinsights_sitenote_category":0},"product_brand":[],"product_cat":[85,351],"product_tag":[],"class_list":{"0":"post-433203","1":"product","2":"type-product","3":"status-publish","4":"has-post-thumbnail","6":"product_cat-historia","7":"product_cat-historia-2_humanidades","9":"first","10":"instock","11":"taxable","12":"shipping-taxable","13":"purchasable","14":"product-type-simple"},"acf":{"autor":"CERVERA OBREG\u00d3N, MARCO ANTONIO","codart":"849967036","libros-coleccion":"Historia Inc\u00f3gnita","ediciones":"1","encuadernacion":"R\u00fastica","fecha_de_publicacion":"01\/03\/2011","novedad":"1","paginas":"232","subtitulo":"","orden":"0","portada":"0","idioma":"spa","editorial":[{"ID":148589,"post_author":"3","post_date":"2022-10-14 11:59:25","post_date_gmt":"2022-10-14 09:59:25","post_content":"","post_title":"NOWTILUS EDITORIAL","post_excerpt":"","post_status":"publish","comment_status":"closed","ping_status":"closed","post_password":"","post_name":"nowtilus-editorial","to_ping":"","pinged":"","post_modified":"2022-10-14 11:59:25","post_modified_gmt":"2022-10-14 09:59:25","post_content_filtered":"","post_parent":0,"guid":"http:\/\/dev.claret.cat\/editorial\/nowtilus-editorial\/","menu_order":0,"post_type":"editorial","post_mime_type":"","comment_count":"0","filter":"raw"}],"autores-libros":[{"ID":425990,"post_author":"3","post_date":"2023-05-16 08:33:40","post_date_gmt":"2023-05-16 06:33:40","post_content":"","post_title":"MARCO ANTONIO CERVERA OBREG\u00d3N","post_excerpt":"","post_status":"publish","comment_status":"closed","ping_status":"closed","post_password":"","post_name":"marco-antonio-cervera-obregon","to_ping":"","pinged":"","post_modified":"2023-05-16 08:33:40","post_modified_gmt":"2023-05-16 06:33:40","post_content_filtered":"","post_parent":0,"guid":"https:\/\/www.claret.cat\/autor\/marco-antonio-cervera-obregon\/","menu_order":0,"post_type":"autor","post_mime_type":"","comment_count":"0","filter":"raw"}],"booktrailer":"","resenas":""},"aioseo_notices":[],"_links":{"self":[{"href":"https:\/\/www.claret.cat\/es\/wp-json\/wp\/v2\/product\/433203","targetHints":{"allow":["GET"]}}],"collection":[{"href":"https:\/\/www.claret.cat\/es\/wp-json\/wp\/v2\/product"}],"about":[{"href":"https:\/\/www.claret.cat\/es\/wp-json\/wp\/v2\/types\/product"}],"wp:featuredmedia":[{"embeddable":true,"href":"https:\/\/www.claret.cat\/es\/wp-json\/wp\/v2\/media\/433204"}],"wp:attachment":[{"href":"https:\/\/www.claret.cat\/es\/wp-json\/wp\/v2\/media?parent=433203"}],"wp:term":[{"taxonomy":"product_brand","embeddable":true,"href":"https:\/\/www.claret.cat\/es\/wp-json\/wp\/v2\/product_brand?post=433203"},{"taxonomy":"product_cat","embeddable":true,"href":"https:\/\/www.claret.cat\/es\/wp-json\/wp\/v2\/product_cat?post=433203"},{"taxonomy":"product_tag","embeddable":true,"href":"https:\/\/www.claret.cat\/es\/wp-json\/wp\/v2\/product_tag?post=433203"}],"curies":[{"name":"wp","href":"https:\/\/api.w.org\/{rel}","templated":true}]}}