{"id":433263,"date":"2023-05-18T18:08:33","date_gmt":"2023-05-18T16:08:33","guid":{"rendered":"https:\/\/www.claret.cat\/llibre\/breve-historia-de-los-sumerios-9788499673639\/"},"modified":"2025-06-03T13:19:19","modified_gmt":"2025-06-03T11:19:19","slug":"breve-historia-de-los-sumerios-9788499673639","status":"publish","type":"product","link":"https:\/\/www.claret.cat\/es\/libro\/breve-historia-de-los-sumerios-9788499673639\/","title":{"rendered":"BREVE HISTORIA DE LOS SUMERIOS"},"content":{"rendered":"<p>Los sumerios fueron la primera civilizaci\u00f3n occidental, un pueblo que rebas\u00f3 la frontera de la Prehistoria y entr\u00f3 de lleno en la Historia.Las investigaciones sobre la cultura sumeria son recientes, comenzaron hace apenas un siglo, desde entonces se han multiplicado las investigaciones y los yacimientos, se han descifrado las miles de tablillas en las que guardaron su historia en forma de mitos, pero a\u00fan es mucho lo que ignoramos de este pueblo pionero. Breve Historia de los Sumerios nos presenta de un modo conciso la historia de este pueblo que, desde el sedentarismo en las riberas del E\u00fafrates y el Tigris, construy\u00f3 una sociedad con una organizaci\u00f3n pol\u00edtica y religiosa no muy distinta a la nuestra.Los mitos sumerios son importantes, no s\u00f3lo porque han llegado a nosotros transformados en el cristianismo, sino porque en ellos se relata su historia: en Breve Historia de los SumeriosAna Martos nos presenta esa historia de un modo accesible y ameno. En Mesopotamia existen habitantes desde el 100.000 a. C. pero no ser\u00e1 hasta la revoluci\u00f3n del Neol\u00edtico cuando los pueblos n\u00f3madas se asienten en la zona aprovechando la fertilidad de la misma y surjan las primeras civilizaciones, concretamente en El Obeid y en Jarmo. En la segunda mitad del cuarto milenio a. C. la llegada de los sumerios ysu mezcla con las culturas de El Obeid y de Jarmo, dar\u00e1 lugar a lo que conocemos como pueblo de Sumer. En este pueblo se emple\u00f3 por primera vez la ingenier\u00eda hidr\u00e1ulica, la astronom\u00eda, las matem\u00e1ticas, la qu\u00edmica, la medicina o la farmacopea, inventaron sus habitantes la ense\u00f1anza, la legislaci\u00f3n, o la literatura. Su organizaci\u00f3n pol\u00edtica era teocr\u00e1tica, basada en un rey sagrado que ten\u00eda la potestad de aglutinar a las distintas ciudades estados, uno de esos reyes fue el inmortal Gilgamesh. La novedad del libro es que coteja los datos hist\u00f3ricos con los mitos sumerios para mostrarnos el paralelismo de ambos y c\u00f3mo esos mitos son tomados por el juda\u00edsmo y llegan a la actualidad a trav\u00e9s del cristianismo. Ana Martos nos mostrar\u00e1 adem\u00e1s un rico anecdotario sobre la vida cotidiana sumeria basada en casos tomados de las antiguas tablillas.Razones para comprar la obra:- La obra, adem\u00e1s de contar con detalle la historia de Mesopotamia nos cuenta el modo en que la Prehistoria se convierte en Historia.- Narra la historia de los sumerios a trav\u00e9s de los mitos universales y de los mitos locales.- Mediante los mitos podemos conocer pr\u00e1cticas desconocidas como el sacrificio del rey y el sacrificio de la diosa creadora.- La obra incluye numerosas im\u00e1genes y cuadros explicativos que ampl\u00edan la informaci\u00f3n sobre hechos interesantes pero que no forman parte de la historia de Mesopotamia.Una obra tremendamente \u00fatil para acercarse a esta cultura que supone el inicio de las organizaciones sociales y de las creencias religiosas que se conservan en la actualidad. Un libro que nos lleva desde la Prehistoria de tribus sedentarias hasta la Historia de ciudades y grandes construcciones.<\/p>\n","protected":false},"excerpt":{"rendered":"<p>MARTOS RUBIO, ANA<\/p>\n","protected":false},"featured_media":433264,"template":"","meta":{"_acf_changed":false,"om_disable_all_campaigns":false,"rs_blank_template":"","rs_page_bg_color":"","slide_template_v7":"","inline_featured_image":false,"_monsterinsights_skip_tracking":false,"_monsterinsights_sitenote_active":false,"_monsterinsights_sitenote_note":"","_monsterinsights_sitenote_category":0},"product_brand":[],"product_cat":[85,351],"product_tag":[],"class_list":{"0":"post-433263","1":"product","2":"type-product","3":"status-publish","4":"has-post-thumbnail","6":"product_cat-historia","7":"product_cat-historia-2_humanidades","9":"first","10":"instock","11":"taxable","12":"shipping-taxable","13":"purchasable","14":"product-type-simple"},"acf":{"autor":"MARTOS RUBIO, ANA","codart":"849967363","libros-coleccion":"","ediciones":"4","encuadernacion":"R\u00fastica","fecha_de_publicacion":"15\/02\/2016","novedad":"0","paginas":"295","subtitulo":"","orden":"999","portada":"0","idioma":"spa","editorial":[{"ID":8262,"post_author":"3","post_date":"2022-09-30 09:21:34","post_date_gmt":"2022-09-30 07:21:34","post_content":"","post_title":"NOWTILUS, EDICIONES","post_excerpt":"","post_status":"publish","comment_status":"closed","ping_status":"closed","post_password":"","post_name":"nowtilus-ediciones","to_ping":"","pinged":"","post_modified":"2022-09-30 09:21:34","post_modified_gmt":"2022-09-30 07:21:34","post_content_filtered":"","post_parent":0,"guid":"http:\/\/dev.claret.cat\/editorial\/nowtilus-ediciones\/","menu_order":0,"post_type":"editorial","post_mime_type":"","comment_count":"0","filter":"raw"}],"autores-libros":[{"ID":420106,"post_author":"3","post_date":"2023-05-16 00:35:16","post_date_gmt":"2023-05-15 22:35:16","post_content":"","post_title":"ANA MARTOS RUBIO","post_excerpt":"","post_status":"publish","comment_status":"closed","ping_status":"closed","post_password":"","post_name":"ana-martos-rubio","to_ping":"","pinged":"","post_modified":"2023-05-16 00:35:16","post_modified_gmt":"2023-05-15 22:35:16","post_content_filtered":"","post_parent":0,"guid":"https:\/\/www.claret.cat\/autor\/ana-martos-rubio\/","menu_order":0,"post_type":"autor","post_mime_type":"","comment_count":"0","filter":"raw"}],"booktrailer":"","resenas":""},"aioseo_notices":[],"_links":{"self":[{"href":"https:\/\/www.claret.cat\/es\/wp-json\/wp\/v2\/product\/433263","targetHints":{"allow":["GET"]}}],"collection":[{"href":"https:\/\/www.claret.cat\/es\/wp-json\/wp\/v2\/product"}],"about":[{"href":"https:\/\/www.claret.cat\/es\/wp-json\/wp\/v2\/types\/product"}],"wp:featuredmedia":[{"embeddable":true,"href":"https:\/\/www.claret.cat\/es\/wp-json\/wp\/v2\/media\/433264"}],"wp:attachment":[{"href":"https:\/\/www.claret.cat\/es\/wp-json\/wp\/v2\/media?parent=433263"}],"wp:term":[{"taxonomy":"product_brand","embeddable":true,"href":"https:\/\/www.claret.cat\/es\/wp-json\/wp\/v2\/product_brand?post=433263"},{"taxonomy":"product_cat","embeddable":true,"href":"https:\/\/www.claret.cat\/es\/wp-json\/wp\/v2\/product_cat?post=433263"},{"taxonomy":"product_tag","embeddable":true,"href":"https:\/\/www.claret.cat\/es\/wp-json\/wp\/v2\/product_tag?post=433263"}],"curies":[{"name":"wp","href":"https:\/\/api.w.org\/{rel}","templated":true}]}}