{"id":433284,"date":"2023-05-18T18:09:47","date_gmt":"2023-05-18T16:09:47","guid":{"rendered":"https:\/\/www.claret.cat\/llibre\/breve-historia-de-alandalus-9788499674766\/"},"modified":"2025-06-03T13:20:05","modified_gmt":"2025-06-03T11:20:05","slug":"breve-historia-de-alandalus-9788499674766","status":"publish","type":"product","link":"https:\/\/www.claret.cat\/es\/libro\/breve-historia-de-alandalus-9788499674766\/","title":{"rendered":"BREVE HISTORIA DE AL-\u00c1NDALUS"},"content":{"rendered":"<p>La huella que el reino de al-\u00c1ndalus ha dejado en la pen\u00ednsula es imborrable y preciada, una cultura sofisticada que llev\u00f3 a ciudades como C\u00f3rdoba a la cima de su \u00e9poca.Puede parecer una obviedad recordar que los musulmanes estuvieron en la pen\u00ednsula durante m\u00e1s de ocho siglos y que su estancia determin\u00f3 numerosos aspectos de nuestra identidad nacional como el flamenco, los dulces navide\u00f1os, gran parte de nuestro lenguaje o el germen de nuestra poes\u00eda. No obstante, a\u00fan es necesario recordar la historia de la estancia musulmana en Espa\u00f1a y tambi\u00e9n es necesario hacerlo de un modo divulgativo y accesible a cualquier persona. Esta es la tarea a la que Ana Martos se enfrenta en Breve Historia de Al-\u00c1ndalus, presentar la historia de un pueblo que supo convivir con los antiguos habitantes de la pen\u00ednsula y que trajo, adem\u00e1s, la civilizaci\u00f3n y la cultura que Espa\u00f1a hab\u00eda perdido tras la marcha de los romanos.El islam hereda el saber grecorromano y el saber oriental por su pac\u00edfica expansi\u00f3n por Persia y por Bizancio, ese saber se hab\u00eda perdido en la Europa gobernada por los b\u00e1rbaros. A la Pen\u00ednsula Ib\u00e9rica llegaron invitados por un rey visigodo para que le ayudaran en sus luchas intestinas. Los musulmanes, aprovechando la debilidad y la fragmentaci\u00f3n visigoda decidieron quedarse y trajeron con ellos un esplendor cultural que ya no se recordaba. Breve Historia de Al-\u00c1ndalus nos presenta de un modo sint\u00e9tico y desmitificador la gloria del califato de C\u00f3rdoba creado por los Omeyas pero tambi\u00e9n las divisiones y los enfrentamientos din\u00e1sticos que provocaron la entrada de almor\u00e1vides y almohades y la consecuente divisi\u00f3n en reinos independientes. La resistencia cristiana, que hab\u00eda convivido pac\u00edficamente con el islam, aprovecha esa divisi\u00f3n para ir recuperando territorios, la recuperaci\u00f3n total de la pen\u00ednsula no se dar\u00e1 hasta que los Reyes Cat\u00f3licos no unan los reinos de Castilla y Arag\u00f3n y aprovechen la debilidad nazar\u00ed para conquistar Granada. Despu\u00e9s de un breve periodo de convivencia de los moriscos en territorio cristiano, fueron perdiendo, poco a poco, sus fueros hasta que son definitivamente expulsados en tiempos de Fernando III.Razones para comprar la obra:- El tema es relevante ya que nuestras ra\u00edces \u00e1rabes se reflejan en nuestra lengua, en nuestras tradiciones, en nuestras costumbres e incluso en nuestra gastronom\u00eda.- La obra muestra la historia b\u00e9lica entre cristianos y musulmanes pero tambi\u00e9n ense\u00f1a las alianzas y las amistades entre caudillos y pueblos de uno y otro lado.- El libro ayuda a desmitificar ciertos h\u00e9roes nacionales como El Cid que, lejos de ser un ejemplo de patriotismo, luch\u00f3 tanto con cristianos como con musulmanes.- La autora a\u00f1ade al texto numerosas im\u00e1genes y mapas que permiten rastrear en la geograf\u00eda espa\u00f1ola las huellas musulmanas.Al-\u00c1ndalus no s\u00f3lo fue la provincia m\u00e1s occidental del imperio isl\u00e1mico medieval, tambi\u00e9n fue el centro cultural de la Edad Media donde se cultivaron las artes, las ciencias y la civilizaci\u00f3n m\u00e1s sofisticada de la \u00e9poca, las relaciones entre el cristianismo y el islam provocaron un enriquecimiento cultural en la pen\u00ednsula sin parang\u00f3n.<\/p>\n","protected":false},"excerpt":{"rendered":"<p>MARTOS RUBIO, ANA<\/p>\n","protected":false},"featured_media":433285,"template":"","meta":{"_acf_changed":false,"om_disable_all_campaigns":false,"rs_blank_template":"","rs_page_bg_color":"","slide_template_v7":"","inline_featured_image":false,"_monsterinsights_skip_tracking":false,"_monsterinsights_sitenote_active":false,"_monsterinsights_sitenote_note":"","_monsterinsights_sitenote_category":0},"product_brand":[],"product_cat":[351,85],"product_tag":[],"class_list":{"0":"post-433284","1":"product","2":"type-product","3":"status-publish","4":"has-post-thumbnail","6":"product_cat-historia-2_humanidades","7":"product_cat-historia","9":"first","10":"instock","11":"taxable","12":"shipping-taxable","13":"purchasable","14":"product-type-simple"},"acf":{"autor":"MARTOS RUBIO, ANA","codart":"849967476","libros-coleccion":"","ediciones":"1","encuadernacion":"R\u00fastica","fecha_de_publicacion":"11\/02\/2016","novedad":"0","paginas":"276","subtitulo":"","orden":"999","portada":"0","idioma":"spa","editorial":[{"ID":8262,"post_author":"3","post_date":"2022-09-30 09:21:34","post_date_gmt":"2022-09-30 07:21:34","post_content":"","post_title":"NOWTILUS, EDICIONES","post_excerpt":"","post_status":"publish","comment_status":"closed","ping_status":"closed","post_password":"","post_name":"nowtilus-ediciones","to_ping":"","pinged":"","post_modified":"2022-09-30 09:21:34","post_modified_gmt":"2022-09-30 07:21:34","post_content_filtered":"","post_parent":0,"guid":"http:\/\/dev.claret.cat\/editorial\/nowtilus-ediciones\/","menu_order":0,"post_type":"editorial","post_mime_type":"","comment_count":"0","filter":"raw"}],"autores-libros":[{"ID":420106,"post_author":"3","post_date":"2023-05-16 00:35:16","post_date_gmt":"2023-05-15 22:35:16","post_content":"","post_title":"ANA MARTOS RUBIO","post_excerpt":"","post_status":"publish","comment_status":"closed","ping_status":"closed","post_password":"","post_name":"ana-martos-rubio","to_ping":"","pinged":"","post_modified":"2023-05-16 00:35:16","post_modified_gmt":"2023-05-15 22:35:16","post_content_filtered":"","post_parent":0,"guid":"https:\/\/www.claret.cat\/autor\/ana-martos-rubio\/","menu_order":0,"post_type":"autor","post_mime_type":"","comment_count":"0","filter":"raw"}],"booktrailer":"","resenas":""},"aioseo_notices":[],"_links":{"self":[{"href":"https:\/\/www.claret.cat\/es\/wp-json\/wp\/v2\/product\/433284","targetHints":{"allow":["GET"]}}],"collection":[{"href":"https:\/\/www.claret.cat\/es\/wp-json\/wp\/v2\/product"}],"about":[{"href":"https:\/\/www.claret.cat\/es\/wp-json\/wp\/v2\/types\/product"}],"wp:featuredmedia":[{"embeddable":true,"href":"https:\/\/www.claret.cat\/es\/wp-json\/wp\/v2\/media\/433285"}],"wp:attachment":[{"href":"https:\/\/www.claret.cat\/es\/wp-json\/wp\/v2\/media?parent=433284"}],"wp:term":[{"taxonomy":"product_brand","embeddable":true,"href":"https:\/\/www.claret.cat\/es\/wp-json\/wp\/v2\/product_brand?post=433284"},{"taxonomy":"product_cat","embeddable":true,"href":"https:\/\/www.claret.cat\/es\/wp-json\/wp\/v2\/product_cat?post=433284"},{"taxonomy":"product_tag","embeddable":true,"href":"https:\/\/www.claret.cat\/es\/wp-json\/wp\/v2\/product_tag?post=433284"}],"curies":[{"name":"wp","href":"https:\/\/api.w.org\/{rel}","templated":true}]}}