{"id":433302,"date":"2023-05-18T18:10:56","date_gmt":"2023-05-18T16:10:56","guid":{"rendered":"https:\/\/www.claret.cat\/llibre\/breve-historia-de-francisco-franco-9788499675398\/"},"modified":"2025-06-03T13:19:00","modified_gmt":"2025-06-03T11:19:00","slug":"breve-historia-de-francisco-franco-9788499675398","status":"publish","type":"product","link":"https:\/\/www.claret.cat\/es\/libro\/breve-historia-de-francisco-franco-9788499675398\/","title":{"rendered":"BREVE HISTORIA DE FRANCISCO FRANCO"},"content":{"rendered":"<p>Una investigaci\u00f3n revolucionaria sobre la vida de Francisco Franco que deja fuera todo postulado ideol\u00f3gico y se centra en el dato riguroso.Es dif\u00edcil destacar, en la \u00faltima parte de la vida de Franco, d\u00f3nde termina la biograf\u00eda del dictador y d\u00f3nde comienza la historia de Espa\u00f1a, van indisolublemente unidas. Es por esto que Breve Historia de Francisco Franco debe realizar un trabajo exhaustivo para contextualizar los hechos m\u00e1s determinantes de la vida de Franco en la historia de nuestro pa\u00eds. La obra recorre su infancia marcada por el Desastre del 98, su adolescencia en la Academia de Infanter\u00eda de Toledo, su labor bajo el gobierno de la Segunda Rep\u00fablica, su participaci\u00f3n en la Guerra Civil y su pol\u00e9mica labor como dictador en un gobierno que nunca cont\u00f3 con un apoyo suficiente.Jos\u00e9 Luis Hern\u00e1ndez Garvi abandona cualquier presupuesto ideol\u00f3gico porque s\u00f3lo de ese modo puede presentarse una rigurosa historia de la Espa\u00f1a de la \u00e9poca. Consulta numerosos documentos y nos descubre datos relevantes junto a otros menos importantes para la historia de Espa\u00f1a pero que pueden explicar ciertos comportamientos de Franco, como la compleja relaci\u00f3n del dictador con su padre y su hermano, la relaci\u00f3n con Carmen Polo y el ascenso social que obtuvo gracias a su boda o el enfrentamiento, en la dictadura, de los tecn\u00f3cratas con los pesos pesados del Movimiento.Razones para comprar la obra:- La obra revela algunas inc\u00f3gnitas de nuestra historia reciente y desvela la intervenci\u00f3n de Franco en los mismos.- La figura del general Franco y del franquismo est\u00e1n siempre de actualidad y m\u00e1s en estos tiempos en los que el revisionismo hist\u00f3rico obliga a repasar de nuevo la historia de la \u00e9poca.- El rigor hist\u00f3rico y la falta de presupuestos ideol\u00f3gicos son dos m\u00e1ximas previas a la elaboraci\u00f3n de la obra, la objetividad de la misma es fruto de aquellas.- Es un texto ameno y con una gran vocaci\u00f3n divulgativa y se ve enriquecido por la gran cantidad de documentaci\u00f3n gr\u00e1fica, sorprendente e ilustrativa, que contiene.Un repaso de la vida de Franco, perfectamente encuadrado en su tiempo, que ayuda a explicar la figura del dictador pero tambi\u00e9n a comprender el turbulento S. XX de la historia de Espa\u00f1a, desde el desastre de la Guerra de Cuba hasta la instauraci\u00f3n de la democracia.<\/p>\n","protected":false},"excerpt":{"rendered":"<p>HERN\u00c1NDEZ GARVI, JOS\u00c9 LUIS<\/p>\n","protected":false},"featured_media":433303,"template":"","meta":{"_acf_changed":false,"om_disable_all_campaigns":false,"rs_blank_template":"","rs_page_bg_color":"","slide_template_v7":"","inline_featured_image":false,"_monsterinsights_skip_tracking":false,"_monsterinsights_sitenote_active":false,"_monsterinsights_sitenote_note":"","_monsterinsights_sitenote_category":0},"product_brand":[],"product_cat":[85,351],"product_tag":[],"class_list":{"0":"post-433302","1":"product","2":"type-product","3":"status-publish","4":"has-post-thumbnail","6":"product_cat-historia","7":"product_cat-historia-2_humanidades","9":"first","10":"instock","11":"taxable","12":"shipping-taxable","13":"purchasable","14":"product-type-simple"},"acf":{"autor":"HERN\u00c1NDEZ GARVI, JOS\u00c9 LUIS","codart":"849967539","libros-coleccion":"","ediciones":"1","encuadernacion":"R\u00fastica","fecha_de_publicacion":"15\/02\/2016","novedad":"0","paginas":"342","subtitulo":"","orden":"999","portada":"0","idioma":"spa","editorial":[{"ID":8262,"post_author":"3","post_date":"2022-09-30 09:21:34","post_date_gmt":"2022-09-30 07:21:34","post_content":"","post_title":"NOWTILUS, EDICIONES","post_excerpt":"","post_status":"publish","comment_status":"closed","ping_status":"closed","post_password":"","post_name":"nowtilus-ediciones","to_ping":"","pinged":"","post_modified":"2022-09-30 09:21:34","post_modified_gmt":"2022-09-30 07:21:34","post_content_filtered":"","post_parent":0,"guid":"http:\/\/dev.claret.cat\/editorial\/nowtilus-ediciones\/","menu_order":0,"post_type":"editorial","post_mime_type":"","comment_count":"0","filter":"raw"}],"autores-libros":[{"ID":160335,"post_author":"3","post_date":"2022-10-14 15:52:14","post_date_gmt":"2022-10-14 13:52:14","post_content":"","post_title":"JOS\u00c9 LUIS HERN\u00c1NDEZ GARVI","post_excerpt":"","post_status":"publish","comment_status":"closed","ping_status":"closed","post_password":"","post_name":"jose-luis-hernandez-garvi","to_ping":"","pinged":"","post_modified":"2022-10-14 15:52:14","post_modified_gmt":"2022-10-14 13:52:14","post_content_filtered":"","post_parent":0,"guid":"http:\/\/dev.claret.cat\/autor\/jose-luis-hernandez-garvi\/","menu_order":0,"post_type":"autor","post_mime_type":"","comment_count":"0","filter":"raw"}],"booktrailer":"","resenas":""},"aioseo_notices":[],"_links":{"self":[{"href":"https:\/\/www.claret.cat\/es\/wp-json\/wp\/v2\/product\/433302","targetHints":{"allow":["GET"]}}],"collection":[{"href":"https:\/\/www.claret.cat\/es\/wp-json\/wp\/v2\/product"}],"about":[{"href":"https:\/\/www.claret.cat\/es\/wp-json\/wp\/v2\/types\/product"}],"wp:featuredmedia":[{"embeddable":true,"href":"https:\/\/www.claret.cat\/es\/wp-json\/wp\/v2\/media\/433303"}],"wp:attachment":[{"href":"https:\/\/www.claret.cat\/es\/wp-json\/wp\/v2\/media?parent=433302"}],"wp:term":[{"taxonomy":"product_brand","embeddable":true,"href":"https:\/\/www.claret.cat\/es\/wp-json\/wp\/v2\/product_brand?post=433302"},{"taxonomy":"product_cat","embeddable":true,"href":"https:\/\/www.claret.cat\/es\/wp-json\/wp\/v2\/product_cat?post=433302"},{"taxonomy":"product_tag","embeddable":true,"href":"https:\/\/www.claret.cat\/es\/wp-json\/wp\/v2\/product_tag?post=433302"}],"curies":[{"name":"wp","href":"https:\/\/api.w.org\/{rel}","templated":true}]}}