{"id":433392,"date":"2023-05-18T18:16:32","date_gmt":"2023-05-18T16:16:32","guid":{"rendered":"https:\/\/www.claret.cat\/llibre\/vacances-creatives-9788499740744\/"},"modified":"2023-05-18T18:16:38","modified_gmt":"2023-05-18T16:16:38","slug":"vacances-creatives-9788499740744","status":"publish","type":"product","link":"https:\/\/www.claret.cat\/es\/libro\/vacances-creatives-9788499740744\/","title":{"rendered":"VACANCES CREATIVES"},"content":{"rendered":"<p>El millor llibre per a joves viatgers!<\/p>\n<p> Amb p\u00e0gines enginyoses per pintar, trucs i consells per dibuixar, trencaclosques i laberints, activitats pr\u00e0ctiques, relats per escriure i jocs sobre destinacions incre\u00efbles.<\/p>\n<p> PASSA-T&#8221;HO B\u00c9 AMB:<br \/> ? UN MUNT D&#8221;ADHESIUS<br \/> ? DESPLEGABLES PER A ADHESIUS<br \/> ? EL PAPER PINTAT<br \/> ? EL FULL DE PLANTILLES<\/p>\n","protected":false},"excerpt":{"rendered":"<p>LAROUSSE EDITORIAL<\/p>\n","protected":false},"featured_media":433393,"template":"","meta":{"_acf_changed":false,"om_disable_all_campaigns":false,"rs_blank_template":"","rs_page_bg_color":"","slide_template_v7":"","inline_featured_image":false,"_monsterinsights_skip_tracking":false,"_monsterinsights_sitenote_active":false,"_monsterinsights_sitenote_note":"","_monsterinsights_sitenote_category":0},"product_brand":[],"product_cat":[86,352],"product_tag":[],"class_list":{"0":"post-433392","1":"product","2":"type-product","3":"status-publish","4":"has-post-thumbnail","6":"product_cat-infantil","7":"product_cat-infantil-3_infantil-juvenil-spa","9":"first","10":"instock","11":"taxable","12":"shipping-taxable","13":"purchasable","14":"product-type-simple"},"acf":{"autor":"LAROUSSE EDITORIAL","codart":"849974074","libros-coleccion":"","ediciones":"1","encuadernacion":"Carpeta","fecha_de_publicacion":"01\/01\/2013","novedad":"0","paginas":"67","subtitulo":"","orden":"999","portada":"0","idioma":"cat","editorial":[{"ID":6393,"post_author":"3","post_date":"2022-07-28 17:51:11","post_date_gmt":"2022-07-28 15:51:11","post_content":"","post_title":"VOX","post_excerpt":"","post_status":"publish","comment_status":"closed","ping_status":"closed","post_password":"","post_name":"vox","to_ping":"","pinged":"","post_modified":"2022-07-28 17:51:11","post_modified_gmt":"2022-07-28 15:51:11","post_content_filtered":"","post_parent":0,"guid":"http:\/\/dev.claret.cat\/editorial\/vox\/","menu_order":0,"post_type":"editorial","post_mime_type":"","comment_count":"0","filter":"raw"}],"autores-libros":[{"ID":163067,"post_author":"3","post_date":"2022-10-14 17:36:03","post_date_gmt":"2022-10-14 15:36:03","post_content":"","post_title":"MANDY ARCHER","post_excerpt":"","post_status":"publish","comment_status":"closed","ping_status":"closed","post_password":"","post_name":"mandy-archer","to_ping":"","pinged":"","post_modified":"2022-10-14 17:36:03","post_modified_gmt":"2022-10-14 15:36:03","post_content_filtered":"","post_parent":0,"guid":"http:\/\/dev.claret.cat\/autor\/mandy-archer\/","menu_order":0,"post_type":"autor","post_mime_type":"","comment_count":"0","filter":"raw"}]},"aioseo_notices":[],"_links":{"self":[{"href":"https:\/\/www.claret.cat\/es\/wp-json\/wp\/v2\/product\/433392","targetHints":{"allow":["GET"]}}],"collection":[{"href":"https:\/\/www.claret.cat\/es\/wp-json\/wp\/v2\/product"}],"about":[{"href":"https:\/\/www.claret.cat\/es\/wp-json\/wp\/v2\/types\/product"}],"wp:featuredmedia":[{"embeddable":true,"href":"https:\/\/www.claret.cat\/es\/wp-json\/wp\/v2\/media\/433393"}],"wp:attachment":[{"href":"https:\/\/www.claret.cat\/es\/wp-json\/wp\/v2\/media?parent=433392"}],"wp:term":[{"taxonomy":"product_brand","embeddable":true,"href":"https:\/\/www.claret.cat\/es\/wp-json\/wp\/v2\/product_brand?post=433392"},{"taxonomy":"product_cat","embeddable":true,"href":"https:\/\/www.claret.cat\/es\/wp-json\/wp\/v2\/product_cat?post=433392"},{"taxonomy":"product_tag","embeddable":true,"href":"https:\/\/www.claret.cat\/es\/wp-json\/wp\/v2\/product_tag?post=433392"}],"curies":[{"name":"wp","href":"https:\/\/api.w.org\/{rel}","templated":true}]}}