{"id":43341,"date":"2022-10-02T21:29:10","date_gmt":"2022-10-02T19:29:10","guid":{"rendered":"http:\/\/dev.claret.cat\/producte\/lagarta\/"},"modified":"2023-10-06T10:43:38","modified_gmt":"2023-10-06T08:43:38","slug":"lagarta-9788408252115","status":"publish","type":"product","link":"https:\/\/www.claret.cat\/es\/libro\/lagarta-9788408252115\/","title":{"rendered":"LAGARTA"},"content":{"rendered":"<p>El urogallo, el lagarto gigante de El Hierro, el lince ib\u00e9rico, el desm\u00e1n del Pirineo, la ballena vasca, el bucardo\u2026 Siguiendo el rastro de animales simb\u00f3licos aunque dif\u00edciles (o imposibles) de ver, se puede penetrar en la idiosincrasia de las poblaciones que los tienen como referencia. Este proyecto apunta a la geograf\u00eda espa\u00f1ola para, a trav\u00e9s de algunos animales tan emblem\u00e1ticos como esquivos, adentrarse en la naturaleza m\u00e1s salvaje del pa\u00eds y en la relaci\u00f3n que los espa\u00f1oles tienen con ella.<br \/> Cada animal ayudar\u00e1 a desarrollar un tema de importancia ecosist\u00e9mica, de modo que el libro crecer\u00e1 en cada cap\u00edtulo, con unas historias alimentando a las siguientes y complement\u00e1ndose hasta conformar un fresco de la situaci\u00f3n de la fauna salvaje en Espa\u00f1a.<\/p>\n","protected":false},"excerpt":{"rendered":"<p>MART\u00cdNEZ, GABI<\/p>\n","protected":false},"featured_media":453515,"template":"","meta":{"_acf_changed":false,"om_disable_all_campaigns":false,"rs_blank_template":"","rs_page_bg_color":"","slide_template_v7":"","inline_featured_image":false,"_monsterinsights_skip_tracking":false,"_monsterinsights_sitenote_active":false,"_monsterinsights_sitenote_note":"","_monsterinsights_sitenote_category":0},"product_brand":[],"product_cat":[555],"product_tag":[],"class_list":{"0":"post-43341","1":"product","2":"type-product","3":"status-publish","4":"has-post-thumbnail","6":"product_cat-regalo","8":"first","9":"instock","10":"taxable","11":"shipping-taxable","12":"purchasable","13":"product-type-simple"},"acf":{"autor":"MART\u00cdNEZ, GABI","codart":"840825211","libros-coleccion":"Singulares","ediciones":"1","encuadernacion":"Carton\u00e9","fecha_de_publicacion":"01\/02\/2022","novedad":"1","paginas":"272","subtitulo":"C\u00d3MO SER UN ANIMAL SALVAJE EN ESPA\u00d1A","orden":"0","portada":"0","idioma":"spa","editorial":[{"ID":6233,"post_author":"3","post_date":"2022-07-28 17:47:48","post_date_gmt":"2022-07-28 15:47:48","post_content":"","post_title":"EDITORIAL PLANETA","post_excerpt":"","post_status":"publish","comment_status":"closed","ping_status":"closed","post_password":"","post_name":"editorial-planeta","to_ping":"","pinged":"","post_modified":"2022-07-28 17:47:48","post_modified_gmt":"2022-07-28 15:47:48","post_content_filtered":"","post_parent":0,"guid":"http:\/\/dev.claret.cat\/editorial\/editorial-planeta\/","menu_order":0,"post_type":"editorial","post_mime_type":"","comment_count":"0","filter":"raw"}],"autores-libros":[{"ID":156498,"post_author":"3","post_date":"2022-10-14 15:21:17","post_date_gmt":"2022-10-14 13:21:17","post_content":"","post_title":"GABI MART\u00cdNEZ","post_excerpt":"","post_status":"publish","comment_status":"closed","ping_status":"closed","post_password":"","post_name":"gabi-martinez","to_ping":"","pinged":"","post_modified":"2022-10-14 15:21:17","post_modified_gmt":"2022-10-14 13:21:17","post_content_filtered":"","post_parent":0,"guid":"http:\/\/dev.claret.cat\/autor\/gabi-martinez\/","menu_order":0,"post_type":"autor","post_mime_type":"","comment_count":"0","filter":"raw"}]},"aioseo_notices":[],"_links":{"self":[{"href":"https:\/\/www.claret.cat\/es\/wp-json\/wp\/v2\/product\/43341","targetHints":{"allow":["GET"]}}],"collection":[{"href":"https:\/\/www.claret.cat\/es\/wp-json\/wp\/v2\/product"}],"about":[{"href":"https:\/\/www.claret.cat\/es\/wp-json\/wp\/v2\/types\/product"}],"wp:featuredmedia":[{"embeddable":true,"href":"https:\/\/www.claret.cat\/es\/wp-json\/wp\/v2\/media\/453515"}],"wp:attachment":[{"href":"https:\/\/www.claret.cat\/es\/wp-json\/wp\/v2\/media?parent=43341"}],"wp:term":[{"taxonomy":"product_brand","embeddable":true,"href":"https:\/\/www.claret.cat\/es\/wp-json\/wp\/v2\/product_brand?post=43341"},{"taxonomy":"product_cat","embeddable":true,"href":"https:\/\/www.claret.cat\/es\/wp-json\/wp\/v2\/product_cat?post=43341"},{"taxonomy":"product_tag","embeddable":true,"href":"https:\/\/www.claret.cat\/es\/wp-json\/wp\/v2\/product_tag?post=43341"}],"curies":[{"name":"wp","href":"https:\/\/api.w.org\/{rel}","templated":true}]}}