{"id":433413,"date":"2023-05-18T18:17:42","date_gmt":"2023-05-18T16:17:42","guid":{"rendered":"https:\/\/www.claret.cat\/llibre\/els-supertafaners-exploren-la-natura-9788499743202\/"},"modified":"2023-05-18T18:17:47","modified_gmt":"2023-05-18T16:17:47","slug":"els-supertafaners-exploren-la-natura-9788499743202","status":"publish","type":"product","link":"https:\/\/www.claret.cat\/es\/libro\/els-supertafaners-exploren-la-natura-9788499743202\/","title":{"rendered":"ELS SUPERTAFANERS EXPLOREN LA NATURA"},"content":{"rendered":"<p>Un quadern d&#8217;activitats per passar-s&#8217;ho d&#8217;all\u00f2 m\u00e9s b\u00e9 amb la natura. A cada p\u00e0gina hi ha una activitat diferent, basada en els paisatges, els climes, les plantes i tota mena d&#8217;animals: <br \/> &#8211; Laberints <br \/> &#8211; Dibuixos numerats <br \/> &#8211; Sopes de lletres <br \/> &#8211; Mots encreuats <br \/> &#8211; Codis secrets <br \/> &#8211; L\u00e0mines per pintar <br \/> I moltes m\u00e9s! Nom\u00e9s cal el quadern, un llapis i una mica d&#8217;enginy. <br \/> Al dors de cada activitat hi ha la soluci\u00f3, una pregunta dels llibres de la col\u00b7lecci\u00f3 Els Supertafaners relacionada amb l&#8217;activitat proposada i altres informacions per saber-ne encara m\u00e9s.<\/p>\n","protected":false},"excerpt":{"rendered":"<p>VOX EDITORIAL<\/p>\n","protected":false},"featured_media":433414,"template":"","meta":{"_acf_changed":false,"om_disable_all_campaigns":false,"rs_blank_template":"","rs_page_bg_color":"","slide_template_v7":"","inline_featured_image":false,"_monsterinsights_skip_tracking":false,"_monsterinsights_sitenote_active":false,"_monsterinsights_sitenote_note":"","_monsterinsights_sitenote_category":0},"product_brand":[],"product_cat":[333,122],"product_tag":[],"class_list":{"0":"post-433413","1":"product","2":"type-product","3":"status-publish","4":"has-post-thumbnail","6":"product_cat-cuadernos-de-vacaciones","7":"product_cat-quaderns-de-vacances","9":"first","10":"instock","11":"taxable","12":"shipping-taxable","13":"purchasable","14":"product-type-simple"},"acf":{"autor":"VOX EDITORIAL","codart":"849974320","libros-coleccion":"Vox - Infantil \/ Juvenil - Catal\u00e0 - A Pa","ediciones":"1","encuadernacion":"R\u00fastica","fecha_de_publicacion":"01\/05\/2019","novedad":"1","paginas":"0","subtitulo":"QUADERN D'ACTIVITATS","orden":"0","portada":"0","idioma":"cat","editorial":[{"ID":6393,"post_author":"3","post_date":"2022-07-28 17:51:11","post_date_gmt":"2022-07-28 15:51:11","post_content":"","post_title":"VOX","post_excerpt":"","post_status":"publish","comment_status":"closed","ping_status":"closed","post_password":"","post_name":"vox","to_ping":"","pinged":"","post_modified":"2022-07-28 17:51:11","post_modified_gmt":"2022-07-28 15:51:11","post_content_filtered":"","post_parent":0,"guid":"http:\/\/dev.claret.cat\/editorial\/vox\/","menu_order":0,"post_type":"editorial","post_mime_type":"","comment_count":"0","filter":"raw"}],"autores-libros":[{"ID":6084,"post_author":"3","post_date":"2022-07-28 17:37:48","post_date_gmt":"2022-07-28 15:37:48","post_content":"","post_title":"VOX EDITORIAL","post_excerpt":"","post_status":"publish","comment_status":"closed","ping_status":"closed","post_password":"","post_name":"vox-editorial","to_ping":"","pinged":"","post_modified":"2022-07-28 17:37:48","post_modified_gmt":"2022-07-28 15:37:48","post_content_filtered":"","post_parent":0,"guid":"http:\/\/dev.claret.cat\/autor\/vox-editorial\/","menu_order":0,"post_type":"autor","post_mime_type":"","comment_count":"0","filter":"raw"}]},"aioseo_notices":[],"_links":{"self":[{"href":"https:\/\/www.claret.cat\/es\/wp-json\/wp\/v2\/product\/433413","targetHints":{"allow":["GET"]}}],"collection":[{"href":"https:\/\/www.claret.cat\/es\/wp-json\/wp\/v2\/product"}],"about":[{"href":"https:\/\/www.claret.cat\/es\/wp-json\/wp\/v2\/types\/product"}],"wp:featuredmedia":[{"embeddable":true,"href":"https:\/\/www.claret.cat\/es\/wp-json\/wp\/v2\/media\/433414"}],"wp:attachment":[{"href":"https:\/\/www.claret.cat\/es\/wp-json\/wp\/v2\/media?parent=433413"}],"wp:term":[{"taxonomy":"product_brand","embeddable":true,"href":"https:\/\/www.claret.cat\/es\/wp-json\/wp\/v2\/product_brand?post=433413"},{"taxonomy":"product_cat","embeddable":true,"href":"https:\/\/www.claret.cat\/es\/wp-json\/wp\/v2\/product_cat?post=433413"},{"taxonomy":"product_tag","embeddable":true,"href":"https:\/\/www.claret.cat\/es\/wp-json\/wp\/v2\/product_tag?post=433413"}],"curies":[{"name":"wp","href":"https:\/\/api.w.org\/{rel}","templated":true}]}}