{"id":433493,"date":"2023-05-18T18:23:08","date_gmt":"2023-05-18T16:23:08","guid":{"rendered":"https:\/\/www.claret.cat\/llibre\/quin-cap-9788499757117\/"},"modified":"2023-05-18T18:23:15","modified_gmt":"2023-05-18T16:23:15","slug":"quin-cap-9788499757117","status":"publish","type":"product","link":"https:\/\/www.claret.cat\/es\/libro\/quin-cap-9788499757117\/","title":{"rendered":"QUIN CAP!"},"content":{"rendered":"<p>A la Gran Granja de Can Capell, cada animal t\u00e9 el seu barret, i amb ell se saluden i es mostren afecte. Un dia, el pollet Quico descobreix que a l&#8221;\u00e0via li han robat la barretina. Les sospites cauen sobre l&#8221;Amanda, l&#8221;estru\u00e7. Aviat tots, gossos, gats, vaques, ovelles, porcs i fins i tot aneguets es dediquen a resoldre el misteri. Al final, per\u00f2, ser\u00e0 el Quico, tot recordant l&#8221;estima de l&#8221;\u00e0via, l&#8221;encarregat de tornar la pau a la Granja. I, ja posats, palesar\u00e0 que no hi ha mem\u00f2ria com la de l&#8221;amor. Un emotiu relat en vers per fer que nens i nenes coneguin la manera de conviure amb la gent gran. Un preci\u00f3s poema il\u00b7lustrat sobre l&#8221;Alzheimer.<\/p>\n","protected":false},"excerpt":{"rendered":"<p>RUIZ GARZ\u00d3N, RICARD<\/p>\n","protected":false},"featured_media":433494,"template":"","meta":{"_acf_changed":false,"om_disable_all_campaigns":false,"rs_blank_template":"","rs_page_bg_color":"","slide_template_v7":"","inline_featured_image":false,"_monsterinsights_skip_tracking":false,"_monsterinsights_sitenote_active":false,"_monsterinsights_sitenote_note":"","_monsterinsights_sitenote_category":0},"product_brand":[],"product_cat":[86,352],"product_tag":[],"class_list":{"0":"post-433493","1":"product","2":"type-product","3":"status-publish","4":"has-post-thumbnail","6":"product_cat-infantil","7":"product_cat-infantil-3_infantil-juvenil-spa","9":"first","10":"instock","11":"taxable","12":"shipping-taxable","13":"purchasable","14":"product-type-simple"},"acf":{"autor":"RUIZ GARZ\u00d3N, RICARD","codart":"849975711","libros-coleccion":"","ediciones":"1","encuadernacion":"R\u00fastica","fecha_de_publicacion":"09\/02\/2016","novedad":"0","paginas":"60","subtitulo":"","orden":"999","portada":"0","idioma":"cat","editorial":[{"ID":6322,"post_author":"3","post_date":"2022-07-28 17:49:42","post_date_gmt":"2022-07-28 15:49:42","post_content":"","post_title":"PAG\u00c8S EDITORS","post_excerpt":"","post_status":"publish","comment_status":"closed","ping_status":"closed","post_password":"","post_name":"pages-editors","to_ping":"","pinged":"","post_modified":"2022-07-28 17:49:42","post_modified_gmt":"2022-07-28 15:49:42","post_content_filtered":"","post_parent":0,"guid":"http:\/\/dev.claret.cat\/editorial\/pages-editors\/","menu_order":0,"post_type":"editorial","post_mime_type":"","comment_count":"0","filter":"raw"}],"autores-libros":[{"ID":168032,"post_author":"3","post_date":"2022-10-14 18:15:58","post_date_gmt":"2022-10-14 16:15:58","post_content":"","post_title":"RICARD RUIZ GARZON","post_excerpt":"","post_status":"publish","comment_status":"closed","ping_status":"closed","post_password":"","post_name":"ricard-ruiz-garzon","to_ping":"","pinged":"","post_modified":"2022-10-14 18:15:58","post_modified_gmt":"2022-10-14 16:15:58","post_content_filtered":"","post_parent":0,"guid":"http:\/\/dev.claret.cat\/autor\/ricard-ruiz-garzon\/","menu_order":0,"post_type":"autor","post_mime_type":"","comment_count":"0","filter":"raw"}]},"aioseo_notices":[],"_links":{"self":[{"href":"https:\/\/www.claret.cat\/es\/wp-json\/wp\/v2\/product\/433493","targetHints":{"allow":["GET"]}}],"collection":[{"href":"https:\/\/www.claret.cat\/es\/wp-json\/wp\/v2\/product"}],"about":[{"href":"https:\/\/www.claret.cat\/es\/wp-json\/wp\/v2\/types\/product"}],"wp:featuredmedia":[{"embeddable":true,"href":"https:\/\/www.claret.cat\/es\/wp-json\/wp\/v2\/media\/433494"}],"wp:attachment":[{"href":"https:\/\/www.claret.cat\/es\/wp-json\/wp\/v2\/media?parent=433493"}],"wp:term":[{"taxonomy":"product_brand","embeddable":true,"href":"https:\/\/www.claret.cat\/es\/wp-json\/wp\/v2\/product_brand?post=433493"},{"taxonomy":"product_cat","embeddable":true,"href":"https:\/\/www.claret.cat\/es\/wp-json\/wp\/v2\/product_cat?post=433493"},{"taxonomy":"product_tag","embeddable":true,"href":"https:\/\/www.claret.cat\/es\/wp-json\/wp\/v2\/product_tag?post=433493"}],"curies":[{"name":"wp","href":"https:\/\/api.w.org\/{rel}","templated":true}]}}