{"id":433538,"date":"2023-05-18T18:25:51","date_gmt":"2023-05-18T16:25:51","guid":{"rendered":"https:\/\/www.claret.cat\/llibre\/petita-historia-de-gaudi-9788499790381\/"},"modified":"2026-04-01T22:49:07","modified_gmt":"2026-04-01T20:49:07","slug":"petita-historia-de-gaudi-9788499790381","status":"publish","type":"product","link":"https:\/\/www.claret.cat\/es\/libro\/petita-historia-de-gaudi-9788499790381\/","title":{"rendered":"PETITA HIST\u00d2RIA DE GAUD\u00cd"},"content":{"rendered":"<p>Aquesta petita hist\u00f2ria, il\u00b7lustrada per Pilar\u00edn Bay\u00e9s, explica als m\u00e9s petits els trets m\u00e9s destacats de la vida de l&#8217;arquitecte Antoni Gaud\u00ed i els edificis m\u00e9s importants que va construir, sobretot a la ciutat de Barcelona per\u00f2 tamb\u00e9 fora: la Sagrada Fam\u00edlia, la Casa Mil\u00e0 o Pedrera, la Casa Batll\u00f3, el Capricho de Gaud\u00ed, el Palau G\u00fcell, el Park G\u00fcell&#8230;<\/p>\n","protected":false},"excerpt":{"rendered":"<p>DURAN I RIU, FINA<\/p>\n","protected":false},"featured_media":1094270,"template":"","meta":{"_acf_changed":false,"om_disable_all_campaigns":false,"rs_blank_template":"","rs_page_bg_color":"","slide_template_v7":"","inline_featured_image":false,"_monsterinsights_skip_tracking":false,"_monsterinsights_sitenote_active":false,"_monsterinsights_sitenote_note":"","_monsterinsights_sitenote_category":0},"product_brand":[],"product_cat":[86,352],"product_tag":[],"class_list":{"0":"post-433538","1":"product","2":"type-product","3":"status-publish","4":"has-post-thumbnail","6":"product_cat-infantil","7":"product_cat-infantil-3_infantil-juvenil-spa","9":"first","10":"instock","11":"taxable","12":"shipping-taxable","13":"purchasable","14":"product-type-simple"},"acf":{"autor":"DURAN I RIU, FINA","codart":"849979038","libros-coleccion":"Petites hist\u00f2ries","ediciones":"1","encuadernacion":"R\u00fastica","fecha_de_publicacion":"01\/04\/2011","novedad":"1","paginas":"35","subtitulo":"","orden":"0","portada":"0","idioma":"cat","editorial":[{"ID":8235,"post_author":"3","post_date":"2022-09-30 09:21:22","post_date_gmt":"2022-09-30 07:21:22","post_content":"","post_title":"EDITORIAL MEDITERRANIA","post_excerpt":"","post_status":"publish","comment_status":"closed","ping_status":"closed","post_password":"","post_name":"editorial-mediterrania","to_ping":"","pinged":"","post_modified":"2022-09-30 09:21:22","post_modified_gmt":"2022-09-30 07:21:22","post_content_filtered":"","post_parent":0,"guid":"http:\/\/dev.claret.cat\/editorial\/editorial-mediterrania\/","menu_order":0,"post_type":"editorial","post_mime_type":"","comment_count":"0","filter":"raw"}],"autores-libros":[{"ID":422630,"post_author":"3","post_date":"2023-05-16 07:22:48","post_date_gmt":"2023-05-16 05:22:48","post_content":"","post_title":"FINA DURAN I RIU","post_excerpt":"","post_status":"publish","comment_status":"closed","ping_status":"closed","post_password":"","post_name":"fina-duran-i-riu","to_ping":"","pinged":"","post_modified":"2023-05-16 07:22:48","post_modified_gmt":"2023-05-16 05:22:48","post_content_filtered":"","post_parent":0,"guid":"https:\/\/www.claret.cat\/autor\/fina-duran-i-riu\/","menu_order":0,"post_type":"autor","post_mime_type":"","comment_count":"0","filter":"raw"}],"booktrailer":"","resenas":""},"aioseo_notices":[],"_links":{"self":[{"href":"https:\/\/www.claret.cat\/es\/wp-json\/wp\/v2\/product\/433538","targetHints":{"allow":["GET"]}}],"collection":[{"href":"https:\/\/www.claret.cat\/es\/wp-json\/wp\/v2\/product"}],"about":[{"href":"https:\/\/www.claret.cat\/es\/wp-json\/wp\/v2\/types\/product"}],"wp:featuredmedia":[{"embeddable":true,"href":"https:\/\/www.claret.cat\/es\/wp-json\/wp\/v2\/media\/1094270"}],"wp:attachment":[{"href":"https:\/\/www.claret.cat\/es\/wp-json\/wp\/v2\/media?parent=433538"}],"wp:term":[{"taxonomy":"product_brand","embeddable":true,"href":"https:\/\/www.claret.cat\/es\/wp-json\/wp\/v2\/product_brand?post=433538"},{"taxonomy":"product_cat","embeddable":true,"href":"https:\/\/www.claret.cat\/es\/wp-json\/wp\/v2\/product_cat?post=433538"},{"taxonomy":"product_tag","embeddable":true,"href":"https:\/\/www.claret.cat\/es\/wp-json\/wp\/v2\/product_tag?post=433538"}],"curies":[{"name":"wp","href":"https:\/\/api.w.org\/{rel}","templated":true}]}}