{"id":433555,"date":"2023-05-18T18:27:00","date_gmt":"2023-05-18T16:27:00","guid":{"rendered":"https:\/\/www.claret.cat\/llibre\/petita-historia-de-barcelona-9788499791562\/"},"modified":"2026-02-26T18:02:03","modified_gmt":"2026-02-26T17:02:03","slug":"petita-historia-de-barcelona-9788499791562","status":"publish","type":"product","link":"https:\/\/www.claret.cat\/es\/libro\/petita-historia-de-barcelona-9788499791562\/","title":{"rendered":"PETITA HIST\u00d2RIA DE BARCELONA"},"content":{"rendered":"<p>Conte infantil que il\u00b7lustra sobre la hist\u00f2ria de la ciutat de Barcelona i els seus barris i punts de refer\u00e8ncia m\u00e9s emblem\u00e0tics.<\/p>\n","protected":false},"excerpt":{"rendered":"<p>PIQUER, EVA<\/p>\n","protected":false},"featured_media":1072347,"template":"","meta":{"_acf_changed":false,"om_disable_all_campaigns":false,"rs_blank_template":"","rs_page_bg_color":"","slide_template_v7":"","inline_featured_image":false,"_monsterinsights_skip_tracking":false,"_monsterinsights_sitenote_active":false,"_monsterinsights_sitenote_note":"","_monsterinsights_sitenote_category":0},"product_brand":[],"product_cat":[352,86],"product_tag":[],"class_list":{"0":"post-433555","1":"product","2":"type-product","3":"status-publish","4":"has-post-thumbnail","6":"product_cat-infantil-3_infantil-juvenil-spa","7":"product_cat-infantil","9":"first","10":"instock","11":"taxable","12":"shipping-taxable","13":"purchasable","14":"product-type-simple"},"acf":{"autor":"PIQUER, EVA","codart":"849979156","libros-coleccion":"Petites hist\u00f2ries","ediciones":"1","encuadernacion":"R\u00fastica","fecha_de_publicacion":"01\/09\/2012","novedad":"0","paginas":"0","subtitulo":"","orden":"999","portada":"0","idioma":"cat","editorial":[{"ID":148004,"post_author":"3","post_date":"2022-10-14 11:54:53","post_date_gmt":"2022-10-14 09:54:53","post_content":"","post_title":"Editorial Mediterr\u00e0nia, SL","post_excerpt":"","post_status":"publish","comment_status":"closed","ping_status":"closed","post_password":"","post_name":"editorial-mediterrania-sl","to_ping":"","pinged":"","post_modified":"2022-10-14 11:54:53","post_modified_gmt":"2022-10-14 09:54:53","post_content_filtered":"","post_parent":0,"guid":"http:\/\/dev.claret.cat\/editorial\/editorial-mediterrania-sl\/","menu_order":0,"post_type":"editorial","post_mime_type":"","comment_count":"0","filter":"raw"}],"autores-libros":[{"ID":155539,"post_author":"3","post_date":"2022-10-14 15:13:38","post_date_gmt":"2022-10-14 13:13:38","post_content":"","post_title":"EVA PIQUER","post_excerpt":"","post_status":"publish","comment_status":"closed","ping_status":"closed","post_password":"","post_name":"eva-piquer","to_ping":"","pinged":"","post_modified":"2022-10-14 15:13:38","post_modified_gmt":"2022-10-14 13:13:38","post_content_filtered":"","post_parent":0,"guid":"http:\/\/dev.claret.cat\/autor\/eva-piquer\/","menu_order":0,"post_type":"autor","post_mime_type":"","comment_count":"0","filter":"raw"}],"booktrailer":"","resenas":""},"aioseo_notices":[],"_links":{"self":[{"href":"https:\/\/www.claret.cat\/es\/wp-json\/wp\/v2\/product\/433555","targetHints":{"allow":["GET"]}}],"collection":[{"href":"https:\/\/www.claret.cat\/es\/wp-json\/wp\/v2\/product"}],"about":[{"href":"https:\/\/www.claret.cat\/es\/wp-json\/wp\/v2\/types\/product"}],"wp:featuredmedia":[{"embeddable":true,"href":"https:\/\/www.claret.cat\/es\/wp-json\/wp\/v2\/media\/1072347"}],"wp:attachment":[{"href":"https:\/\/www.claret.cat\/es\/wp-json\/wp\/v2\/media?parent=433555"}],"wp:term":[{"taxonomy":"product_brand","embeddable":true,"href":"https:\/\/www.claret.cat\/es\/wp-json\/wp\/v2\/product_brand?post=433555"},{"taxonomy":"product_cat","embeddable":true,"href":"https:\/\/www.claret.cat\/es\/wp-json\/wp\/v2\/product_cat?post=433555"},{"taxonomy":"product_tag","embeddable":true,"href":"https:\/\/www.claret.cat\/es\/wp-json\/wp\/v2\/product_tag?post=433555"}],"curies":[{"name":"wp","href":"https:\/\/api.w.org\/{rel}","templated":true}]}}