{"id":433580,"date":"2023-05-18T18:28:56","date_gmt":"2023-05-18T16:28:56","guid":{"rendered":"https:\/\/www.claret.cat\/llibre\/petita-historia-de-lhospitalitat-de-lourdes-9788499794426\/"},"modified":"2025-01-16T17:55:12","modified_gmt":"2025-01-16T16:55:12","slug":"petita-historia-de-lhospitalitat-de-lourdes-9788499794426","status":"publish","type":"product","link":"https:\/\/www.claret.cat\/es\/libro\/petita-historia-de-lhospitalitat-de-lourdes-9788499794426\/","title":{"rendered":"PETITA HIST\u00d2RIA DE L&#8217;HOSPITALITAT DE LOURDES"},"content":{"rendered":"<p>Us presentem la Petita hist\u00f2ria de l&#8221;Hospitalitat de Lourdes. En aquest llibre, a trav\u00e9s de la hist\u00f2ria d&#8221;en Mart\u00ed, un noi malalt que es disposa a visitar el santuari de Lourdes per primera vegada, i de la Laura, una volunt\u00e0ria, ens endinsem en el concepte d&#8221;hospitalitat com a valor i en la hist\u00f2ria d&#8221;aquesta organitzaci\u00f3, i veiem com un pelegrinatge a Lourdes es pot convertir en una experi\u00e8ncia transformadora.<\/p>\n<p> La col\u00b7lecci\u00f3 Petites hist\u00f2ries compta amb gaireb\u00e9 300 t\u00edtols diferents, tots ells il\u00b7lustrats per Pilar\u00edn Bay\u00e9s. Gr\u00e0cies a aquesta col\u00b7lecci\u00f3, els nens i nenes de diverses generacions han pogut con\u00e8ixer els artistes, tradicions i indrets m\u00e9s destacats de la nostra cultura, de manera divertida i amena.<\/p>\n","protected":false},"excerpt":{"rendered":"<p>MARGARIT, MERITXELL<\/p>\n","protected":false},"featured_media":433581,"template":"","meta":{"_acf_changed":false,"om_disable_all_campaigns":false,"rs_blank_template":"","rs_page_bg_color":"","slide_template_v7":"","inline_featured_image":false,"_monsterinsights_skip_tracking":false,"_monsterinsights_sitenote_active":false,"_monsterinsights_sitenote_note":"","_monsterinsights_sitenote_category":0},"product_brand":[],"product_cat":[86,352],"product_tag":[],"class_list":{"0":"post-433580","1":"product","2":"type-product","3":"status-publish","4":"has-post-thumbnail","6":"product_cat-infantil","7":"product_cat-infantil-3_infantil-juvenil-spa","9":"first","10":"instock","11":"taxable","12":"shipping-taxable","13":"purchasable","14":"product-type-simple"},"acf":{"autor":"MARGARIT, MERITXELL","codart":"849979442","libros-coleccion":"","ediciones":"1","encuadernacion":"R\u00fastica","fecha_de_publicacion":"01\/03\/2016","novedad":"0","paginas":"12","subtitulo":"","orden":"999","portada":"0","idioma":"spa","editorial":[{"ID":8235,"post_author":"3","post_date":"2022-09-30 09:21:22","post_date_gmt":"2022-09-30 07:21:22","post_content":"","post_title":"EDITORIAL MEDITERRANIA","post_excerpt":"","post_status":"publish","comment_status":"closed","ping_status":"closed","post_password":"","post_name":"editorial-mediterrania","to_ping":"","pinged":"","post_modified":"2022-09-30 09:21:22","post_modified_gmt":"2022-09-30 07:21:22","post_content_filtered":"","post_parent":0,"guid":"http:\/\/dev.claret.cat\/editorial\/editorial-mediterrania\/","menu_order":0,"post_type":"editorial","post_mime_type":"","comment_count":"0","filter":"raw"}],"autores-libros":[{"ID":164752,"post_author":"3","post_date":"2022-10-14 17:49:36","post_date_gmt":"2022-10-14 15:49:36","post_content":"","post_title":"MERITXELL MARGARIT","post_excerpt":"","post_status":"publish","comment_status":"closed","ping_status":"closed","post_password":"","post_name":"meritxell-margarit","to_ping":"","pinged":"","post_modified":"2022-10-14 17:49:36","post_modified_gmt":"2022-10-14 15:49:36","post_content_filtered":"","post_parent":0,"guid":"http:\/\/dev.claret.cat\/autor\/meritxell-margarit\/","menu_order":0,"post_type":"autor","post_mime_type":"","comment_count":"0","filter":"raw"}]},"aioseo_notices":[],"_links":{"self":[{"href":"https:\/\/www.claret.cat\/es\/wp-json\/wp\/v2\/product\/433580","targetHints":{"allow":["GET"]}}],"collection":[{"href":"https:\/\/www.claret.cat\/es\/wp-json\/wp\/v2\/product"}],"about":[{"href":"https:\/\/www.claret.cat\/es\/wp-json\/wp\/v2\/types\/product"}],"wp:featuredmedia":[{"embeddable":true,"href":"https:\/\/www.claret.cat\/es\/wp-json\/wp\/v2\/media\/433581"}],"wp:attachment":[{"href":"https:\/\/www.claret.cat\/es\/wp-json\/wp\/v2\/media?parent=433580"}],"wp:term":[{"taxonomy":"product_brand","embeddable":true,"href":"https:\/\/www.claret.cat\/es\/wp-json\/wp\/v2\/product_brand?post=433580"},{"taxonomy":"product_cat","embeddable":true,"href":"https:\/\/www.claret.cat\/es\/wp-json\/wp\/v2\/product_cat?post=433580"},{"taxonomy":"product_tag","embeddable":true,"href":"https:\/\/www.claret.cat\/es\/wp-json\/wp\/v2\/product_tag?post=433580"}],"curies":[{"name":"wp","href":"https:\/\/api.w.org\/{rel}","templated":true}]}}