{"id":433630,"date":"2023-05-18T18:32:11","date_gmt":"2023-05-18T16:32:11","guid":{"rendered":"https:\/\/www.claret.cat\/llibre\/la-nova-realitat-9788499882307\/"},"modified":"2023-05-18T18:32:17","modified_gmt":"2023-05-18T16:32:17","slug":"la-nova-realitat-9788499882307","status":"publish","type":"product","link":"https:\/\/www.claret.cat\/es\/libro\/la-nova-realitat-9788499882307\/","title":{"rendered":"LA NOVA REALITAT"},"content":{"rendered":"<p>Les crisis del m\u00f3n actual reflecteixen una transformaci\u00f3 profunda de la consci\u00e8ncia<\/p>\n<p>i de la realitat. S&#8217;est\u00e0 esfondrant un m\u00f3n obsolet que anteposa el diner a les persones<\/p>\n<p>i les abstraccions a la vida. No obstant aix\u00f2, tamb\u00e9 est\u00e0 naixent, ocultament, una nova realitat. En els \u00faltims cent anys la f\u00edsica qu\u00e0ntica i altres \u00e0rees del saber ens han estat mostrant que el m\u00f3n no \u00e9s com pens\u00e0vem. No est\u00e0 fet d&#8217;objectes sin\u00f3 de relacions. S&#8217;ent\u00e9n millor amb el llenguatge de la imaginaci\u00f3, de la creativitat<\/p>\n<p>i del cor que no pas amb el de les lleis, de les f\u00f3rmules i dels conceptes.<\/p>\n<p>Avui dia vivim a cavall de dos mons, de dues realitats. L&#8217;autor analitza les contradiccions de l&#8217;economia contempor\u00e0nia com un cas cl\u00ednic de tot el que no funciona en el vell paradigma, en la vella realitat, i ens condueix a la nova realitat<\/p>\n<p>fascinadora que ara mateix ens revela la f\u00edsica i la neuroci\u00e8ncia. Una nova realitat que<\/p>\n<p>no \u00e9s altra que la que ja van entreveure els savis de moltes cultures i \u00e8poques, i que avui dia ens guia vers una societat m\u00e9s justa i una vida m\u00e9s plena.<\/p>\n","protected":false},"excerpt":{"rendered":"<p>PIGEM, JORDI<\/p>\n","protected":false},"featured_media":433631,"template":"","meta":{"_acf_changed":false,"om_disable_all_campaigns":false,"rs_blank_template":"","rs_page_bg_color":"","slide_template_v7":"","inline_featured_image":false,"_monsterinsights_skip_tracking":false,"_monsterinsights_sitenote_active":false,"_monsterinsights_sitenote_note":"","_monsterinsights_sitenote_category":0},"product_brand":[],"product_cat":[90,540],"product_tag":[],"class_list":{"0":"post-433630","1":"product","2":"type-product","3":"status-publish","4":"has-post-thumbnail","6":"product_cat-altres","7":"product_cat-otros","9":"first","10":"instock","11":"taxable","12":"shipping-taxable","13":"purchasable","14":"product-type-simple"},"acf":{"autor":"PIGEM, JORDI","codart":"849988230","libros-coleccion":"","ediciones":"1","encuadernacion":"R\u00fastica","fecha_de_publicacion":"28\/02\/2013","novedad":"0","paginas":"224","subtitulo":"DE L'ECONOMICISME A LA CONSCI\u00c8NCIA QU\u00c1NTICA","orden":"999","portada":"0","idioma":"cat","editorial":[{"ID":262209,"post_author":"3","post_date":"2022-10-24 11:21:22","post_date_gmt":"2022-10-24 09:21:22","post_content":"","post_title":"KAIROS, S.A.","post_excerpt":"","post_status":"publish","comment_status":"closed","ping_status":"closed","post_password":"","post_name":"kairos-s-a","to_ping":"","pinged":"","post_modified":"2022-10-24 11:21:22","post_modified_gmt":"2022-10-24 09:21:22","post_content_filtered":"","post_parent":0,"guid":"http:\/\/dev.claret.cat\/editorial\/kairos-s-a\/","menu_order":0,"post_type":"editorial","post_mime_type":"","comment_count":"0","filter":"raw"}],"autores-libros":[{"ID":159976,"post_author":"3","post_date":"2022-10-14 15:49:17","post_date_gmt":"2022-10-14 13:49:17","post_content":"","post_title":"JORDI PIGEM","post_excerpt":"","post_status":"publish","comment_status":"closed","ping_status":"closed","post_password":"","post_name":"jordi-pigem","to_ping":"","pinged":"","post_modified":"2022-10-14 15:49:17","post_modified_gmt":"2022-10-14 13:49:17","post_content_filtered":"","post_parent":0,"guid":"http:\/\/dev.claret.cat\/autor\/jordi-pigem\/","menu_order":0,"post_type":"autor","post_mime_type":"","comment_count":"0","filter":"raw"}]},"aioseo_notices":[],"_links":{"self":[{"href":"https:\/\/www.claret.cat\/es\/wp-json\/wp\/v2\/product\/433630","targetHints":{"allow":["GET"]}}],"collection":[{"href":"https:\/\/www.claret.cat\/es\/wp-json\/wp\/v2\/product"}],"about":[{"href":"https:\/\/www.claret.cat\/es\/wp-json\/wp\/v2\/types\/product"}],"wp:featuredmedia":[{"embeddable":true,"href":"https:\/\/www.claret.cat\/es\/wp-json\/wp\/v2\/media\/433631"}],"wp:attachment":[{"href":"https:\/\/www.claret.cat\/es\/wp-json\/wp\/v2\/media?parent=433630"}],"wp:term":[{"taxonomy":"product_brand","embeddable":true,"href":"https:\/\/www.claret.cat\/es\/wp-json\/wp\/v2\/product_brand?post=433630"},{"taxonomy":"product_cat","embeddable":true,"href":"https:\/\/www.claret.cat\/es\/wp-json\/wp\/v2\/product_cat?post=433630"},{"taxonomy":"product_tag","embeddable":true,"href":"https:\/\/www.claret.cat\/es\/wp-json\/wp\/v2\/product_tag?post=433630"}],"curies":[{"name":"wp","href":"https:\/\/api.w.org\/{rel}","templated":true}]}}