{"id":433652,"date":"2023-05-18T18:33:44","date_gmt":"2023-05-18T16:33:44","guid":{"rendered":"https:\/\/www.claret.cat\/llibre\/meditar-9788499883113\/"},"modified":"2023-05-18T18:33:48","modified_gmt":"2023-05-18T16:33:48","slug":"meditar-9788499883113","status":"publish","type":"product","link":"https:\/\/www.claret.cat\/es\/libro\/meditar-9788499883113\/","title":{"rendered":"MEDITAR"},"content":{"rendered":"<p>En esta obra, Vicente Merlo analiza distintos aspectos tanto de la tradici\u00f3n budista como de la hind\u00fa, tomando como hilo conductor la pr\u00e1ctica de la meditaci\u00f3n. <br \/> Cada cap\u00edtulo termina con una meditaci\u00f3n, y el libro contiene un CD con diez meditaciones guiadas por el propio autor. Elcar\u00e1cter pr\u00e1ctico del texto procede de los cursos impartidos por el autor.<br \/> Pero el libro es mucho m\u00e1s que un exhaustivo libro sobre meditaci\u00f3n. En los cinco cap\u00edtulos dedicados al hinduismo (tradici\u00f3n sobre la que Merlo ha escrito abundantemente) se revisan de manera concisa algunos de los momentos principales de la historia del  hinduismo. En los once cap\u00edtulos centrados en el budismo asistimos a un desarrollo detallado, original y novedoso de algunas de las principales escuelas y textos de esta rica tradici\u00f3n.<br \/> En el ep\u00edlogo leemos una sugerente reflexi\u00f3n sobre la doctrina budista que niega la existencia del &#8216;yo&#8217;.<\/p>\n","protected":false},"excerpt":{"rendered":"<p>MERLO LILLO, VICENTE<\/p>\n","protected":false},"featured_media":0,"template":"","meta":{"_acf_changed":false,"om_disable_all_campaigns":false,"rs_blank_template":"","rs_page_bg_color":"","slide_template_v7":"","inline_featured_image":false,"_monsterinsights_skip_tracking":false,"_monsterinsights_sitenote_active":false,"_monsterinsights_sitenote_note":"","_monsterinsights_sitenote_category":0},"product_brand":[],"product_cat":[90,540],"product_tag":[],"class_list":{"0":"post-433652","1":"product","2":"type-product","3":"status-publish","5":"product_cat-altres","6":"product_cat-otros","8":"first","9":"instock","10":"taxable","11":"shipping-taxable","12":"purchasable","13":"product-type-simple"},"acf":{"autor":"MERLO LILLO, VICENTE","codart":"849988311","libros-coleccion":"","ediciones":"1","encuadernacion":"R\u00fastica","fecha_de_publicacion":"01\/11\/2013","novedad":"0","paginas":"422","subtitulo":"EN EL HINDUISMO Y EL BUDISMO","orden":"999","portada":"0","idioma":"spa","editorial":[{"ID":262209,"post_author":"3","post_date":"2022-10-24 11:21:22","post_date_gmt":"2022-10-24 09:21:22","post_content":"","post_title":"KAIROS, S.A.","post_excerpt":"","post_status":"publish","comment_status":"closed","ping_status":"closed","post_password":"","post_name":"kairos-s-a","to_ping":"","pinged":"","post_modified":"2022-10-24 11:21:22","post_modified_gmt":"2022-10-24 09:21:22","post_content_filtered":"","post_parent":0,"guid":"http:\/\/dev.claret.cat\/editorial\/kairos-s-a\/","menu_order":0,"post_type":"editorial","post_mime_type":"","comment_count":"0","filter":"raw"}],"autores-libros":[{"ID":170966,"post_author":"3","post_date":"2022-10-14 22:39:36","post_date_gmt":"2022-10-14 20:39:36","post_content":"","post_title":"VICENTE MERLO LILLO","post_excerpt":"","post_status":"publish","comment_status":"closed","ping_status":"closed","post_password":"","post_name":"vicente-merlo-lillo","to_ping":"","pinged":"","post_modified":"2022-10-14 22:39:36","post_modified_gmt":"2022-10-14 20:39:36","post_content_filtered":"","post_parent":0,"guid":"http:\/\/dev.claret.cat\/autor\/vicente-merlo-lillo\/","menu_order":0,"post_type":"autor","post_mime_type":"","comment_count":"0","filter":"raw"}]},"aioseo_notices":[],"_links":{"self":[{"href":"https:\/\/www.claret.cat\/es\/wp-json\/wp\/v2\/product\/433652","targetHints":{"allow":["GET"]}}],"collection":[{"href":"https:\/\/www.claret.cat\/es\/wp-json\/wp\/v2\/product"}],"about":[{"href":"https:\/\/www.claret.cat\/es\/wp-json\/wp\/v2\/types\/product"}],"wp:attachment":[{"href":"https:\/\/www.claret.cat\/es\/wp-json\/wp\/v2\/media?parent=433652"}],"wp:term":[{"taxonomy":"product_brand","embeddable":true,"href":"https:\/\/www.claret.cat\/es\/wp-json\/wp\/v2\/product_brand?post=433652"},{"taxonomy":"product_cat","embeddable":true,"href":"https:\/\/www.claret.cat\/es\/wp-json\/wp\/v2\/product_cat?post=433652"},{"taxonomy":"product_tag","embeddable":true,"href":"https:\/\/www.claret.cat\/es\/wp-json\/wp\/v2\/product_tag?post=433652"}],"curies":[{"name":"wp","href":"https:\/\/api.w.org\/{rel}","templated":true}]}}