{"id":433680,"date":"2023-05-18T18:35:39","date_gmt":"2023-05-18T16:35:39","guid":{"rendered":"https:\/\/www.claret.cat\/llibre\/la-mano-de-fatima-9788499893747\/"},"modified":"2023-05-18T18:35:44","modified_gmt":"2023-05-18T16:35:44","slug":"la-mano-de-fatima-9788499893747","status":"publish","type":"product","link":"https:\/\/www.claret.cat\/es\/libro\/la-mano-de-fatima-9788499893747\/","title":{"rendered":"LA MANO DE FATIMA"},"content":{"rendered":"<p>En 1568, en los valles y montes de las Alpujarras, ha estallado el grito de la rebeli\u00f3n: hartos de injusticias, expolio y humillaciones, los moriscos se enfrentan a los cristianos e inician una desigual pugna que s\u00f3lo puede terminar con su derrota y dispersi\u00f3n por todo el reino de Castilla.<br \/>Entre los sublevados se encuentra el joven Hernando. Hijo de una morisca y el sacerdote que la viol\u00f3, es rechazado por los moriscos, debido a su origen, y por los cristianos, por la cultura y costumbres de su familia.<br \/>Durante la insurrecci\u00f3n conoce la brutalidad y crueldad de unos y otros, pero tambi\u00e9n encuentra el amor en la figura de la valerosa F\u00e1tima, la de los grandes ojos negros. A partir de la derrota, forzado a vivir en C\u00f3rdoba y en medio de las dificultades de la existencia cotidiana, todas sus fuerzas se concentrar\u00e1n en lograr que su cultura y religi\u00f3n, las de los vencidos, recuperen la dignidad y el papel que merecen. Para ello deber\u00e1 correr riesgos y atreverse a desafiar las leyes con audaces y peligrosas iniciativas.<\/p>\n","protected":false},"excerpt":{"rendered":"<p>FALCONES, ILDEFONSO<\/p>\n","protected":false},"featured_media":433681,"template":"","meta":{"_acf_changed":false,"om_disable_all_campaigns":false,"rs_blank_template":"","rs_page_bg_color":"","slide_template_v7":"","inline_featured_image":false,"_monsterinsights_skip_tracking":false,"_monsterinsights_sitenote_active":false,"_monsterinsights_sitenote_note":"","_monsterinsights_sitenote_category":0},"product_brand":[],"product_cat":[90,540],"product_tag":[],"class_list":{"0":"post-433680","1":"product","2":"type-product","3":"status-publish","4":"has-post-thumbnail","6":"product_cat-altres","7":"product_cat-otros","9":"first","10":"instock","11":"taxable","12":"shipping-taxable","13":"purchasable","14":"product-type-simple"},"acf":{"autor":"FALCONES, ILDEFONSO","codart":"849989374","libros-coleccion":"","ediciones":"1","encuadernacion":"R\u00fastica","fecha_de_publicacion":"12\/01\/2012","novedad":"0","paginas":"960","subtitulo":"","orden":"999","portada":"0","idioma":"spa","editorial":[{"ID":6178,"post_author":"3","post_date":"2022-07-28 17:46:34","post_date_gmt":"2022-07-28 15:46:34","post_content":"","post_title":"DEBOLSILLO","post_excerpt":"","post_status":"publish","comment_status":"closed","ping_status":"closed","post_password":"","post_name":"debolsillo","to_ping":"","pinged":"","post_modified":"2022-07-28 17:46:34","post_modified_gmt":"2022-07-28 15:46:34","post_content_filtered":"","post_parent":0,"guid":"http:\/\/dev.claret.cat\/editorial\/debolsillo\/","menu_order":0,"post_type":"editorial","post_mime_type":"","comment_count":"0","filter":"raw"}],"autores-libros":[{"ID":157840,"post_author":"3","post_date":"2022-10-14 15:32:03","post_date_gmt":"2022-10-14 13:32:03","post_content":"","post_title":"ILDEFONSO FALCONES","post_excerpt":"","post_status":"publish","comment_status":"closed","ping_status":"closed","post_password":"","post_name":"ildefonso-falcones","to_ping":"","pinged":"","post_modified":"2022-10-14 15:32:03","post_modified_gmt":"2022-10-14 13:32:03","post_content_filtered":"","post_parent":0,"guid":"http:\/\/dev.claret.cat\/autor\/ildefonso-falcones\/","menu_order":0,"post_type":"autor","post_mime_type":"","comment_count":"0","filter":"raw"}]},"aioseo_notices":[],"_links":{"self":[{"href":"https:\/\/www.claret.cat\/es\/wp-json\/wp\/v2\/product\/433680","targetHints":{"allow":["GET"]}}],"collection":[{"href":"https:\/\/www.claret.cat\/es\/wp-json\/wp\/v2\/product"}],"about":[{"href":"https:\/\/www.claret.cat\/es\/wp-json\/wp\/v2\/types\/product"}],"wp:featuredmedia":[{"embeddable":true,"href":"https:\/\/www.claret.cat\/es\/wp-json\/wp\/v2\/media\/433681"}],"wp:attachment":[{"href":"https:\/\/www.claret.cat\/es\/wp-json\/wp\/v2\/media?parent=433680"}],"wp:term":[{"taxonomy":"product_brand","embeddable":true,"href":"https:\/\/www.claret.cat\/es\/wp-json\/wp\/v2\/product_brand?post=433680"},{"taxonomy":"product_cat","embeddable":true,"href":"https:\/\/www.claret.cat\/es\/wp-json\/wp\/v2\/product_cat?post=433680"},{"taxonomy":"product_tag","embeddable":true,"href":"https:\/\/www.claret.cat\/es\/wp-json\/wp\/v2\/product_tag?post=433680"}],"curies":[{"name":"wp","href":"https:\/\/api.w.org\/{rel}","templated":true}]}}