{"id":433688,"date":"2023-05-18T18:36:14","date_gmt":"2023-05-18T16:36:14","guid":{"rendered":"https:\/\/www.claret.cat\/llibre\/la-caida-de-los-gigantes-the-century-1-9788499899800\/"},"modified":"2023-05-18T18:36:20","modified_gmt":"2023-05-18T16:36:20","slug":"la-caida-de-los-gigantes-the-century-1-9788499899800","status":"publish","type":"product","link":"https:\/\/www.claret.cat\/es\/libro\/la-caida-de-los-gigantes-the-century-1-9788499899800\/","title":{"rendered":"LA CA\u00cdDA DE LOS GIGANTES (THE CENTURY 1)"},"content":{"rendered":"<p>\u00abEsta es la historia de mis abuelos y de los vuestros, de nuestros padres y de nuestras propias vidas. De alguna forma es la historia de todos nosotros.\u00bb<br \/> KEN FOLLETT<\/p>\n<p> Tras el \u00e9xito de<br \/> Los pilares de la Tierra y Un mundo sin fin, Ken Follett presenta esta gran novela \u00e9pica que narra la historia de cinco familias durante los a\u00f1os turbulentos de la Primera Guerra Mundial, la Revoluci\u00f3n rusa y la lucha de hombres y mujeres por sus derechos.<\/p>\n<p> \u00abAlta pol\u00edtica y bajas pasiones (y viceversa) conforman un follet\u00edn de grandes dimensiones que confirma a Follett como relojero mayor del reino del &#8216;best seller&#8217; .\u00bb<\/p>\n<p> Qu\u00e9 Leer<\/p>\n<p> \u00abKen Follett no es un escritor, sino un fen\u00f3meno social.\u00bb <\/p>\n<p> El Cultural, El Mundo<\/p>\n","protected":false},"excerpt":{"rendered":"<p>FOLLETT,KEN<\/p>\n","protected":false},"featured_media":433689,"template":"","meta":{"_acf_changed":false,"om_disable_all_campaigns":false,"rs_blank_template":"","rs_page_bg_color":"","slide_template_v7":"","inline_featured_image":false,"_monsterinsights_skip_tracking":false,"_monsterinsights_sitenote_active":false,"_monsterinsights_sitenote_note":"","_monsterinsights_sitenote_category":0},"product_brand":[],"product_cat":[87,353],"product_tag":[],"class_list":{"0":"post-433688","1":"product","2":"type-product","3":"status-publish","4":"has-post-thumbnail","6":"product_cat-literatura","7":"product_cat-literatura-2_humanidades","9":"first","10":"instock","11":"taxable","12":"shipping-taxable","13":"purchasable","14":"product-type-simple"},"acf":{"autor":"FOLLETT,KEN","codart":"849989980","libros-coleccion":"","ediciones":"1","encuadernacion":"R\u00fastica","fecha_de_publicacion":"01\/03\/2013","novedad":"0","paginas":"1016","subtitulo":"EL SIGLO, 1","orden":"999","portada":"0","idioma":"spa","editorial":[{"ID":6178,"post_author":"3","post_date":"2022-07-28 17:46:34","post_date_gmt":"2022-07-28 15:46:34","post_content":"","post_title":"DEBOLSILLO","post_excerpt":"","post_status":"publish","comment_status":"closed","ping_status":"closed","post_password":"","post_name":"debolsillo","to_ping":"","pinged":"","post_modified":"2022-07-28 17:46:34","post_modified_gmt":"2022-07-28 15:46:34","post_content_filtered":"","post_parent":0,"guid":"http:\/\/dev.claret.cat\/editorial\/debolsillo\/","menu_order":0,"post_type":"editorial","post_mime_type":"","comment_count":"0","filter":"raw"}],"autores-libros":[{"ID":5703,"post_author":"3","post_date":"2022-07-28 17:29:40","post_date_gmt":"2022-07-28 15:29:40","post_content":"","post_title":"KEN FOLLETT","post_excerpt":"","post_status":"publish","comment_status":"closed","ping_status":"closed","post_password":"","post_name":"ken-follett","to_ping":"","pinged":"","post_modified":"2022-07-28 17:29:40","post_modified_gmt":"2022-07-28 15:29:40","post_content_filtered":"","post_parent":0,"guid":"http:\/\/dev.claret.cat\/autor\/ken-follett\/","menu_order":0,"post_type":"autor","post_mime_type":"","comment_count":"0","filter":"raw"}]},"aioseo_notices":[],"_links":{"self":[{"href":"https:\/\/www.claret.cat\/es\/wp-json\/wp\/v2\/product\/433688","targetHints":{"allow":["GET"]}}],"collection":[{"href":"https:\/\/www.claret.cat\/es\/wp-json\/wp\/v2\/product"}],"about":[{"href":"https:\/\/www.claret.cat\/es\/wp-json\/wp\/v2\/types\/product"}],"wp:featuredmedia":[{"embeddable":true,"href":"https:\/\/www.claret.cat\/es\/wp-json\/wp\/v2\/media\/433689"}],"wp:attachment":[{"href":"https:\/\/www.claret.cat\/es\/wp-json\/wp\/v2\/media?parent=433688"}],"wp:term":[{"taxonomy":"product_brand","embeddable":true,"href":"https:\/\/www.claret.cat\/es\/wp-json\/wp\/v2\/product_brand?post=433688"},{"taxonomy":"product_cat","embeddable":true,"href":"https:\/\/www.claret.cat\/es\/wp-json\/wp\/v2\/product_cat?post=433688"},{"taxonomy":"product_tag","embeddable":true,"href":"https:\/\/www.claret.cat\/es\/wp-json\/wp\/v2\/product_tag?post=433688"}],"curies":[{"name":"wp","href":"https:\/\/api.w.org\/{rel}","templated":true}]}}