{"id":43371,"date":"2022-10-02T21:29:42","date_gmt":"2022-10-02T19:29:42","guid":{"rendered":"http:\/\/dev.claret.cat\/producte\/en-ruta-por-europa-1\/"},"modified":"2023-10-06T10:42:44","modified_gmt":"2023-10-06T08:42:44","slug":"en-ruta-por-europa-1-9788408248507","status":"publish","type":"product","link":"https:\/\/www.claret.cat\/es\/libro\/en-ruta-por-europa-1-9788408248507\/","title":{"rendered":"EN RUTA POR EUROPA 1"},"content":{"rendered":"<p>Descubre la libertad de la carretera con los mejores viajes por Europa. Los autores de Lonely Planet han seleccionado 40 incre\u00edbles viajes por carretera a trav\u00e9s de Italia, Francia, Gran Breta\u00f1a, Irlanda, Espa\u00f1a, Portugal, Alemania, Suiza y Austria, abarcando desde escapadas de 3 d\u00edas hasta aventuras de 3 semanas, y los han completado con numerosos consejos de expertos viajeros y con sugerencias inspiradoras.<br \/> Tanto si se desea visitar megalitos misteriosos y cargados de mitolog\u00eda en Gran Breta\u00f1a como disfrutar de un buen vino en medio de un paisaje buc\u00f3lico italiano, en esta gu\u00eda encontrar\u00e1s el viaje deseado.<\/p>\n","protected":false},"excerpt":{"rendered":"<p>ALBISTON, ISABEL \/ BERRY, OLIVER \/ BUTLER, STUART \/ CARILLET, JEAN-BERNARD \/ DA<\/p>\n","protected":false},"featured_media":59223,"template":"","meta":{"_acf_changed":false,"om_disable_all_campaigns":false,"rs_blank_template":"","rs_page_bg_color":"","slide_template_v7":"","inline_featured_image":false,"_monsterinsights_skip_tracking":false,"_monsterinsights_sitenote_active":false,"_monsterinsights_sitenote_note":"","_monsterinsights_sitenote_category":0},"product_brand":[],"product_cat":[557],"product_tag":[],"class_list":{"0":"post-43371","1":"product","2":"type-product","3":"status-publish","4":"has-post-thumbnail","6":"product_cat-guias-de-viaje","8":"first","9":"instock","10":"taxable","11":"shipping-taxable","12":"purchasable","13":"product-type-simple"},"acf":{"autor":"ALBISTON, ISABEL \/ BERRY, OLIVER \/ BUTLER, STUART \/ CARILLET, JEAN-BERNARD \/ DA","codart":"840824850","libros-coleccion":"Gu\u00edas En ruta Lonely Planet","ediciones":"1","encuadernacion":"R\u00fastica","fecha_de_publicacion":"01\/02\/2022","novedad":"1","paginas":"608","subtitulo":"","orden":"0","portada":"0","idioma":"spa","editorial":[{"ID":6233,"post_author":"3","post_date":"2022-07-28 17:47:48","post_date_gmt":"2022-07-28 15:47:48","post_content":"","post_title":"EDITORIAL PLANETA","post_excerpt":"","post_status":"publish","comment_status":"closed","ping_status":"closed","post_password":"","post_name":"editorial-planeta","to_ping":"","pinged":"","post_modified":"2022-07-28 17:47:48","post_modified_gmt":"2022-07-28 15:47:48","post_content_filtered":"","post_parent":0,"guid":"http:\/\/dev.claret.cat\/editorial\/editorial-planeta\/","menu_order":0,"post_type":"editorial","post_mime_type":"","comment_count":"0","filter":"raw"}],"autores-libros":[{"ID":158875,"post_author":"3","post_date":"2022-10-14 15:40:18","post_date_gmt":"2022-10-14 13:40:18","post_content":"","post_title":"JEAN-BERNARD CARILLET","post_excerpt":"","post_status":"publish","comment_status":"closed","ping_status":"closed","post_password":"","post_name":"jean-bernard-carillet","to_ping":"","pinged":"","post_modified":"2022-10-14 15:40:18","post_modified_gmt":"2022-10-14 13:40:18","post_content_filtered":"","post_parent":0,"guid":"http:\/\/dev.claret.cat\/autor\/jean-bernard-carillet\/","menu_order":0,"post_type":"autor","post_mime_type":"","comment_count":"0","filter":"raw"},{"ID":166168,"post_author":"3","post_date":"2022-10-14 18:00:58","post_date_gmt":"2022-10-14 16:00:58","post_content":"","post_title":"OLIVER BERRY","post_excerpt":"","post_status":"publish","comment_status":"closed","ping_status":"closed","post_password":"","post_name":"oliver-berry","to_ping":"","pinged":"","post_modified":"2022-10-14 18:00:58","post_modified_gmt":"2022-10-14 16:00:58","post_content_filtered":"","post_parent":0,"guid":"http:\/\/dev.claret.cat\/autor\/oliver-berry\/","menu_order":0,"post_type":"autor","post_mime_type":"","comment_count":"0","filter":"raw"},{"ID":169882,"post_author":"3","post_date":"2022-10-14 22:30:47","post_date_gmt":"2022-10-14 20:30:47","post_content":"","post_title":"STUART BUTLER","post_excerpt":"","post_status":"publish","comment_status":"closed","ping_status":"closed","post_password":"","post_name":"stuart-butler","to_ping":"","pinged":"","post_modified":"2022-10-14 22:30:47","post_modified_gmt":"2022-10-14 20:30:47","post_content_filtered":"","post_parent":0,"guid":"http:\/\/dev.claret.cat\/autor\/stuart-butler\/","menu_order":0,"post_type":"autor","post_mime_type":"","comment_count":"0","filter":"raw"},{"ID":158045,"post_author":"3","post_date":"2022-10-14 15:33:43","post_date_gmt":"2022-10-14 13:33:43","post_content":"","post_title":"ISABEL ALBISTON","post_excerpt":"","post_status":"publish","comment_status":"closed","ping_status":"closed","post_password":"","post_name":"isabel-albiston","to_ping":"","pinged":"","post_modified":"2022-10-14 15:33:43","post_modified_gmt":"2022-10-14 13:33:43","post_content_filtered":"","post_parent":0,"guid":"http:\/\/dev.claret.cat\/autor\/isabel-albiston\/","menu_order":0,"post_type":"autor","post_mime_type":"","comment_count":"0","filter":"raw"},{"ID":153464,"post_author":"3","post_date":"2022-10-14 14:56:58","post_date_gmt":"2022-10-14 12:56:58","post_content":"","post_title":"DA","post_excerpt":"","post_status":"publish","comment_status":"closed","ping_status":"closed","post_password":"","post_name":"da","to_ping":"","pinged":"","post_modified":"2022-10-14 14:56:58","post_modified_gmt":"2022-10-14 12:56:58","post_content_filtered":"","post_parent":0,"guid":"http:\/\/dev.claret.cat\/autor\/da\/","menu_order":0,"post_type":"autor","post_mime_type":"","comment_count":"0","filter":"raw"}]},"aioseo_notices":[],"_links":{"self":[{"href":"https:\/\/www.claret.cat\/es\/wp-json\/wp\/v2\/product\/43371","targetHints":{"allow":["GET"]}}],"collection":[{"href":"https:\/\/www.claret.cat\/es\/wp-json\/wp\/v2\/product"}],"about":[{"href":"https:\/\/www.claret.cat\/es\/wp-json\/wp\/v2\/types\/product"}],"wp:featuredmedia":[{"embeddable":true,"href":"https:\/\/www.claret.cat\/es\/wp-json\/wp\/v2\/media\/59223"}],"wp:attachment":[{"href":"https:\/\/www.claret.cat\/es\/wp-json\/wp\/v2\/media?parent=43371"}],"wp:term":[{"taxonomy":"product_brand","embeddable":true,"href":"https:\/\/www.claret.cat\/es\/wp-json\/wp\/v2\/product_brand?post=43371"},{"taxonomy":"product_cat","embeddable":true,"href":"https:\/\/www.claret.cat\/es\/wp-json\/wp\/v2\/product_cat?post=43371"},{"taxonomy":"product_tag","embeddable":true,"href":"https:\/\/www.claret.cat\/es\/wp-json\/wp\/v2\/product_tag?post=43371"}],"curies":[{"name":"wp","href":"https:\/\/api.w.org\/{rel}","templated":true}]}}