{"id":433733,"date":"2023-05-18T18:38:57","date_gmt":"2023-05-18T16:38:57","guid":{"rendered":"https:\/\/www.claret.cat\/llibre\/besos-de-arena-9788499983264\/"},"modified":"2023-05-18T18:39:03","modified_gmt":"2023-05-18T16:39:03","slug":"besos-de-arena-9788499983264","status":"publish","type":"product","link":"https:\/\/www.claret.cat\/es\/libro\/besos-de-arena-9788499983264\/","title":{"rendered":"BESOS DE ARENA"},"content":{"rendered":"<p>Besos de arena, de Reyes Monforte, autora de otras obras como La infiel o Un burka por amor, es una emocionante novela sobre dos historias de pasi\u00f3n unidas por un mismo destino. Una nueva perspectiva sobre nuestra historia en relaci\u00f3n con Marruecos junto a un colorido cuadro de las tradiciones saharahuis, as\u00ed como una denuncia sobre algunas pr\u00e1cticas de esclavitud moderna. Besos de arena est\u00e1 basado en hechos reales, con protagonistas espa\u00f1oles y escenarios ex\u00f3ticos y coloniales. La autora colabora en distintos medios y es ya una escritora consolidada en la narrativa espa\u00f1ola.<\/p>\n<p>Laia es una joven saharaui que lleva a\u00f1os viviendo en Espa\u00f1a; una chica con un futuro esperanzador que sin embargo carga sobre sus hombros con el terrible peso de los recuerdos: aunque ni su familia ni su novio Julio lo saben, la infancia de Laia est\u00e1 repleta de torturas y amenazas a manos de su supuesta familia, entre las jaimas que conforman el campamento de Dajla, bajo el control del Frente Polisario. Y ahora, tanto tiempo despu\u00e9s, ese pasado ha vuelto para reclamarla. El viaje de su hermano Ahmed a Espa\u00f1a, decidido a obligarla a regresar a \u00c1frica, echa a rodar una cadena de acontecimientos que pondr\u00e1n patas arriba los planes de la pareja. Junto a ellos el padre de Julio, Carlos, tambi\u00e9n guarda para s\u00ed una historia de amor de otros tiempos, de antes de la Marcha Verde en la que Marruecos reclam\u00f3 la subordinaci\u00f3n del S\u00e1hara: el amor de su vida, Maima, desapareci\u00f3 con la entrada de los ej\u00e9rcitos marroqu\u00edes para la ocupaci\u00f3n del S\u00e1hara espa\u00f1ol en noviembre del 75. Un tiempo en el que Dajla no llevaba ese nombre, sino \u00abVilla Cisneros\u00bb. Cuando Laia desaparece arrastrada a tierras africanas por los fantasmas de su pasado, las dos historias de amor cobran a la fuerza un nuevo rumbo. Con el S\u00e1hara como escenario central, Reyes Monforte va desplegando una nueva perspectiva sobre acontecimientos no tan lejanos de nuestra historia y sobre los lazos que unen a Espa\u00f1a con el continente africano. Un colorido cuadro de las tradiciones saharauis, desde sus supersticiones hasta los ritos nupciales, y, como centro, la realidad de las hartanis: una especie de esclavitud moderna a la que todav\u00eda hoy se ven sometidas miles de j\u00f3venes mauritanas. Laia y Julio; Carlos y Maima. Envueltos en una trama apasionante, los cuatro protagonistas tendr\u00e1n que enfrentarse tanto al peso de la arena como al de los recuerdos.<\/p>\n","protected":false},"excerpt":{"rendered":"<p>MONFORTE, REYES<\/p>\n","protected":false},"featured_media":433734,"template":"","meta":{"_acf_changed":false,"om_disable_all_campaigns":false,"rs_blank_template":"","rs_page_bg_color":"","slide_template_v7":"","inline_featured_image":false,"_monsterinsights_skip_tracking":false,"_monsterinsights_sitenote_active":false,"_monsterinsights_sitenote_note":"","_monsterinsights_sitenote_category":0},"product_brand":[],"product_cat":[90,540],"product_tag":[],"class_list":{"0":"post-433733","1":"product","2":"type-product","3":"status-publish","4":"has-post-thumbnail","6":"product_cat-altres","7":"product_cat-otros","9":"first","10":"instock","11":"taxable","12":"shipping-taxable","13":"purchasable","14":"product-type-simple"},"acf":{"autor":"MONFORTE, REYES","codart":"849998326","libros-coleccion":"","ediciones":"1","encuadernacion":"R\u00fastica","fecha_de_publicacion":"03\/09\/2013","novedad":"0","paginas":"384","subtitulo":"DOS HISTORIAS DE AMOR, UN CRUCE DE DESTINOS, UN SECRETO INCONFESABLE","orden":"999","portada":"0","idioma":"spa","editorial":[{"ID":148863,"post_author":"3","post_date":"2022-10-14 12:01:34","post_date_gmt":"2022-10-14 10:01:34","post_content":"","post_title":"TEMAS DE HOY","post_excerpt":"","post_status":"publish","comment_status":"closed","ping_status":"closed","post_password":"","post_name":"temas-de-hoy","to_ping":"","pinged":"","post_modified":"2022-10-14 12:01:34","post_modified_gmt":"2022-10-14 10:01:34","post_content_filtered":"","post_parent":0,"guid":"http:\/\/dev.claret.cat\/editorial\/temas-de-hoy\/","menu_order":0,"post_type":"editorial","post_mime_type":"","comment_count":"0","filter":"raw"}],"autores-libros":[{"ID":5976,"post_author":"3","post_date":"2022-07-28 17:35:31","post_date_gmt":"2022-07-28 15:35:31","post_content":"","post_title":"REYES MONFORTE","post_excerpt":"","post_status":"publish","comment_status":"closed","ping_status":"closed","post_password":"","post_name":"reyes-monforte","to_ping":"","pinged":"","post_modified":"2022-07-28 17:35:31","post_modified_gmt":"2022-07-28 15:35:31","post_content_filtered":"","post_parent":0,"guid":"http:\/\/dev.claret.cat\/autor\/reyes-monforte\/","menu_order":0,"post_type":"autor","post_mime_type":"","comment_count":"0","filter":"raw"}]},"aioseo_notices":[],"_links":{"self":[{"href":"https:\/\/www.claret.cat\/es\/wp-json\/wp\/v2\/product\/433733","targetHints":{"allow":["GET"]}}],"collection":[{"href":"https:\/\/www.claret.cat\/es\/wp-json\/wp\/v2\/product"}],"about":[{"href":"https:\/\/www.claret.cat\/es\/wp-json\/wp\/v2\/types\/product"}],"wp:featuredmedia":[{"embeddable":true,"href":"https:\/\/www.claret.cat\/es\/wp-json\/wp\/v2\/media\/433734"}],"wp:attachment":[{"href":"https:\/\/www.claret.cat\/es\/wp-json\/wp\/v2\/media?parent=433733"}],"wp:term":[{"taxonomy":"product_brand","embeddable":true,"href":"https:\/\/www.claret.cat\/es\/wp-json\/wp\/v2\/product_brand?post=433733"},{"taxonomy":"product_cat","embeddable":true,"href":"https:\/\/www.claret.cat\/es\/wp-json\/wp\/v2\/product_cat?post=433733"},{"taxonomy":"product_tag","embeddable":true,"href":"https:\/\/www.claret.cat\/es\/wp-json\/wp\/v2\/product_tag?post=433733"}],"curies":[{"name":"wp","href":"https:\/\/api.w.org\/{rel}","templated":true}]}}