{"id":433746,"date":"2023-05-18T18:39:45","date_gmt":"2023-05-18T16:39:45","guid":{"rendered":"https:\/\/www.claret.cat\/llibre\/anoche-un-dj-me-salvo-la-vida-9788499987200\/"},"modified":"2023-05-18T18:39:51","modified_gmt":"2023-05-18T16:39:51","slug":"anoche-un-dj-me-salvo-la-vida-9788499987200","status":"publish","type":"product","link":"https:\/\/www.claret.cat\/es\/libro\/anoche-un-dj-me-salvo-la-vida-9788499987200\/","title":{"rendered":"ANOCHE UN DJ ME SALV\u00d3 LA VIDA"},"content":{"rendered":"<p>Ambicioso, riguroso y tot\u00e9mico, este libro se propone contar la historia del DJ en toda su complejidad: desde sus humildes or\u00edgenes en las escenas underground de Londres, Par\u00eds y Nueva York hasta su conversi\u00f3n en superestrellas que viajan por el mundo ganando sueldos propios de un actor de Hollywood. Del reggae al tecno, pasando por la m\u00fasica disco, el hip-hop y el house.<br \/>El DJ siempre ha tenido que abrirse camino comercial y musicalmente para reivindicar su papel transformador y su car\u00e1cter de artista. Porque por mucho que le duela a la academia, sin \u00e9l la m\u00fasica no ser\u00eda lo que es hoy. Su recorrido a trav\u00e9s de g\u00e9neros y pa\u00edses es, en realidad, la historia musical del siglo xx.<br \/>Anoche un DJ me salv\u00f3 la vida es uno de los libros musicales m\u00e1s importantes de los \u00faltimos cincuenta a\u00f1os. Una obra de referencia para todo amante de la m\u00fasica? y de la fiesta.<\/p>\n","protected":false},"excerpt":{"rendered":"<p>BREWSTER, BILL \/ BROUGHTON, FRANK<\/p>\n","protected":false},"featured_media":433747,"template":"","meta":{"_acf_changed":false,"om_disable_all_campaigns":false,"rs_blank_template":"","rs_page_bg_color":"","slide_template_v7":"","inline_featured_image":false,"_monsterinsights_skip_tracking":false,"_monsterinsights_sitenote_active":false,"_monsterinsights_sitenote_note":"","_monsterinsights_sitenote_category":0},"product_brand":[],"product_cat":[111,332],"product_tag":[],"class_list":{"0":"post-433746","1":"product","2":"type-product","3":"status-publish","4":"has-post-thumbnail","6":"product_cat-musica","7":"product_cat-musica-4_escolar-spa","9":"first","10":"instock","11":"taxable","12":"shipping-taxable","13":"purchasable","14":"product-type-simple"},"acf":{"autor":"BREWSTER, BILL \/ BROUGHTON, FRANK","codart":"849998720","libros-coleccion":"temas de hoy","ediciones":"1","encuadernacion":"Carton\u00e9","fecha_de_publicacion":"01\/05\/2019","novedad":"1","paginas":"814","subtitulo":"BREV\u00cdSIMA HISTORIA DE LOS VERDADEROS INNOVADORES DE LA M\u00daSICA","orden":"0","portada":"0","idioma":"spa","editorial":[{"ID":6209,"post_author":"3","post_date":"2022-07-28 17:47:12","post_date_gmt":"2022-07-28 15:47:12","post_content":"","post_title":"Ediciones Temas de Hoy","post_excerpt":"","post_status":"publish","comment_status":"closed","ping_status":"closed","post_password":"","post_name":"ediciones-temas-de-hoy","to_ping":"","pinged":"","post_modified":"2022-07-28 17:47:12","post_modified_gmt":"2022-07-28 15:47:12","post_content_filtered":"","post_parent":0,"guid":"http:\/\/dev.claret.cat\/editorial\/ediciones-temas-de-hoy\/","menu_order":0,"post_type":"editorial","post_mime_type":"","comment_count":"0","filter":"raw"}],"autores-libros":[{"ID":151710,"post_author":"3","post_date":"2022-10-14 14:43:01","post_date_gmt":"2022-10-14 12:43:01","post_content":"","post_title":"BILL BREWSTER","post_excerpt":"","post_status":"publish","comment_status":"closed","ping_status":"closed","post_password":"","post_name":"bill-brewster","to_ping":"","pinged":"","post_modified":"2022-10-14 14:43:01","post_modified_gmt":"2022-10-14 12:43:01","post_content_filtered":"","post_parent":0,"guid":"http:\/\/dev.claret.cat\/autor\/bill-brewster\/","menu_order":0,"post_type":"autor","post_mime_type":"","comment_count":"0","filter":"raw"},{"ID":156355,"post_author":"3","post_date":"2022-10-14 15:20:09","post_date_gmt":"2022-10-14 13:20:09","post_content":"","post_title":"FRANK BROUGHTON","post_excerpt":"","post_status":"publish","comment_status":"closed","ping_status":"closed","post_password":"","post_name":"frank-broughton","to_ping":"","pinged":"","post_modified":"2022-10-14 15:20:09","post_modified_gmt":"2022-10-14 13:20:09","post_content_filtered":"","post_parent":0,"guid":"http:\/\/dev.claret.cat\/autor\/frank-broughton\/","menu_order":0,"post_type":"autor","post_mime_type":"","comment_count":"0","filter":"raw"}]},"aioseo_notices":[],"_links":{"self":[{"href":"https:\/\/www.claret.cat\/es\/wp-json\/wp\/v2\/product\/433746","targetHints":{"allow":["GET"]}}],"collection":[{"href":"https:\/\/www.claret.cat\/es\/wp-json\/wp\/v2\/product"}],"about":[{"href":"https:\/\/www.claret.cat\/es\/wp-json\/wp\/v2\/types\/product"}],"wp:featuredmedia":[{"embeddable":true,"href":"https:\/\/www.claret.cat\/es\/wp-json\/wp\/v2\/media\/433747"}],"wp:attachment":[{"href":"https:\/\/www.claret.cat\/es\/wp-json\/wp\/v2\/media?parent=433746"}],"wp:term":[{"taxonomy":"product_brand","embeddable":true,"href":"https:\/\/www.claret.cat\/es\/wp-json\/wp\/v2\/product_brand?post=433746"},{"taxonomy":"product_cat","embeddable":true,"href":"https:\/\/www.claret.cat\/es\/wp-json\/wp\/v2\/product_cat?post=433746"},{"taxonomy":"product_tag","embeddable":true,"href":"https:\/\/www.claret.cat\/es\/wp-json\/wp\/v2\/product_tag?post=433746"}],"curies":[{"name":"wp","href":"https:\/\/api.w.org\/{rel}","templated":true}]}}