{"id":433761,"date":"2023-05-18T18:40:40","date_gmt":"2023-05-18T16:40:40","guid":{"rendered":"https:\/\/www.claret.cat\/llibre\/ritual-de-les-exequies-tela-9788721006372\/"},"modified":"2026-02-09T13:16:03","modified_gmt":"2026-02-09T12:16:03","slug":"ritual-de-les-exequies-tela-9788721006372","status":"publish","type":"product","link":"https:\/\/www.claret.cat\/es\/libro\/ritual-de-les-exequies-tela-9788721006372\/","title":{"rendered":"RITUAL DE LES EXEQUIES &#8211; TELA &#8211;"},"content":{"rendered":"<p>Reformat d\u2019 acord amb els decrets del Concili Vatic\u00e0 II i promulgat pel Papa Pau VI. Versi\u00f3 aprovada pels bisbes de les di\u00f2cesis de parla catalana i confirmada per la Congregaci\u00f3 per al culte div\u00ed.<\/p>\n","protected":false},"excerpt":{"rendered":"<p>BALMES EDITORIAL<\/p>\n","protected":false},"featured_media":1047783,"template":"","meta":{"_acf_changed":false,"om_disable_all_campaigns":false,"rs_blank_template":"","rs_page_bg_color":"","slide_template_v7":"","inline_featured_image":false,"_monsterinsights_skip_tracking":false,"_monsterinsights_sitenote_active":false,"_monsterinsights_sitenote_note":"","_monsterinsights_sitenote_category":0},"product_brand":[],"product_cat":[400,254],"product_tag":[],"class_list":{"0":"post-433761","1":"product","2":"type-product","3":"status-publish","4":"has-post-thumbnail","6":"product_cat-leccionarios","7":"product_cat-leccionaris","9":"first","10":"instock","11":"taxable","12":"shipping-taxable","13":"purchasable","14":"product-type-simple"},"acf":{"autor":"BALMES EDITORIAL","codart":"872100637","libros-coleccion":"FORA DE COL.LECCI\u00d3","ediciones":"1","encuadernacion":"Carton\u00e9","fecha_de_publicacion":"01\/11\/1999","novedad":"0","paginas":"208","subtitulo":"","orden":"999","portada":"0","idioma":"spa","editorial":[{"ID":6140,"post_author":"3","post_date":"2022-07-28 17:45:45","post_date_gmt":"2022-07-28 15:45:45","post_content":"","post_title":"BALMES, EDITORIAL","post_excerpt":"","post_status":"publish","comment_status":"closed","ping_status":"closed","post_password":"","post_name":"balmes-editorial","to_ping":"","pinged":"","post_modified":"2022-07-28 17:45:45","post_modified_gmt":"2022-07-28 15:45:45","post_content_filtered":"","post_parent":0,"guid":"http:\/\/dev.claret.cat\/editorial\/balmes-editorial\/","menu_order":0,"post_type":"editorial","post_mime_type":"","comment_count":"0","filter":"raw"}],"autores-libros":[{"ID":270458,"post_author":"3","post_date":"2022-12-07 13:40:52","post_date_gmt":"2022-12-07 12:40:52","post_content":"","post_title":"BALMES EDITORIAL","post_excerpt":"","post_status":"publish","comment_status":"closed","ping_status":"closed","post_password":"","post_name":"balmes-editorial","to_ping":"","pinged":"","post_modified":"2022-12-07 13:40:52","post_modified_gmt":"2022-12-07 12:40:52","post_content_filtered":"","post_parent":0,"guid":"http:\/\/dev.claret.cat\/autor\/balmes-editorial\/","menu_order":0,"post_type":"autor","post_mime_type":"","comment_count":"0","filter":"raw"}],"booktrailer":"","resenas":""},"aioseo_notices":[],"_links":{"self":[{"href":"https:\/\/www.claret.cat\/es\/wp-json\/wp\/v2\/product\/433761","targetHints":{"allow":["GET"]}}],"collection":[{"href":"https:\/\/www.claret.cat\/es\/wp-json\/wp\/v2\/product"}],"about":[{"href":"https:\/\/www.claret.cat\/es\/wp-json\/wp\/v2\/types\/product"}],"wp:featuredmedia":[{"embeddable":true,"href":"https:\/\/www.claret.cat\/es\/wp-json\/wp\/v2\/media\/1047783"}],"wp:attachment":[{"href":"https:\/\/www.claret.cat\/es\/wp-json\/wp\/v2\/media?parent=433761"}],"wp:term":[{"taxonomy":"product_brand","embeddable":true,"href":"https:\/\/www.claret.cat\/es\/wp-json\/wp\/v2\/product_brand?post=433761"},{"taxonomy":"product_cat","embeddable":true,"href":"https:\/\/www.claret.cat\/es\/wp-json\/wp\/v2\/product_cat?post=433761"},{"taxonomy":"product_tag","embeddable":true,"href":"https:\/\/www.claret.cat\/es\/wp-json\/wp\/v2\/product_tag?post=433761"}],"curies":[{"name":"wp","href":"https:\/\/api.w.org\/{rel}","templated":true}]}}