{"id":433939,"date":"2023-05-18T18:54:17","date_gmt":"2023-05-18T16:54:17","guid":{"rendered":"https:\/\/www.claret.cat\/llibre\/tener-o-ser-9789505579679\/"},"modified":"2023-05-18T18:54:24","modified_gmt":"2023-05-18T16:54:24","slug":"tener-o-ser-9789505579679","status":"publish","type":"product","link":"https:\/\/www.claret.cat\/es\/libro\/tener-o-ser-9789505579679\/","title":{"rendered":"\u00bfTENER O SER?"},"content":{"rendered":"<p>La tesis de Erich Fromm, en \u00bfTener o ser?, sostiene que en la sociedad industrial el hombre se ha habituado a vivir en la premisa de que quien no tiene, no es. Al integrar el psicoan\u00e1lisis con la pol\u00edtica, Erich Fromm aporta en la reflexi\u00f3n y la cr\u00edtica interdisciplinarias del siglo XX, una meditaci\u00f3n hacia el verdadero camino de la esperanza.<\/p>\n","protected":false},"excerpt":{"rendered":"<p>FROMM, ERICH<\/p>\n","protected":false},"featured_media":433940,"template":"","meta":{"_acf_changed":false,"om_disable_all_campaigns":false,"rs_blank_template":"","rs_page_bg_color":"","slide_template_v7":"","inline_featured_image":false,"_monsterinsights_skip_tracking":false,"_monsterinsights_sitenote_active":false,"_monsterinsights_sitenote_note":"","_monsterinsights_sitenote_category":0},"product_brand":[],"product_cat":[347,81],"product_tag":[],"class_list":{"0":"post-433939","1":"product","2":"type-product","3":"status-publish","4":"has-post-thumbnail","6":"product_cat-psicologia-2_humanidades","7":"product_cat-psicologia","9":"first","10":"instock","11":"taxable","12":"shipping-taxable","13":"purchasable","14":"product-type-simple"},"acf":{"autor":"FROMM, ERICH","codart":"950557967","libros-coleccion":"Psicolog\u00eda, Psiquiatr\u00eda y Psicoan\u00e1lisis","ediciones":"1","encuadernacion":"Carpeta","fecha_de_publicacion":"01\/11\/2013","novedad":"1","paginas":"195","subtitulo":"","orden":"0","portada":"0","idioma":"spa","editorial":[{"ID":262130,"post_author":"3","post_date":"2022-10-24 11:20:19","post_date_gmt":"2022-10-24 09:20:19","post_content":"","post_title":"FONDO DE CULTURA ECONOMICA","post_excerpt":"","post_status":"publish","comment_status":"closed","ping_status":"closed","post_password":"","post_name":"fondo-de-cultura-economica","to_ping":"","pinged":"","post_modified":"2022-10-24 11:20:19","post_modified_gmt":"2022-10-24 09:20:19","post_content_filtered":"","post_parent":0,"guid":"http:\/\/dev.claret.cat\/editorial\/fondo-de-cultura-economica\/","menu_order":0,"post_type":"editorial","post_mime_type":"","comment_count":"0","filter":"raw"}],"autores-libros":[{"ID":155278,"post_author":"3","post_date":"2022-10-14 15:11:33","post_date_gmt":"2022-10-14 13:11:33","post_content":"","post_title":"ERICH FROMM","post_excerpt":"","post_status":"publish","comment_status":"closed","ping_status":"closed","post_password":"","post_name":"erich-fromm","to_ping":"","pinged":"","post_modified":"2022-10-14 15:11:33","post_modified_gmt":"2022-10-14 13:11:33","post_content_filtered":"","post_parent":0,"guid":"http:\/\/dev.claret.cat\/autor\/erich-fromm\/","menu_order":0,"post_type":"autor","post_mime_type":"","comment_count":"0","filter":"raw"}]},"aioseo_notices":[],"_links":{"self":[{"href":"https:\/\/www.claret.cat\/es\/wp-json\/wp\/v2\/product\/433939","targetHints":{"allow":["GET"]}}],"collection":[{"href":"https:\/\/www.claret.cat\/es\/wp-json\/wp\/v2\/product"}],"about":[{"href":"https:\/\/www.claret.cat\/es\/wp-json\/wp\/v2\/types\/product"}],"wp:featuredmedia":[{"embeddable":true,"href":"https:\/\/www.claret.cat\/es\/wp-json\/wp\/v2\/media\/433940"}],"wp:attachment":[{"href":"https:\/\/www.claret.cat\/es\/wp-json\/wp\/v2\/media?parent=433939"}],"wp:term":[{"taxonomy":"product_brand","embeddable":true,"href":"https:\/\/www.claret.cat\/es\/wp-json\/wp\/v2\/product_brand?post=433939"},{"taxonomy":"product_cat","embeddable":true,"href":"https:\/\/www.claret.cat\/es\/wp-json\/wp\/v2\/product_cat?post=433939"},{"taxonomy":"product_tag","embeddable":true,"href":"https:\/\/www.claret.cat\/es\/wp-json\/wp\/v2\/product_tag?post=433939"}],"curies":[{"name":"wp","href":"https:\/\/api.w.org\/{rel}","templated":true}]}}