{"id":434071,"date":"2023-05-18T19:03:04","date_gmt":"2023-05-18T17:03:04","guid":{"rendered":"https:\/\/www.claret.cat\/llibre\/la-desaparicio-de-stephanie-mailer-9788418033049\/"},"modified":"2023-12-13T13:40:26","modified_gmt":"2023-12-13T12:40:26","slug":"la-desaparicio-de-stephanie-mailer-9788418033049","status":"publish","type":"product","link":"https:\/\/www.claret.cat\/es\/libro\/la-desaparicio-de-stephanie-mailer-9788418033049\/","title":{"rendered":"LA DESAPARICI\u00d3 DE STEPHANIE MAILER"},"content":{"rendered":"<p>Despr\u00e9s de la Veritat, la Desaparici\u00f3.  NOM\u00c9S DICKER PODIA SUPERAR-SE A SI MATEIX.  M\u00e9s de 4.000.000 de lectors l&#8221;estan esperant.  Del guanyador del premi Goncourt des Lyc\u00e9ens, del Gran Premi de  Novel\u00b7la de l&#8221;Acad\u00e8mia Francesa, del premi Lire, del premi Qu\u00e9 Leer i del premi Sant Clement.  #AdictosaDicker  \u00abSis-centes cinquanta p\u00e0gines que et faran adorar l&#8221;insomni.\u00bb VAL\u00c9RIE TRIERWEILER, Paris Match La nit del 30 de juliol de 1994, la poblaci\u00f3  d&#8221;Orphea, a la tranquil\u00b7la  regi\u00f3 dels Hamptons, assisteix a la gran inauguraci\u00f3 del seu festival de  teatre. Per\u00f2 l&#8221;alcalde arriba tard&#8230; Mentrestant, un home recorre els  carrers buits buscant la seva dona fins que troba el seu cad\u00e0ver davant  la casa de l&#8221;alcalde. Dins, tota la fam\u00edlia ha estat assassinada. El  Jesse Rosenberg i el Derek Scott, dos joves i brillants policies de  Nova York, resolen el cas. Vint anys m\u00e9s tard, per\u00f2, a la cerim\u00f2nia de  jubilaci\u00f3 del Rosenberg, la periodista Stephanie Mailer el desafia:  assegura que el Dereck i el Jesse es van equivocar d&#8221;assass\u00ed a pesar de  tenir-ne la prova davant dels ulls, i afirma posseir informaci\u00f3 clau per al cas. Dies despr\u00e9s, la jove desapareix. Aix\u00ed s&#8221;inicia aquest thriller colosal, que avan\u00e7a en el passat i el  present a un ritme vertigin\u00f3s, sumant trames, personatges, sorpreses i  girs, sacsejant el lector i precipitant-lo sense fre cap a un inesperat i inoblidable desenlla\u00e7. Ressenyes:<br \/>\u00abUna veu napole\u00f2nica que no escriu, boxeja.\u00bb<br \/>Laura Fern\u00e1ndez, El Cultural d&#8221;El Mundo \u00abDicker ho torna a fer [&#8230;]. La desaparici\u00f3 de Stephanie Mailer  t\u00e9 aquest ingredient secret i poc freq\u00fcent que provoca l&#8221;addicci\u00f3.\u00bb<br \/>Marina Sanmart\u00edn, ABC Cultural \u00abJo\u00ebl Dicker torna pels seus furs amb un noir en tota regla.\u00bb<br \/>Carmen R. Santos, El Imparcial \u00abEl seu secret: l&#8221;elaboraci\u00f3 de trames addictives que s&#8221;allunyen del  best-seller convencional. [&#8230;] Dicker es reafirma com un h\u00e0bil  generador d&#8221;atmosferes i d&#8221;intrigues vertiginoses, amb girs constants i en les quals no hi ha ni un minut per al descans.\u00bb<br \/>Beatriz Mart\u00ednez, El Peri\u00f3dico de Catalunya \u00abEl petit pr\u00edncep de la literatura negra contempor\u00e0nia [&#8230;] El  nen mimat de la ind\u00fastria liter\u00e0ria, el tipus de bona pres\u00e8ncia que estava cridat a revolucionar el thriller contemporani.\u00bb<br \/>Jes\u00fas Merino L\u00f3pez,  GQ \u00abLa desaparici\u00f3 de Stephanie Mailer pot ser molts llibres en un.  Per\u00f2 compte: estigueu preparats, perqu\u00e8 l&#8221;efecte Dicker pot atrapar-vos tamb\u00e9 a vosaltres, lectors anti best-seller, per sempre.\u00bb<br \/>Susana Santaolalla,  El Ojo Cr\u00edtico  \u00abUn suspens disfressat de noir amb una t\u00e8cnica precisa i una  successi\u00f3 de trames tan ben graduades que \u00e9s molt probable que si la  inicies et vegis llegint al passad\u00eds, a la cuina o a l&#8221;ascensor.\u00bb<br \/>Use Lahoz, El Ojo Cr\u00edtico \u00abRere la seva aparen\u00e7a de novel\u00b7la negra americana, amaga una commovedora novel\u00b7la coral russa. [&#8230;] Precisa, din\u00e0mica i r\u00e0pida, per\u00f2 tamb\u00e9 complicada i exigent. [&#8230;] Un llibre amb \u00e0nima.\u00bb<br \/>Le Matin Dimanche \u00abAddictiu. [&#8230;] Jo\u00ebl Dicker s&#8221;imposa com un veritable mestre  de les il\u00b7lusions.\u00bb<br \/>Elle \u00abUn enigma formidable i una ambientaci\u00f3 que recorda Twin Peaks. [&#8230;] Extraordinari.\u00bb<br \/>Le Point \u00abUn m\u00e8tode addictiu. Un assaboreix les diferents temporades d&#8221;aquesta  s\u00e8rie tan bona fins a resoldre la intriga en les ultim\u00edssimes p\u00e0gines.\u00bb<br \/>Marianne Payot, L&#8221;Express \u00abUna arquitectura narrativa rigorosament virtuosa.\u00bb<br \/>La Libert\u00e9 \u00abL&#8221;\u00fanica cosa que no presenta suspens en aquest llibre \u00e9s que ser\u00e0 un \u00e8xit massiu.\u00bb<br \/>Le Temps \u00abUna novel\u00b7la polic\u00edaca addictiva i efica\u00e7.\u00bb<br \/>Les Echos \u00abLa novel\u00b7la m\u00e9s esperada [&#8230;] Un nou i futur best-seller.\u00bb<br \/>Laurence Caracalla, Le Figaro Litt\u00e9raire<\/p>\n","protected":false},"excerpt":{"rendered":"<p>DICKER, JO\u00cbL<\/p>\n","protected":false},"featured_media":0,"template":"","meta":{"_acf_changed":false,"om_disable_all_campaigns":false,"rs_blank_template":"","rs_page_bg_color":"","slide_template_v7":"","inline_featured_image":false,"_monsterinsights_skip_tracking":false,"_monsterinsights_sitenote_active":false,"_monsterinsights_sitenote_note":"","_monsterinsights_sitenote_category":0},"product_brand":[],"product_cat":[127,357],"product_tag":[],"class_list":{"0":"post-434071","1":"product","2":"type-product","3":"status-publish","5":"product_cat-novella-contemporania","6":"product_cat-novela-contemporanea","8":"first","9":"instock","10":"taxable","11":"shipping-taxable","12":"purchasable","13":"product-type-simple"},"acf":{"autor":"DICKER, JO\u00cbL","codart":"9788418033049","libros-coleccion":"RDV-BUTXACA","ediciones":"1","encuadernacion":"R\u00fastica","fecha_de_publicacion":"01\/01\/2020","novedad":"1","paginas":"0","subtitulo":"","orden":"0","portada":"0","idioma":"cat","editorial":[{"ID":6350,"post_author":"3","post_date":"2022-07-28 17:50:18","post_date_gmt":"2022-07-28 15:50:18","post_content":"","post_title":"ROSA DELS VENTS","post_excerpt":"","post_status":"publish","comment_status":"closed","ping_status":"closed","post_password":"","post_name":"rosa-dels-vents","to_ping":"","pinged":"","post_modified":"2022-07-28 17:50:18","post_modified_gmt":"2022-07-28 15:50:18","post_content_filtered":"","post_parent":0,"guid":"http:\/\/dev.claret.cat\/editorial\/rosa-dels-vents\/","menu_order":0,"post_type":"editorial","post_mime_type":"","comment_count":"0","filter":"raw"}],"autores-libros":[{"ID":5606,"post_author":"3","post_date":"2022-07-28 17:27:36","post_date_gmt":"2022-07-28 15:27:36","post_content":"","post_title":"JO\u00cbL DICKER","post_excerpt":"","post_status":"publish","comment_status":"closed","ping_status":"closed","post_password":"","post_name":"joel-dicker","to_ping":"","pinged":"","post_modified":"2022-07-28 17:27:36","post_modified_gmt":"2022-07-28 15:27:36","post_content_filtered":"","post_parent":0,"guid":"http:\/\/dev.claret.cat\/autor\/joel-dicker\/","menu_order":0,"post_type":"autor","post_mime_type":"","comment_count":"0","filter":"raw"}]},"aioseo_notices":[],"_links":{"self":[{"href":"https:\/\/www.claret.cat\/es\/wp-json\/wp\/v2\/product\/434071","targetHints":{"allow":["GET"]}}],"collection":[{"href":"https:\/\/www.claret.cat\/es\/wp-json\/wp\/v2\/product"}],"about":[{"href":"https:\/\/www.claret.cat\/es\/wp-json\/wp\/v2\/types\/product"}],"wp:attachment":[{"href":"https:\/\/www.claret.cat\/es\/wp-json\/wp\/v2\/media?parent=434071"}],"wp:term":[{"taxonomy":"product_brand","embeddable":true,"href":"https:\/\/www.claret.cat\/es\/wp-json\/wp\/v2\/product_brand?post=434071"},{"taxonomy":"product_cat","embeddable":true,"href":"https:\/\/www.claret.cat\/es\/wp-json\/wp\/v2\/product_cat?post=434071"},{"taxonomy":"product_tag","embeddable":true,"href":"https:\/\/www.claret.cat\/es\/wp-json\/wp\/v2\/product_tag?post=434071"}],"curies":[{"name":"wp","href":"https:\/\/api.w.org\/{rel}","templated":true}]}}