{"id":434129,"date":"2023-05-18T19:06:12","date_gmt":"2023-05-18T17:06:12","guid":{"rendered":"https:\/\/www.claret.cat\/llibre\/lo-esencial-de-chesterton-9789870003540\/"},"modified":"2023-05-18T19:06:17","modified_gmt":"2023-05-18T17:06:17","slug":"lo-esencial-de-chesterton-9789870003540","status":"publish","type":"product","link":"https:\/\/www.claret.cat\/es\/libro\/lo-esencial-de-chesterton-9789870003540\/","title":{"rendered":"LO ESENCIAL DE CHESTERTON"},"content":{"rendered":"<p>Gilbert Keith Chesterton, famoso ensayista, periodista y escritor ingl\u00e9s, fue una de las figuras m\u00e1s importantes de la literatura de principios del siglo XX. En la siguiente selecci\u00f3n de textos chestertonianos, hemos procurado reflejar lo esencial de sus caracter\u00edsticas: la paradoja, el humor, la an\u00e9cdota significativa, el pensamiento furiosamente antimoderno, la obsesi\u00f3n moral, el gusto est\u00e9tico. Estamos seguros de que el lector disfrutar\u00e1 intensamente estos ejemplos privilegiados de una obra que bien valdr\u00eda esta definici\u00f3n de uno de los mejores amigos del autor, Hillaire Belloc: &#8216;Nada merece la pena, si no es el ganarse la risa y el afecto de los amigos.&#8217;<\/p>\n","protected":false},"excerpt":{"rendered":"<p>CHESTERTON, G.K.<\/p>\n","protected":false},"featured_media":434130,"template":"","meta":{"_acf_changed":false,"om_disable_all_campaigns":false,"rs_blank_template":"","rs_page_bg_color":"","slide_template_v7":"","inline_featured_image":false,"_monsterinsights_skip_tracking":false,"_monsterinsights_sitenote_active":false,"_monsterinsights_sitenote_note":"","_monsterinsights_sitenote_category":0},"product_brand":[],"product_cat":[90,540],"product_tag":[],"class_list":{"0":"post-434129","1":"product","2":"type-product","3":"status-publish","4":"has-post-thumbnail","6":"product_cat-altres","7":"product_cat-otros","9":"first","10":"instock","11":"taxable","12":"shipping-taxable","13":"purchasable","14":"product-type-simple"},"acf":{"autor":"CHESTERTON, G.K.","codart":"987000354","libros-coleccion":"","ediciones":"1","encuadernacion":"R\u00fastica","fecha_de_publicacion":"01\/01\/2005","novedad":"0","paginas":"62","subtitulo":"","orden":"999","portada":"0","idioma":"spa","editorial":[{"ID":6296,"post_author":"3","post_date":"2022-07-28 17:49:09","post_date_gmt":"2022-07-28 15:49:09","post_content":"","post_title":"LUMEN","post_excerpt":"","post_status":"publish","comment_status":"closed","ping_status":"closed","post_password":"","post_name":"lumen","to_ping":"","pinged":"","post_modified":"2022-07-28 17:49:09","post_modified_gmt":"2022-07-28 15:49:09","post_content_filtered":"","post_parent":0,"guid":"http:\/\/dev.claret.cat\/editorial\/lumen\/","menu_order":0,"post_type":"editorial","post_mime_type":"","comment_count":"0","filter":"raw"}],"autores-libros":[{"ID":5501,"post_author":"3","post_date":"2022-07-28 17:25:20","post_date_gmt":"2022-07-28 15:25:20","post_content":"","post_title":"G.K. CHESTERTON","post_excerpt":"","post_status":"publish","comment_status":"closed","ping_status":"closed","post_password":"","post_name":"g-k-chesterton","to_ping":"","pinged":"","post_modified":"2022-07-28 17:25:20","post_modified_gmt":"2022-07-28 15:25:20","post_content_filtered":"","post_parent":0,"guid":"http:\/\/dev.claret.cat\/autor\/g-k-chesterton\/","menu_order":0,"post_type":"autor","post_mime_type":"","comment_count":"0","filter":"raw"}]},"aioseo_notices":[],"_links":{"self":[{"href":"https:\/\/www.claret.cat\/es\/wp-json\/wp\/v2\/product\/434129","targetHints":{"allow":["GET"]}}],"collection":[{"href":"https:\/\/www.claret.cat\/es\/wp-json\/wp\/v2\/product"}],"about":[{"href":"https:\/\/www.claret.cat\/es\/wp-json\/wp\/v2\/types\/product"}],"wp:featuredmedia":[{"embeddable":true,"href":"https:\/\/www.claret.cat\/es\/wp-json\/wp\/v2\/media\/434130"}],"wp:attachment":[{"href":"https:\/\/www.claret.cat\/es\/wp-json\/wp\/v2\/media?parent=434129"}],"wp:term":[{"taxonomy":"product_brand","embeddable":true,"href":"https:\/\/www.claret.cat\/es\/wp-json\/wp\/v2\/product_brand?post=434129"},{"taxonomy":"product_cat","embeddable":true,"href":"https:\/\/www.claret.cat\/es\/wp-json\/wp\/v2\/product_cat?post=434129"},{"taxonomy":"product_tag","embeddable":true,"href":"https:\/\/www.claret.cat\/es\/wp-json\/wp\/v2\/product_tag?post=434129"}],"curies":[{"name":"wp","href":"https:\/\/api.w.org\/{rel}","templated":true}]}}