{"id":43413,"date":"2022-10-02T21:30:23","date_gmt":"2022-10-02T19:30:23","guid":{"rendered":"http:\/\/dev.claret.cat\/producte\/del-relato-al-prototipo\/"},"modified":"2024-05-23T04:53:19","modified_gmt":"2024-05-23T02:53:19","slug":"del-relato-al-prototipo-9788490737620","status":"publish","type":"product","link":"https:\/\/www.claret.cat\/es\/libro\/del-relato-al-prototipo-9788490737620\/","title":{"rendered":"DEL RELATO AL PROTOTIPO"},"content":{"rendered":"<p>El conflictivo tema de los ricos, que tiene como llamativa contraparte a los pobres, es tan antiguo como los recuerdos y registros hist\u00f3ricos de la humanidad. Esta realidad ha suscitado la atenci\u00f3n de quienes se dedican a la econom\u00eda, la historia, la sociolog\u00eda, la filosof\u00eda, la pol\u00edtica y tambi\u00e9n de quienes se involucran con la religi\u00f3n en general y el cristianismo, en particular.   El autor de esta obra parte del relato de Zaqueo (Lc 19,1-10), se pregunta qu\u00e9 entend\u00eda la gente por ?rico? en el siglo I, y busca identificar una construcci\u00f3n del personaje rico en el relato evang\u00e9lico. Del relato al prototipo es la f\u00f3rmula que sintetiza este recorrido. El estudio socio-narrativo recorre dos caminos que constantemente se cruzan: de todo el evangelio a Zaqueo y de Zaqueo a todo el evangelio. De un foco a un mapa completo y del mapa a ese foco.<\/p>\n","protected":false},"excerpt":{"rendered":"<p>TOLEDO LEDEZMA, EDGAR AMADO D.<\/p>\n","protected":false},"featured_media":373075,"template":"","meta":{"_acf_changed":false,"om_disable_all_campaigns":false,"rs_blank_template":"","rs_page_bg_color":"","slide_template_v7":"","inline_featured_image":false,"_monsterinsights_skip_tracking":false,"_monsterinsights_sitenote_active":false,"_monsterinsights_sitenote_note":"","_monsterinsights_sitenote_category":0},"product_brand":[],"product_cat":[291,517],"product_tag":[],"class_list":{"0":"post-43413","1":"product","2":"type-product","3":"status-publish","4":"has-post-thumbnail","6":"product_cat-moral-social-i-politica","7":"product_cat-moral-social-y-politica","9":"first","10":"instock","11":"taxable","12":"shipping-taxable","13":"purchasable","14":"product-type-simple"},"acf":{"autor":"TOLEDO LEDEZMA, EDGAR AMADO D.","codart":"849073762","libros-coleccion":"FORA DE COL.LECCI\u00d3","ediciones":"1","encuadernacion":"R\u00fastica","fecha_de_publicacion":"22\/02\/2022","novedad":"1","paginas":"192","subtitulo":"UNA LECTURA SOCIONARRATIVA DE LOS RICOS EN EL EVANGELIO SEG\u00daN LUCAS A PARTIR DEL RELATO DE ZAQUEO","orden":"0","portada":"0","idioma":"spa","editorial":[{"ID":6390,"post_author":"3","post_date":"2022-07-28 17:51:08","post_date_gmt":"2022-07-28 15:51:08","post_content":"","post_title":"VERBO DIVINO","post_excerpt":"","post_status":"publish","comment_status":"closed","ping_status":"closed","post_password":"","post_name":"verbo-divino","to_ping":"","pinged":"","post_modified":"2022-07-28 17:51:08","post_modified_gmt":"2022-07-28 15:51:08","post_content_filtered":"","post_parent":0,"guid":"http:\/\/dev.claret.cat\/editorial\/verbo-divino\/","menu_order":0,"post_type":"editorial","post_mime_type":"","comment_count":"0","filter":"raw"}],"autores-libros":[{"ID":154485,"post_author":"3","post_date":"2022-10-14 15:05:11","post_date_gmt":"2022-10-14 13:05:11","post_content":"","post_title":"EDGAR AMADO D. TOLEDO LEDEZMA","post_excerpt":"","post_status":"publish","comment_status":"closed","ping_status":"closed","post_password":"","post_name":"edgar-amado-d-toledo-ledezma","to_ping":"","pinged":"","post_modified":"2022-10-14 15:05:11","post_modified_gmt":"2022-10-14 13:05:11","post_content_filtered":"","post_parent":0,"guid":"http:\/\/dev.claret.cat\/autor\/edgar-amado-d-toledo-ledezma\/","menu_order":0,"post_type":"autor","post_mime_type":"","comment_count":"0","filter":"raw"}]},"aioseo_notices":[],"_links":{"self":[{"href":"https:\/\/www.claret.cat\/es\/wp-json\/wp\/v2\/product\/43413","targetHints":{"allow":["GET"]}}],"collection":[{"href":"https:\/\/www.claret.cat\/es\/wp-json\/wp\/v2\/product"}],"about":[{"href":"https:\/\/www.claret.cat\/es\/wp-json\/wp\/v2\/types\/product"}],"wp:featuredmedia":[{"embeddable":true,"href":"https:\/\/www.claret.cat\/es\/wp-json\/wp\/v2\/media\/373075"}],"wp:attachment":[{"href":"https:\/\/www.claret.cat\/es\/wp-json\/wp\/v2\/media?parent=43413"}],"wp:term":[{"taxonomy":"product_brand","embeddable":true,"href":"https:\/\/www.claret.cat\/es\/wp-json\/wp\/v2\/product_brand?post=43413"},{"taxonomy":"product_cat","embeddable":true,"href":"https:\/\/www.claret.cat\/es\/wp-json\/wp\/v2\/product_cat?post=43413"},{"taxonomy":"product_tag","embeddable":true,"href":"https:\/\/www.claret.cat\/es\/wp-json\/wp\/v2\/product_tag?post=43413"}],"curies":[{"name":"wp","href":"https:\/\/api.w.org\/{rel}","templated":true}]}}