{"id":434263,"date":"2023-05-18T19:14:05","date_gmt":"2023-05-18T17:14:05","guid":{"rendered":"https:\/\/www.claret.cat\/llibre\/camino-portugues-de-santiago-de-compostela-9789898256690\/"},"modified":"2023-05-18T19:14:11","modified_gmt":"2023-05-18T17:14:11","slug":"camino-portugues-de-santiago-de-compostela-9789898256690","status":"publish","type":"product","link":"https:\/\/www.claret.cat\/es\/libro\/camino-portugues-de-santiago-de-compostela-9789898256690\/","title":{"rendered":"CAMINO PORTUGU\u00c9S DE SANTIAGO DE COMPOSTELA"},"content":{"rendered":"<p>El Camino Portugu\u00e9s de Santiago forma parte de una red de itinerarios seculares con destino a la tumba del Ap\u00f3stol Santiago. Entra en esta ruta donde tu vas a ser el Camino. Esta gu\u00eda te lleva desde la ciudad de Lisboa hasta Santiago de Compostela, abordando la preparaci\u00f3n del Camino, los 3 Caminos que salen de Oporto y la llegada apoteosica a Santiago.<\/p>\n","protected":false},"excerpt":{"rendered":"<p>FONSECA, SERGIO<\/p>\n","protected":false},"featured_media":434264,"template":"","meta":{"_acf_changed":false,"om_disable_all_campaigns":false,"rs_blank_template":"","rs_page_bg_color":"","slide_template_v7":"","inline_featured_image":false,"_monsterinsights_skip_tracking":false,"_monsterinsights_sitenote_active":false,"_monsterinsights_sitenote_note":"","_monsterinsights_sitenote_category":0},"product_brand":[],"product_cat":[557,107],"product_tag":[],"class_list":{"0":"post-434263","1":"product","2":"type-product","3":"status-publish","4":"has-post-thumbnail","6":"product_cat-guias-de-viaje","7":"product_cat-guies-de-viatge","9":"first","10":"instock","11":"taxable","12":"shipping-taxable","13":"purchasable","14":"product-type-simple"},"acf":{"autor":"FONSECA, SERGIO","codart":"989825669","libros-coleccion":"","ediciones":"1","encuadernacion":"R\u00fastica","fecha_de_publicacion":"01\/03\/2016","novedad":"0","paginas":"128","subtitulo":"","orden":"0","portada":"0","idioma":"spa","autores-libros":[{"ID":428649,"post_author":"3","post_date":"2023-05-16 09:31:28","post_date_gmt":"2023-05-16 07:31:28","post_content":"","post_title":"SERGIO FONSECA","post_excerpt":"","post_status":"publish","comment_status":"closed","ping_status":"closed","post_password":"","post_name":"sergio-fonseca","to_ping":"","pinged":"","post_modified":"2023-05-16 09:31:28","post_modified_gmt":"2023-05-16 07:31:28","post_content_filtered":"","post_parent":0,"guid":"https:\/\/www.claret.cat\/autor\/sergio-fonseca\/","menu_order":0,"post_type":"autor","post_mime_type":"","comment_count":"0","filter":"raw"}]},"aioseo_notices":[],"_links":{"self":[{"href":"https:\/\/www.claret.cat\/es\/wp-json\/wp\/v2\/product\/434263","targetHints":{"allow":["GET"]}}],"collection":[{"href":"https:\/\/www.claret.cat\/es\/wp-json\/wp\/v2\/product"}],"about":[{"href":"https:\/\/www.claret.cat\/es\/wp-json\/wp\/v2\/types\/product"}],"wp:featuredmedia":[{"embeddable":true,"href":"https:\/\/www.claret.cat\/es\/wp-json\/wp\/v2\/media\/434264"}],"wp:attachment":[{"href":"https:\/\/www.claret.cat\/es\/wp-json\/wp\/v2\/media?parent=434263"}],"wp:term":[{"taxonomy":"product_brand","embeddable":true,"href":"https:\/\/www.claret.cat\/es\/wp-json\/wp\/v2\/product_brand?post=434263"},{"taxonomy":"product_cat","embeddable":true,"href":"https:\/\/www.claret.cat\/es\/wp-json\/wp\/v2\/product_cat?post=434263"},{"taxonomy":"product_tag","embeddable":true,"href":"https:\/\/www.claret.cat\/es\/wp-json\/wp\/v2\/product_tag?post=434263"}],"curies":[{"name":"wp","href":"https:\/\/api.w.org\/{rel}","templated":true}]}}