{"id":43440,"date":"2022-10-02T21:30:47","date_gmt":"2022-10-02T19:30:47","guid":{"rendered":"http:\/\/dev.claret.cat\/producte\/reconstruir-la-fraternidad-la-familia-y-la-vida\/"},"modified":"2024-06-28T12:26:06","modified_gmt":"2024-06-28T10:26:06","slug":"reconstruir-la-fraternidad-la-familia-y-la-vida-9788413790718","status":"publish","type":"product","link":"https:\/\/www.claret.cat\/es\/libro\/reconstruir-la-fraternidad-la-familia-y-la-vida-9788413790718\/","title":{"rendered":"RECONSTRUIR LA FRATERNIDAD: LA FAMILIA Y LA VIDA"},"content":{"rendered":"<p>Desde los debates en torno al lema franc\u00e9s \u00ablibertad, igualdad, fraternidad\u00bb, hasta la enc\u00edclica del papa Francisco Fratelli tutti, nunca se ha hablado tanto sobre la fraternidad. Para Jean-Marie Petitclerc, la fraternidad no es una idea abstracta. \u00c9l la vive y experimenta cotidianamente en su trabajo como educador de j\u00f3venes y en su vocaci\u00f3n de religioso salesiano de Don Bosco, pero tambi\u00e9n a trav\u00e9s del testimonio de su propio camino personal.<br \/> Petitclerc, sin embargo, hace sonar la alarma. Es muy urgente, escribe, \u00abreconstruir la fraternidad\u00bb en un tejido social cada vez m\u00e1s fr\u00e1gil. \u00bfNo corremos el riesgo de ver desintegrarse nuestra convivencia, amenazada por la \u00abtumba del individualismo\u00bb? \u00bfNo nos arriesgamos tambi\u00e9n a ver derrumbarse todo lo que nos une: los v\u00ednculos de proximidad y de solidaridad, pero tambi\u00e9n los v\u00ednculos educativos, econ\u00f3micos o pol\u00edticos en el sentido noble del t\u00e9rmino?<br \/> No podemos esperar hasta ma\u00f1ana para actuar, insiste el autor. Nos estamos jugando el futuro de nuestras sociedades.<\/p>\n","protected":false},"excerpt":{"rendered":"<p>PETITCLERC, JEAN-MARIE<\/p>\n","protected":false},"featured_media":972500,"template":"","meta":{"_acf_changed":false,"om_disable_all_campaigns":false,"rs_blank_template":"","rs_page_bg_color":"","slide_template_v7":"","inline_featured_image":false,"_monsterinsights_skip_tracking":false,"_monsterinsights_sitenote_active":false,"_monsterinsights_sitenote_note":"","_monsterinsights_sitenote_category":0},"product_brand":[],"product_cat":[434,159,162,436,569,120,437,163],"product_tag":[],"class_list":{"0":"post-43440","1":"product","2":"type-product","3":"status-publish","4":"has-post-thumbnail","6":"product_cat-autores-sociologia-2_humanidades","7":"product_cat-autors","8":"product_cat-economica-i-politica","9":"product_cat-economica-y-politica","10":"product_cat-politica-2_humanidades-spa","11":"product_cat-politica","12":"product_cat-valores-y-convivencia","13":"product_cat-valors-i-convivencia","15":"first","16":"outofstock","17":"taxable","18":"shipping-taxable","19":"purchasable","20":"product-type-simple"},"acf":{"autor":"PETITCLERC, JEAN-MARIE","codart":"841379071","libros-coleccion":"Claves cristianas","ediciones":"1","encuadernacion":"R\u00fastica","fecha_de_publicacion":"22\/02\/2022","novedad":"1","paginas":"80","subtitulo":"LA FAMILIA Y LA VIDA","orden":"0","portada":"0","idioma":"spa","editorial":[{"ID":6155,"post_author":"3","post_date":"2022-07-28 17:46:04","post_date_gmt":"2022-07-28 15:46:04","post_content":"","post_title":"Central Catequ\u00edstica Salesiana","post_excerpt":"","post_status":"publish","comment_status":"closed","ping_status":"closed","post_password":"","post_name":"central-catequistica-salesiana","to_ping":"","pinged":"","post_modified":"2022-07-28 17:46:04","post_modified_gmt":"2022-07-28 15:46:04","post_content_filtered":"","post_parent":0,"guid":"http:\/\/dev.claret.cat\/editorial\/central-catequistica-salesiana\/","menu_order":0,"post_type":"editorial","post_mime_type":"","comment_count":"0","filter":"raw"}],"autores-libros":[{"ID":158908,"post_author":"3","post_date":"2022-10-14 15:40:33","post_date_gmt":"2022-10-14 13:40:33","post_content":"","post_title":"JEAN-MARIE PETITCLERC","post_excerpt":"","post_status":"publish","comment_status":"closed","ping_status":"closed","post_password":"","post_name":"jean-marie-petitclerc","to_ping":"","pinged":"","post_modified":"2022-10-14 15:40:33","post_modified_gmt":"2022-10-14 13:40:33","post_content_filtered":"","post_parent":0,"guid":"http:\/\/dev.claret.cat\/autor\/jean-marie-petitclerc\/","menu_order":0,"post_type":"autor","post_mime_type":"","comment_count":"0","filter":"raw"}]},"aioseo_notices":[],"_links":{"self":[{"href":"https:\/\/www.claret.cat\/es\/wp-json\/wp\/v2\/product\/43440","targetHints":{"allow":["GET"]}}],"collection":[{"href":"https:\/\/www.claret.cat\/es\/wp-json\/wp\/v2\/product"}],"about":[{"href":"https:\/\/www.claret.cat\/es\/wp-json\/wp\/v2\/types\/product"}],"wp:featuredmedia":[{"embeddable":true,"href":"https:\/\/www.claret.cat\/es\/wp-json\/wp\/v2\/media\/972500"}],"wp:attachment":[{"href":"https:\/\/www.claret.cat\/es\/wp-json\/wp\/v2\/media?parent=43440"}],"wp:term":[{"taxonomy":"product_brand","embeddable":true,"href":"https:\/\/www.claret.cat\/es\/wp-json\/wp\/v2\/product_brand?post=43440"},{"taxonomy":"product_cat","embeddable":true,"href":"https:\/\/www.claret.cat\/es\/wp-json\/wp\/v2\/product_cat?post=43440"},{"taxonomy":"product_tag","embeddable":true,"href":"https:\/\/www.claret.cat\/es\/wp-json\/wp\/v2\/product_tag?post=43440"}],"curies":[{"name":"wp","href":"https:\/\/api.w.org\/{rel}","templated":true}]}}