{"id":434482,"date":"2023-05-18T19:41:04","date_gmt":"2023-05-18T17:41:04","guid":{"rendered":"https:\/\/www.claret.cat\/llibre\/barbaiaia-9788419735157\/"},"modified":"2023-10-06T04:00:54","modified_gmt":"2023-10-06T02:00:54","slug":"barbaiaia-9788419735157","status":"publish","type":"product","link":"https:\/\/www.claret.cat\/es\/libro\/barbaiaia-9788419735157\/","title":{"rendered":"BARBAIAIA"},"content":{"rendered":"<p>Benvinguts a El Temut, el vaixell pirata de l&#8221;orgull\u00f3s capit\u00e0 Mala Barba. La seva tripulaci\u00f3 est\u00e0 acostumada a trobar tota mena de criatures pels set mars. Per\u00f2 ara est\u00e0 a punt de con\u00e8ixer la m\u00e8s terrible de totes, la que li canviar\u00e0 la vida per semre m\u00e9s.<\/p>\n","protected":false},"excerpt":{"rendered":"<p>EL HEMATOCR\u00cdTICO<\/p>\n","protected":false},"featured_media":434483,"template":"","meta":{"_acf_changed":false,"om_disable_all_campaigns":false,"rs_blank_template":"","rs_page_bg_color":"","slide_template_v7":"","inline_featured_image":false,"_monsterinsights_skip_tracking":false,"_monsterinsights_sitenote_active":false,"_monsterinsights_sitenote_note":"","_monsterinsights_sitenote_category":0},"product_brand":[],"product_cat":[132],"product_tag":[],"class_list":{"0":"post-434482","1":"product","2":"type-product","3":"status-publish","4":"has-post-thumbnail","6":"product_cat-lectures-per-preadolescents-6-12-anys","8":"first","9":"instock","10":"taxable","11":"shipping-taxable","12":"purchasable","13":"product-type-simple"},"acf":{"autor":"EL HEMATOCR\u00cdTICO","codart":"841973515","libros-coleccion":"INFANTIL","ediciones":"1","encuadernacion":"Carton\u00e9","fecha_de_publicacion":"22\/05\/2023","novedad":"1","paginas":"64","subtitulo":"","orden":"0","portada":"0","idioma":"cat","editorial":[{"ID":148581,"post_author":"3","post_date":"2022-10-14 11:59:22","post_date_gmt":"2022-10-14 09:59:22","post_content":"","post_title":"N\u00d3RDICA LIBROS","post_excerpt":"","post_status":"publish","comment_status":"closed","ping_status":"closed","post_password":"","post_name":"nordica-libros","to_ping":"","pinged":"","post_modified":"2022-10-14 11:59:22","post_modified_gmt":"2022-10-14 09:59:22","post_content_filtered":"","post_parent":0,"guid":"http:\/\/dev.claret.cat\/editorial\/nordica-libros\/","menu_order":0,"post_type":"editorial","post_mime_type":"","comment_count":"0","filter":"raw"}],"autores-libros":[{"ID":154677,"post_author":"3","post_date":"2022-10-14 15:06:44","post_date_gmt":"2022-10-14 13:06:44","post_content":"","post_title":"EL HEMATOCR\u00cdTICO","post_excerpt":"","post_status":"publish","comment_status":"closed","ping_status":"closed","post_password":"","post_name":"el-hematocritico","to_ping":"","pinged":"","post_modified":"2022-10-14 15:06:44","post_modified_gmt":"2022-10-14 13:06:44","post_content_filtered":"","post_parent":0,"guid":"http:\/\/dev.claret.cat\/autor\/el-hematocritico\/","menu_order":0,"post_type":"autor","post_mime_type":"","comment_count":"0","filter":"raw"}]},"aioseo_notices":[],"_links":{"self":[{"href":"https:\/\/www.claret.cat\/es\/wp-json\/wp\/v2\/product\/434482","targetHints":{"allow":["GET"]}}],"collection":[{"href":"https:\/\/www.claret.cat\/es\/wp-json\/wp\/v2\/product"}],"about":[{"href":"https:\/\/www.claret.cat\/es\/wp-json\/wp\/v2\/types\/product"}],"wp:featuredmedia":[{"embeddable":true,"href":"https:\/\/www.claret.cat\/es\/wp-json\/wp\/v2\/media\/434483"}],"wp:attachment":[{"href":"https:\/\/www.claret.cat\/es\/wp-json\/wp\/v2\/media?parent=434482"}],"wp:term":[{"taxonomy":"product_brand","embeddable":true,"href":"https:\/\/www.claret.cat\/es\/wp-json\/wp\/v2\/product_brand?post=434482"},{"taxonomy":"product_cat","embeddable":true,"href":"https:\/\/www.claret.cat\/es\/wp-json\/wp\/v2\/product_cat?post=434482"},{"taxonomy":"product_tag","embeddable":true,"href":"https:\/\/www.claret.cat\/es\/wp-json\/wp\/v2\/product_tag?post=434482"}],"curies":[{"name":"wp","href":"https:\/\/api.w.org\/{rel}","templated":true}]}}