{"id":434485,"date":"2023-05-18T19:42:04","date_gmt":"2023-05-18T17:42:04","guid":{"rendered":"https:\/\/www.claret.cat\/llibre\/barbabuela-9788419320841\/"},"modified":"2023-10-06T04:00:34","modified_gmt":"2023-10-06T02:00:34","slug":"barbabuela-9788419320841","status":"publish","type":"product","link":"https:\/\/www.claret.cat\/es\/libro\/barbabuela-9788419320841\/","title":{"rendered":"BARBABUELA"},"content":{"rendered":"<p>Bienvenidos a El Temido, el barco pirata del fiero capit\u00e1n Barba Mala. Su tripulaci\u00f3n est\u00e1 acostumbrada a encontrarse con todo tipo de criaturas por los siete mares. Pero ahora est\u00e1n a punto de conocer a la m\u00e1s terrible de todas y su vida cambiar\u00e1 para siempre.<\/p>\n","protected":false},"excerpt":{"rendered":"<p>EL HEMATOCR\u00cdTICO<\/p>\n","protected":false},"featured_media":434486,"template":"","meta":{"_acf_changed":false,"om_disable_all_campaigns":false,"rs_blank_template":"","rs_page_bg_color":"","slide_template_v7":"","inline_featured_image":false,"_monsterinsights_skip_tracking":false,"_monsterinsights_sitenote_active":false,"_monsterinsights_sitenote_note":"","_monsterinsights_sitenote_category":0},"product_brand":[],"product_cat":[362],"product_tag":[],"class_list":{"0":"post-434485","1":"product","2":"type-product","3":"status-publish","4":"has-post-thumbnail","6":"product_cat-libros-preadolescentes-6-12-anos","8":"first","9":"instock","10":"taxable","11":"shipping-taxable","12":"purchasable","13":"product-type-simple"},"acf":{"autor":"EL HEMATOCR\u00cdTICO","codart":"841932084","libros-coleccion":"INFANTIL","ediciones":"1","encuadernacion":"Carton\u00e9","fecha_de_publicacion":"22\/05\/2023","novedad":"1","paginas":"64","subtitulo":"","orden":"0","portada":"0","idioma":"spa","editorial":[{"ID":6314,"post_author":"3","post_date":"2022-07-28 17:49:31","post_date_gmt":"2022-07-28 15:49:31","post_content":"","post_title":"N\u00f3rdica","post_excerpt":"","post_status":"publish","comment_status":"closed","ping_status":"closed","post_password":"","post_name":"nordica","to_ping":"","pinged":"","post_modified":"2022-07-28 17:49:31","post_modified_gmt":"2022-07-28 15:49:31","post_content_filtered":"","post_parent":0,"guid":"http:\/\/dev.claret.cat\/editorial\/nordica\/","menu_order":0,"post_type":"editorial","post_mime_type":"","comment_count":"0","filter":"raw"}],"autores-libros":[{"ID":154677,"post_author":"3","post_date":"2022-10-14 15:06:44","post_date_gmt":"2022-10-14 13:06:44","post_content":"","post_title":"EL HEMATOCR\u00cdTICO","post_excerpt":"","post_status":"publish","comment_status":"closed","ping_status":"closed","post_password":"","post_name":"el-hematocritico","to_ping":"","pinged":"","post_modified":"2022-10-14 15:06:44","post_modified_gmt":"2022-10-14 13:06:44","post_content_filtered":"","post_parent":0,"guid":"http:\/\/dev.claret.cat\/autor\/el-hematocritico\/","menu_order":0,"post_type":"autor","post_mime_type":"","comment_count":"0","filter":"raw"}]},"aioseo_notices":[],"_links":{"self":[{"href":"https:\/\/www.claret.cat\/es\/wp-json\/wp\/v2\/product\/434485","targetHints":{"allow":["GET"]}}],"collection":[{"href":"https:\/\/www.claret.cat\/es\/wp-json\/wp\/v2\/product"}],"about":[{"href":"https:\/\/www.claret.cat\/es\/wp-json\/wp\/v2\/types\/product"}],"wp:featuredmedia":[{"embeddable":true,"href":"https:\/\/www.claret.cat\/es\/wp-json\/wp\/v2\/media\/434486"}],"wp:attachment":[{"href":"https:\/\/www.claret.cat\/es\/wp-json\/wp\/v2\/media?parent=434485"}],"wp:term":[{"taxonomy":"product_brand","embeddable":true,"href":"https:\/\/www.claret.cat\/es\/wp-json\/wp\/v2\/product_brand?post=434485"},{"taxonomy":"product_cat","embeddable":true,"href":"https:\/\/www.claret.cat\/es\/wp-json\/wp\/v2\/product_cat?post=434485"},{"taxonomy":"product_tag","embeddable":true,"href":"https:\/\/www.claret.cat\/es\/wp-json\/wp\/v2\/product_tag?post=434485"}],"curies":[{"name":"wp","href":"https:\/\/api.w.org\/{rel}","templated":true}]}}