{"id":434517,"date":"2023-05-18T19:55:25","date_gmt":"2023-05-18T17:55:25","guid":{"rendered":"https:\/\/www.claret.cat\/llibre\/els-superherois-dels-dimecres-1-supertanoques-en-accio-9788424674229\/"},"modified":"2025-01-31T15:56:26","modified_gmt":"2025-01-31T14:56:26","slug":"els-superherois-dels-dimecres-1-supertanoques-en-accio-9788424674229","status":"publish","type":"product","link":"https:\/\/www.claret.cat\/es\/libro\/els-superherois-dels-dimecres-1-supertanoques-en-accio-9788424674229\/","title":{"rendered":"ELS SUPERHEROIS DELS DIMECRES 1. SUPERTANOQUES EN ACCI\u00d3"},"content":{"rendered":"<p>Benvingut a l&#8221;acad\u00e8mia Super English&#8230; una acad\u00e8mia per a superherois!<br \/>A l&#8221;acad\u00e8mia Super English s&#8221;ensenya poc English. Per\u00f2 \u00e9s molt Super. M\u00e9s super del que ning\u00fa s&#8221;imaginaria, sobretot aquests pares i mares que s&#8221;acosten per saber horaris, preus&#8230; I sempre reben la mateixa resposta: els grups estan complets.\u00a0Podria semblar una excusa. I ho \u00e9s.\u00a0Perqu\u00e8 l&#8221;acad\u00e8mia Super English en realitat \u00e9s&#8230; una acad\u00e8mia de superherois!<br \/>Una nova s\u00e8rie plena de disbarats, m\u00e0gia i humor, escrita per l&#8221;autora bestseller Bego\u00f1a Oro.<\/p>\n","protected":false},"excerpt":{"rendered":"<p>ORO PRADERA, BEGO\u00d1A<\/p>\n","protected":false},"featured_media":434518,"template":"","meta":{"_acf_changed":false,"om_disable_all_campaigns":false,"rs_blank_template":"","rs_page_bg_color":"","slide_template_v7":"","inline_featured_image":false,"_monsterinsights_skip_tracking":false,"_monsterinsights_sitenote_active":false,"_monsterinsights_sitenote_note":"","_monsterinsights_sitenote_category":0},"product_brand":[],"product_cat":[132,362],"product_tag":[],"class_list":{"0":"post-434517","1":"product","2":"type-product","3":"status-publish","4":"has-post-thumbnail","6":"product_cat-lectures-per-preadolescents-6-12-anys","7":"product_cat-libros-preadolescentes-6-12-anos","9":"first","10":"instock","11":"taxable","12":"shipping-taxable","13":"purchasable","14":"product-type-simple"},"acf":{"autor":"ORO PRADERA, BEGO\u00d1A","codart":"842467422","libros-coleccion":"FORA DE COL.LECCI\u00d3","ediciones":"1","encuadernacion":"R\u00fastica","fecha_de_publicacion":"01\/05\/2023","novedad":"1","paginas":"112","subtitulo":"","orden":"0","portada":"0","idioma":"cat","editorial":[{"ID":148189,"post_author":"3","post_date":"2022-10-14 11:56:19","post_date_gmt":"2022-10-14 09:56:19","post_content":"","post_title":"GALERA, EDITORIAL","post_excerpt":"","post_status":"publish","comment_status":"closed","ping_status":"closed","post_password":"","post_name":"galera-editorial","to_ping":"","pinged":"","post_modified":"2022-10-14 11:56:19","post_modified_gmt":"2022-10-14 09:56:19","post_content_filtered":"","post_parent":0,"guid":"http:\/\/dev.claret.cat\/editorial\/galera-editorial\/","menu_order":0,"post_type":"editorial","post_mime_type":"","comment_count":"0","filter":"raw"}],"autores-libros":[{"ID":151482,"post_author":"3","post_date":"2022-10-14 14:41:14","post_date_gmt":"2022-10-14 12:41:14","post_content":"","post_title":"BEGO\u00d1A ORO PRADERA","post_excerpt":"","post_status":"publish","comment_status":"closed","ping_status":"closed","post_password":"","post_name":"begona-oro-pradera-2","to_ping":"","pinged":"","post_modified":"2022-10-14 14:41:14","post_modified_gmt":"2022-10-14 12:41:14","post_content_filtered":"","post_parent":0,"guid":"http:\/\/dev.claret.cat\/autor\/begona-oro-pradera-2\/","menu_order":0,"post_type":"autor","post_mime_type":"","comment_count":"0","filter":"raw"}]},"aioseo_notices":[],"_links":{"self":[{"href":"https:\/\/www.claret.cat\/es\/wp-json\/wp\/v2\/product\/434517","targetHints":{"allow":["GET"]}}],"collection":[{"href":"https:\/\/www.claret.cat\/es\/wp-json\/wp\/v2\/product"}],"about":[{"href":"https:\/\/www.claret.cat\/es\/wp-json\/wp\/v2\/types\/product"}],"wp:featuredmedia":[{"embeddable":true,"href":"https:\/\/www.claret.cat\/es\/wp-json\/wp\/v2\/media\/434518"}],"wp:attachment":[{"href":"https:\/\/www.claret.cat\/es\/wp-json\/wp\/v2\/media?parent=434517"}],"wp:term":[{"taxonomy":"product_brand","embeddable":true,"href":"https:\/\/www.claret.cat\/es\/wp-json\/wp\/v2\/product_brand?post=434517"},{"taxonomy":"product_cat","embeddable":true,"href":"https:\/\/www.claret.cat\/es\/wp-json\/wp\/v2\/product_cat?post=434517"},{"taxonomy":"product_tag","embeddable":true,"href":"https:\/\/www.claret.cat\/es\/wp-json\/wp\/v2\/product_tag?post=434517"}],"curies":[{"name":"wp","href":"https:\/\/api.w.org\/{rel}","templated":true}]}}