{"id":434523,"date":"2023-05-18T19:56:05","date_gmt":"2023-05-18T17:56:05","guid":{"rendered":"https:\/\/www.claret.cat\/llibre\/los-superheroes-de-los-miercoles-1-superzoquetes-en-accion-9788424674250\/"},"modified":"2025-01-31T15:56:41","modified_gmt":"2025-01-31T14:56:41","slug":"los-superheroes-de-los-miercoles-1-superzoquetes-en-accion-9788424674250","status":"publish","type":"product","link":"https:\/\/www.claret.cat\/es\/libro\/los-superheroes-de-los-miercoles-1-superzoquetes-en-accion-9788424674250\/","title":{"rendered":"LOS SUPERH\u00c9ROES DE LOS MI\u00c9RCOLES 1. SUPERZOQUETES EN ACCI\u00d3N"},"content":{"rendered":"<p>En la academia Super English se da poco English. Pero es muy Super. M\u00e1s super de lo que nadie imaginar\u00eda, sobre todo, esos padres y madres que se acercan a saber horarios, precios&#8230;Y siempre reciben la misma respuesta: los grupos est\u00e1n completos.\u00a0Podr\u00eda parecer una excusa. Y lo es.\u00a0Porque la academia Super English en realidad es&#8230; \u00a1una academia de superh\u00e9roes!<br \/>Una nueva serie llena de disparates, magia y aventuras, escrita por la autora bestseller Bego\u00f1a Oro.<\/p>\n","protected":false},"excerpt":{"rendered":"<p>ORO PRADERA, BEGO\u00d1A<\/p>\n","protected":false},"featured_media":434524,"template":"","meta":{"_acf_changed":false,"om_disable_all_campaigns":false,"rs_blank_template":"","rs_page_bg_color":"","slide_template_v7":"","inline_featured_image":false,"_monsterinsights_skip_tracking":false,"_monsterinsights_sitenote_active":false,"_monsterinsights_sitenote_note":"","_monsterinsights_sitenote_category":0},"product_brand":[],"product_cat":[131,361],"product_tag":[],"class_list":{"0":"post-434523","1":"product","2":"type-product","3":"status-publish","4":"has-post-thumbnail","6":"product_cat-contes-per-infants-0-6-anys","7":"product_cat-cuentos-para-ninos-0-6-anos","9":"first","10":"instock","11":"taxable","12":"shipping-taxable","13":"purchasable","14":"product-type-simple"},"acf":{"autor":"ORO PRADERA, BEGO\u00d1A","codart":"842467425","libros-coleccion":"FORA DE COL.LECCI\u00d3","ediciones":"1","encuadernacion":"R\u00fastica","fecha_de_publicacion":"01\/05\/2023","novedad":"1","paginas":"112","subtitulo":"","orden":"0","portada":"0","idioma":"spa","editorial":[{"ID":148189,"post_author":"3","post_date":"2022-10-14 11:56:19","post_date_gmt":"2022-10-14 09:56:19","post_content":"","post_title":"GALERA, EDITORIAL","post_excerpt":"","post_status":"publish","comment_status":"closed","ping_status":"closed","post_password":"","post_name":"galera-editorial","to_ping":"","pinged":"","post_modified":"2022-10-14 11:56:19","post_modified_gmt":"2022-10-14 09:56:19","post_content_filtered":"","post_parent":0,"guid":"http:\/\/dev.claret.cat\/editorial\/galera-editorial\/","menu_order":0,"post_type":"editorial","post_mime_type":"","comment_count":"0","filter":"raw"}],"autores-libros":[{"ID":151482,"post_author":"3","post_date":"2022-10-14 14:41:14","post_date_gmt":"2022-10-14 12:41:14","post_content":"","post_title":"BEGO\u00d1A ORO PRADERA","post_excerpt":"","post_status":"publish","comment_status":"closed","ping_status":"closed","post_password":"","post_name":"begona-oro-pradera-2","to_ping":"","pinged":"","post_modified":"2022-10-14 14:41:14","post_modified_gmt":"2022-10-14 12:41:14","post_content_filtered":"","post_parent":0,"guid":"http:\/\/dev.claret.cat\/autor\/begona-oro-pradera-2\/","menu_order":0,"post_type":"autor","post_mime_type":"","comment_count":"0","filter":"raw"}]},"aioseo_notices":[],"_links":{"self":[{"href":"https:\/\/www.claret.cat\/es\/wp-json\/wp\/v2\/product\/434523","targetHints":{"allow":["GET"]}}],"collection":[{"href":"https:\/\/www.claret.cat\/es\/wp-json\/wp\/v2\/product"}],"about":[{"href":"https:\/\/www.claret.cat\/es\/wp-json\/wp\/v2\/types\/product"}],"wp:featuredmedia":[{"embeddable":true,"href":"https:\/\/www.claret.cat\/es\/wp-json\/wp\/v2\/media\/434524"}],"wp:attachment":[{"href":"https:\/\/www.claret.cat\/es\/wp-json\/wp\/v2\/media?parent=434523"}],"wp:term":[{"taxonomy":"product_brand","embeddable":true,"href":"https:\/\/www.claret.cat\/es\/wp-json\/wp\/v2\/product_brand?post=434523"},{"taxonomy":"product_cat","embeddable":true,"href":"https:\/\/www.claret.cat\/es\/wp-json\/wp\/v2\/product_cat?post=434523"},{"taxonomy":"product_tag","embeddable":true,"href":"https:\/\/www.claret.cat\/es\/wp-json\/wp\/v2\/product_tag?post=434523"}],"curies":[{"name":"wp","href":"https:\/\/api.w.org\/{rel}","templated":true}]}}