{"id":43455,"date":"2022-10-02T21:31:05","date_gmt":"2022-10-02T19:31:05","guid":{"rendered":"http:\/\/dev.claret.cat\/producte\/dios-emperador-de-dune-las-cronicas-de-dune-4\/"},"modified":"2023-01-28T04:53:02","modified_gmt":"2023-01-28T03:53:02","slug":"dios-emperador-de-dune-las-cronicas-de-dune-4-9788466359443","status":"publish","type":"product","link":"https:\/\/www.claret.cat\/es\/libro\/dios-emperador-de-dune-las-cronicas-de-dune-4-9788466359443\/","title":{"rendered":"DIOS EMPERADOR DE DUNE (LAS CR\u00d3NICAS DE DUNE 4)"},"content":{"rendered":"<p>Dios emperador de Dune es la cuarta entrega de la fascinante saga de ciencia ficci\u00f3n de Frank Herbert. Esta cuarta entrega de la saga \u00abDune\u00bb centra su trama en la figura  mesi\u00e1nica de Leto Atreides II (hijo de Paul Atreides, h\u00e9roe cuya estirpe  hunde sus ra\u00edces en la legendaria casa griega de los Atridas) y nos  lleva, a trav\u00e9s de diversos dilemas \u00e9ticos, a comprender los mitos que  necesita la humanidad y a los h\u00e9roes que los encarnan. El futuro, en el  mundo de Dune, pertenece solo a los que son capaces de pensar por s\u00ed mismos. Esta saga apasionante plantea por primera vez de forma completa,  racional y convincente todo un mundo absolutamente diferente del  nuestro. Sus referencias a los problemas ecol\u00f3gicos, el poder de las  drogas y la fuerza de los mitos la han convertido en una obra de culto para millones de lectores en todo el mundo.<\/p>\n","protected":false},"excerpt":{"rendered":"<p>HERBERT, FRANK<\/p>\n","protected":false},"featured_media":59281,"template":"","meta":{"_acf_changed":false,"om_disable_all_campaigns":false,"rs_blank_template":"","rs_page_bg_color":"","slide_template_v7":"","inline_featured_image":false,"_monsterinsights_skip_tracking":false,"_monsterinsights_sitenote_active":false,"_monsterinsights_sitenote_note":"","_monsterinsights_sitenote_category":0},"product_brand":[],"product_cat":[127],"product_tag":[],"class_list":{"0":"post-43455","1":"product","2":"type-product","3":"status-publish","4":"has-post-thumbnail","6":"product_cat-novella-contemporania","8":"first","9":"instock","10":"taxable","11":"shipping-taxable","12":"purchasable","13":"product-type-simple"},"acf":{"autor":"HERBERT, FRANK","codart":"846635944","libros-coleccion":"FORA DE COL.LECCI\u00d3","ediciones":"1","encuadernacion":"R\u00fastica","fecha_de_publicacion":"01\/10\/2021","novedad":"1","paginas":"568","subtitulo":"","orden":"0","portada":"0","idioma":"spa","editorial":[{"ID":6178,"post_author":"3","post_date":"2022-07-28 17:46:34","post_date_gmt":"2022-07-28 15:46:34","post_content":"","post_title":"DEBOLSILLO","post_excerpt":"","post_status":"publish","comment_status":"closed","ping_status":"closed","post_password":"","post_name":"debolsillo","to_ping":"","pinged":"","post_modified":"2022-07-28 17:46:34","post_modified_gmt":"2022-07-28 15:46:34","post_content_filtered":"","post_parent":0,"guid":"http:\/\/dev.claret.cat\/editorial\/debolsillo\/","menu_order":0,"post_type":"editorial","post_mime_type":"","comment_count":"0","filter":"raw"}],"autores-libros":[{"ID":5493,"post_author":"3","post_date":"2022-07-28 17:25:10","post_date_gmt":"2022-07-28 15:25:10","post_content":"","post_title":"FRANK HERBERT","post_excerpt":"","post_status":"publish","comment_status":"closed","ping_status":"closed","post_password":"","post_name":"frank-herbert","to_ping":"","pinged":"","post_modified":"2022-07-28 17:25:10","post_modified_gmt":"2022-07-28 15:25:10","post_content_filtered":"","post_parent":0,"guid":"http:\/\/dev.claret.cat\/autor\/frank-herbert\/","menu_order":0,"post_type":"autor","post_mime_type":"","comment_count":"0","filter":"raw"}]},"aioseo_notices":[],"_links":{"self":[{"href":"https:\/\/www.claret.cat\/es\/wp-json\/wp\/v2\/product\/43455","targetHints":{"allow":["GET"]}}],"collection":[{"href":"https:\/\/www.claret.cat\/es\/wp-json\/wp\/v2\/product"}],"about":[{"href":"https:\/\/www.claret.cat\/es\/wp-json\/wp\/v2\/types\/product"}],"wp:featuredmedia":[{"embeddable":true,"href":"https:\/\/www.claret.cat\/es\/wp-json\/wp\/v2\/media\/59281"}],"wp:attachment":[{"href":"https:\/\/www.claret.cat\/es\/wp-json\/wp\/v2\/media?parent=43455"}],"wp:term":[{"taxonomy":"product_brand","embeddable":true,"href":"https:\/\/www.claret.cat\/es\/wp-json\/wp\/v2\/product_brand?post=43455"},{"taxonomy":"product_cat","embeddable":true,"href":"https:\/\/www.claret.cat\/es\/wp-json\/wp\/v2\/product_cat?post=43455"},{"taxonomy":"product_tag","embeddable":true,"href":"https:\/\/www.claret.cat\/es\/wp-json\/wp\/v2\/product_tag?post=43455"}],"curies":[{"name":"wp","href":"https:\/\/api.w.org\/{rel}","templated":true}]}}