{"id":43458,"date":"2022-10-02T21:31:09","date_gmt":"2022-10-02T19:31:09","guid":{"rendered":"http:\/\/dev.claret.cat\/producte\/hijos-de-dune-las-cronicas-de-dune-3\/"},"modified":"2025-12-17T12:40:39","modified_gmt":"2025-12-17T11:40:39","slug":"hijos-de-dune-las-cronicas-de-dune-3-9788466357005","status":"publish","type":"product","link":"https:\/\/www.claret.cat\/es\/libro\/hijos-de-dune-las-cronicas-de-dune-3-9788466357005\/","title":{"rendered":"HIJOS DE DUNE (LAS CR\u00d3NICAS DE DUNE 3)"},"content":{"rendered":"<p>Hijos de Dune es la tercera novela de la serie \u00abDune\u00bb de Frank  Herbert, una obra  maestra un\u00e1nimemente reconocida como la mejor saga de ciencia ficci\u00f3n de todos los tiempos. Leto Atreides, el hijo de Paul -el mes\u00edas de una religi\u00f3n que arras\u00f3 el  universo, el m\u00e1rtir que, ciego, se adentr\u00f3 en el desierto para morir-, tiene ahora nueve a\u00f1os. Pero es mucho m\u00e1s que un ni\u00f1o, porque dentro de \u00e9l laten miles de vidas que lo arrastran a un implacable destino. \u00c9l y su hermana gemela, bajo la regencia de su t\u00eda Alia, gobiernan un planeta que se ha convertido en el eje de todo el universo. Arrakis, m\u00e1s conocido como Dune. Y en este planeta, centro de las intrigas de una corrupta clase pol\u00edtica  y sometido a una sofocante burocracia religiosa, aparece de pronto un predicador ciego, procedente del desierto. \u00bfEs realmente Paul Atreides, que regresa de entre los muertos para advertir a   la humanidad del peligro m\u00e1s abominable?<\/p>\n","protected":false},"excerpt":{"rendered":"<p>HERBERT, FRANK<\/p>\n","protected":false},"featured_media":972374,"template":"","meta":{"_acf_changed":false,"om_disable_all_campaigns":false,"rs_blank_template":"","rs_page_bg_color":"","slide_template_v7":"","inline_featured_image":false,"_monsterinsights_skip_tracking":false,"_monsterinsights_sitenote_active":false,"_monsterinsights_sitenote_note":"","_monsterinsights_sitenote_category":0},"product_brand":[],"product_cat":[127,357],"product_tag":[],"class_list":{"0":"post-43458","1":"product","2":"type-product","3":"status-publish","4":"has-post-thumbnail","6":"product_cat-novella-contemporania","7":"product_cat-novela-contemporanea","9":"first","10":"instock","11":"taxable","12":"shipping-taxable","13":"purchasable","14":"product-type-simple"},"acf":{"autor":"HERBERT, FRANK","codart":"846635700","libros-coleccion":"FORA DE COL.LECCI\u00d3","ediciones":"1","encuadernacion":"R\u00fastica","fecha_de_publicacion":"01\/02\/2021","novedad":"1","paginas":"608","subtitulo":"","orden":"0","portada":"0","idioma":"spa","editorial":[{"ID":6178,"post_author":"3","post_date":"2022-07-28 17:46:34","post_date_gmt":"2022-07-28 15:46:34","post_content":"","post_title":"DEBOLSILLO","post_excerpt":"","post_status":"publish","comment_status":"closed","ping_status":"closed","post_password":"","post_name":"debolsillo","to_ping":"","pinged":"","post_modified":"2022-07-28 17:46:34","post_modified_gmt":"2022-07-28 15:46:34","post_content_filtered":"","post_parent":0,"guid":"http:\/\/dev.claret.cat\/editorial\/debolsillo\/","menu_order":0,"post_type":"editorial","post_mime_type":"","comment_count":"0","filter":"raw"}],"autores-libros":[{"ID":5493,"post_author":"3","post_date":"2022-07-28 17:25:10","post_date_gmt":"2022-07-28 15:25:10","post_content":"","post_title":"FRANK HERBERT","post_excerpt":"","post_status":"publish","comment_status":"closed","ping_status":"closed","post_password":"","post_name":"frank-herbert","to_ping":"","pinged":"","post_modified":"2022-07-28 17:25:10","post_modified_gmt":"2022-07-28 15:25:10","post_content_filtered":"","post_parent":0,"guid":"http:\/\/dev.claret.cat\/autor\/frank-herbert\/","menu_order":0,"post_type":"autor","post_mime_type":"","comment_count":"0","filter":"raw"}],"booktrailer":"","resenas":""},"aioseo_notices":[],"_links":{"self":[{"href":"https:\/\/www.claret.cat\/es\/wp-json\/wp\/v2\/product\/43458","targetHints":{"allow":["GET"]}}],"collection":[{"href":"https:\/\/www.claret.cat\/es\/wp-json\/wp\/v2\/product"}],"about":[{"href":"https:\/\/www.claret.cat\/es\/wp-json\/wp\/v2\/types\/product"}],"wp:featuredmedia":[{"embeddable":true,"href":"https:\/\/www.claret.cat\/es\/wp-json\/wp\/v2\/media\/972374"}],"wp:attachment":[{"href":"https:\/\/www.claret.cat\/es\/wp-json\/wp\/v2\/media?parent=43458"}],"wp:term":[{"taxonomy":"product_brand","embeddable":true,"href":"https:\/\/www.claret.cat\/es\/wp-json\/wp\/v2\/product_brand?post=43458"},{"taxonomy":"product_cat","embeddable":true,"href":"https:\/\/www.claret.cat\/es\/wp-json\/wp\/v2\/product_cat?post=43458"},{"taxonomy":"product_tag","embeddable":true,"href":"https:\/\/www.claret.cat\/es\/wp-json\/wp\/v2\/product_tag?post=43458"}],"curies":[{"name":"wp","href":"https:\/\/api.w.org\/{rel}","templated":true}]}}