{"id":43461,"date":"2022-10-02T21:31:13","date_gmt":"2022-10-02T19:31:13","guid":{"rendered":"http:\/\/dev.claret.cat\/producte\/el-mesias-de-dune-las-cronicas-de-dune-2\/"},"modified":"2025-12-18T19:35:08","modified_gmt":"2025-12-18T18:35:08","slug":"el-mesias-de-dune-las-cronicas-de-dune-2-9788466356961","status":"publish","type":"product","link":"https:\/\/www.claret.cat\/es\/libro\/el-mesias-de-dune-las-cronicas-de-dune-2-9788466356961\/","title":{"rendered":"EL MES\u00cdAS DE DUNE (LAS CR\u00d3NICAS DE DUNE 2)"},"content":{"rendered":"<p>El mes\u00edas de Dune es la segunda entrega de la excepcional saga  de Frank Herbert \u00abDune\u00bb, considerada la mejor serie de ciencia ficci\u00f3n de todos los tiempos. Arrakis, tambi\u00e9n llamado Dune: un mundo desierto en pos del sue\u00f1o  de convertirse en un para\u00edso, cuna de mil guerras que se han extendido  por todo el universo y de un anhelo mesi\u00e1nico que intenta alcanzar el sue\u00f1o m\u00e1s antiguo de la humanidad&#8230; Paul Atreides: un personaje m\u00edtico, perturbado por la cercana  presencia de una sombra dominante: su hermana Alia. Y frente a ellos,  los grandes intereses econ\u00f3micos, pol\u00edticos y religiosos que sacuden los  espacios interestelares: la CHOAM, la Cofrad\u00eda espacial, el Landsraad, la Bene Gesserit&#8230; Todo ello, y mucho m\u00e1s, conforma esta segunda entrega de \u00abDune\u00bb: un fresco impresionante y una obra cumbre de la imaginaci\u00f3n.<\/p>\n","protected":false},"excerpt":{"rendered":"<p>HERBERT, FRANK<\/p>\n","protected":false},"featured_media":59285,"template":"","meta":{"_acf_changed":false,"om_disable_all_campaigns":false,"rs_blank_template":"","rs_page_bg_color":"","slide_template_v7":"","inline_featured_image":false,"_monsterinsights_skip_tracking":false,"_monsterinsights_sitenote_active":false,"_monsterinsights_sitenote_note":"","_monsterinsights_sitenote_category":0},"product_brand":[],"product_cat":[127,357],"product_tag":[],"class_list":{"0":"post-43461","1":"product","2":"type-product","3":"status-publish","4":"has-post-thumbnail","6":"product_cat-novella-contemporania","7":"product_cat-novela-contemporanea","9":"first","10":"instock","11":"taxable","12":"shipping-taxable","13":"purchasable","14":"product-type-simple"},"acf":{"autor":"HERBERT, FRANK","codart":"846635696","libros-coleccion":"FORA DE COL.LECCI\u00d3","ediciones":"1","encuadernacion":"R\u00fastica","fecha_de_publicacion":"01\/02\/2021","novedad":"1","paginas":"304","subtitulo":"","orden":"0","portada":"0","idioma":"spa","editorial":[{"ID":6178,"post_author":"3","post_date":"2022-07-28 17:46:34","post_date_gmt":"2022-07-28 15:46:34","post_content":"","post_title":"DEBOLSILLO","post_excerpt":"","post_status":"publish","comment_status":"closed","ping_status":"closed","post_password":"","post_name":"debolsillo","to_ping":"","pinged":"","post_modified":"2022-07-28 17:46:34","post_modified_gmt":"2022-07-28 15:46:34","post_content_filtered":"","post_parent":0,"guid":"http:\/\/dev.claret.cat\/editorial\/debolsillo\/","menu_order":0,"post_type":"editorial","post_mime_type":"","comment_count":"0","filter":"raw"}],"autores-libros":[{"ID":5493,"post_author":"3","post_date":"2022-07-28 17:25:10","post_date_gmt":"2022-07-28 15:25:10","post_content":"","post_title":"FRANK HERBERT","post_excerpt":"","post_status":"publish","comment_status":"closed","ping_status":"closed","post_password":"","post_name":"frank-herbert","to_ping":"","pinged":"","post_modified":"2022-07-28 17:25:10","post_modified_gmt":"2022-07-28 15:25:10","post_content_filtered":"","post_parent":0,"guid":"http:\/\/dev.claret.cat\/autor\/frank-herbert\/","menu_order":0,"post_type":"autor","post_mime_type":"","comment_count":"0","filter":"raw"}],"booktrailer":"","resenas":""},"aioseo_notices":[],"_links":{"self":[{"href":"https:\/\/www.claret.cat\/es\/wp-json\/wp\/v2\/product\/43461","targetHints":{"allow":["GET"]}}],"collection":[{"href":"https:\/\/www.claret.cat\/es\/wp-json\/wp\/v2\/product"}],"about":[{"href":"https:\/\/www.claret.cat\/es\/wp-json\/wp\/v2\/types\/product"}],"wp:featuredmedia":[{"embeddable":true,"href":"https:\/\/www.claret.cat\/es\/wp-json\/wp\/v2\/media\/59285"}],"wp:attachment":[{"href":"https:\/\/www.claret.cat\/es\/wp-json\/wp\/v2\/media?parent=43461"}],"wp:term":[{"taxonomy":"product_brand","embeddable":true,"href":"https:\/\/www.claret.cat\/es\/wp-json\/wp\/v2\/product_brand?post=43461"},{"taxonomy":"product_cat","embeddable":true,"href":"https:\/\/www.claret.cat\/es\/wp-json\/wp\/v2\/product_cat?post=43461"},{"taxonomy":"product_tag","embeddable":true,"href":"https:\/\/www.claret.cat\/es\/wp-json\/wp\/v2\/product_tag?post=43461"}],"curies":[{"name":"wp","href":"https:\/\/api.w.org\/{rel}","templated":true}]}}