{"id":43590,"date":"2022-10-02T21:33:39","date_gmt":"2022-10-02T19:33:39","guid":{"rendered":"http:\/\/dev.claret.cat\/producte\/la-gallina-que-no-queria-poner-huevos\/"},"modified":"2023-10-06T10:58:17","modified_gmt":"2023-10-06T08:58:17","slug":"la-gallina-que-no-queria-poner-huevos-9788491455394","status":"publish","type":"product","link":"https:\/\/www.claret.cat\/es\/libro\/la-gallina-que-no-queria-poner-huevos-9788491455394\/","title":{"rendered":"LA GALLINA QUE NO QUER\u00cdA PONER HUEVOS"},"content":{"rendered":"<p>\u00bfC\u00f3mo puede ser feliz una gallina que no soporta los huevos, sobre todo si pone uno cada d\u00eda? \u00bfY si la soluci\u00f3n fuera, simplemente, dejar de ponerlos? Es f\u00e1cil de decir, pero no tan f\u00e1cil de conseguir&#8230; S\u00e9verine de la Croix, Anthony Signol y Pauline Roland nos traen la divertida historia de c\u00f3mo la tenaz y ocurrente gallina Cunegunda logr\u00f3 dejar de poner huevos. \u00a1Los peques se partir\u00e1n de la risa!<\/p>\n","protected":false},"excerpt":{"rendered":"<p>DE LA CROIX, S\u00c9VERINE \/ SIGNOL, ANTHONY<\/p>\n","protected":false},"featured_media":59387,"template":"","meta":{"_acf_changed":false,"om_disable_all_campaigns":false,"rs_blank_template":"","rs_page_bg_color":"","slide_template_v7":"","inline_featured_image":false,"_monsterinsights_skip_tracking":false,"_monsterinsights_sitenote_active":false,"_monsterinsights_sitenote_note":"","_monsterinsights_sitenote_category":0},"product_brand":[],"product_cat":[362],"product_tag":[],"class_list":{"0":"post-43590","1":"product","2":"type-product","3":"status-publish","4":"has-post-thumbnail","6":"product_cat-libros-preadolescentes-6-12-anos","8":"first","9":"instock","10":"taxable","11":"shipping-taxable","12":"purchasable","13":"product-type-simple"},"acf":{"autor":"DE LA CROIX, S\u00c9VERINE \/ SIGNOL, ANTHONY","codart":"849145539","libros-coleccion":"PICARONA","ediciones":"1","encuadernacion":"Carton\u00e9","fecha_de_publicacion":"01\/02\/2022","novedad":"1","paginas":"45","subtitulo":"","orden":"0","portada":"0","idioma":"spa","editorial":[{"ID":6329,"post_author":"3","post_date":"2022-07-28 17:49:51","post_date_gmt":"2022-07-28 15:49:51","post_content":"","post_title":"PICARONA","post_excerpt":"","post_status":"publish","comment_status":"closed","ping_status":"closed","post_password":"","post_name":"picarona","to_ping":"","pinged":"","post_modified":"2022-07-28 17:49:51","post_modified_gmt":"2022-07-28 15:49:51","post_content_filtered":"","post_parent":0,"guid":"http:\/\/dev.claret.cat\/editorial\/picarona\/","menu_order":0,"post_type":"editorial","post_mime_type":"","comment_count":"0","filter":"raw"}],"autores-libros":[{"ID":169380,"post_author":"3","post_date":"2022-10-14 22:26:46","post_date_gmt":"2022-10-14 20:26:46","post_content":"","post_title":"S\u00c9VERINE DE LA CROIX","post_excerpt":"","post_status":"publish","comment_status":"closed","ping_status":"closed","post_password":"","post_name":"severine-de-la-croix","to_ping":"","pinged":"","post_modified":"2022-10-14 22:26:46","post_modified_gmt":"2022-10-14 20:26:46","post_content_filtered":"","post_parent":0,"guid":"http:\/\/dev.claret.cat\/autor\/severine-de-la-croix\/","menu_order":0,"post_type":"autor","post_mime_type":"","comment_count":"0","filter":"raw"},{"ID":150775,"post_author":"3","post_date":"2022-10-14 14:35:39","post_date_gmt":"2022-10-14 12:35:39","post_content":"","post_title":"ANTHONY SIGNOL","post_excerpt":"","post_status":"publish","comment_status":"closed","ping_status":"closed","post_password":"","post_name":"anthony-signol","to_ping":"","pinged":"","post_modified":"2022-10-14 14:35:39","post_modified_gmt":"2022-10-14 12:35:39","post_content_filtered":"","post_parent":0,"guid":"http:\/\/dev.claret.cat\/autor\/anthony-signol\/","menu_order":0,"post_type":"autor","post_mime_type":"","comment_count":"0","filter":"raw"}]},"aioseo_notices":[],"_links":{"self":[{"href":"https:\/\/www.claret.cat\/es\/wp-json\/wp\/v2\/product\/43590","targetHints":{"allow":["GET"]}}],"collection":[{"href":"https:\/\/www.claret.cat\/es\/wp-json\/wp\/v2\/product"}],"about":[{"href":"https:\/\/www.claret.cat\/es\/wp-json\/wp\/v2\/types\/product"}],"wp:featuredmedia":[{"embeddable":true,"href":"https:\/\/www.claret.cat\/es\/wp-json\/wp\/v2\/media\/59387"}],"wp:attachment":[{"href":"https:\/\/www.claret.cat\/es\/wp-json\/wp\/v2\/media?parent=43590"}],"wp:term":[{"taxonomy":"product_brand","embeddable":true,"href":"https:\/\/www.claret.cat\/es\/wp-json\/wp\/v2\/product_brand?post=43590"},{"taxonomy":"product_cat","embeddable":true,"href":"https:\/\/www.claret.cat\/es\/wp-json\/wp\/v2\/product_cat?post=43590"},{"taxonomy":"product_tag","embeddable":true,"href":"https:\/\/www.claret.cat\/es\/wp-json\/wp\/v2\/product_tag?post=43590"}],"curies":[{"name":"wp","href":"https:\/\/api.w.org\/{rel}","templated":true}]}}