{"id":43638,"date":"2022-10-02T21:34:36","date_gmt":"2022-10-02T19:34:36","guid":{"rendered":"http:\/\/dev.claret.cat\/producte\/educar-per-a-la-vida\/"},"modified":"2023-12-13T13:47:57","modified_gmt":"2023-12-13T12:47:57","slug":"educar-per-a-la-vida-9788418033698","status":"publish","type":"product","link":"https:\/\/www.claret.cat\/es\/libro\/educar-per-a-la-vida-9788418033698\/","title":{"rendered":"EDUCAR PER A LA VIDA"},"content":{"rendered":"<p>L&#8217;educaci\u00f3, repte de futur per a tota la societat L&#8217;educaci\u00f3 \u00e9s un dels grans reptes de futur, i el model actual dels  instituts i de la secund\u00e0ria desperta preguntes i debats. A quina  societat aspirem? Quin model de joves volem educar? Quin \u00e9s el paper del  professorat? I el de l&#8217;alumnat? Qu\u00e8 s&#8217;espera dels uns i dels altres?  Quins objectius, quins criteris metodol\u00f2gics i d&#8217;avaluaci\u00f3 s&#8217;apliquen als centres educatius? Ramon Grau, partint de la seva experi\u00e8ncia com a docent en diverses  escoles i instituts del pa\u00eds, convida a reflexionar sobre aquestes i  moltes altres q\u00fcestions cabdals en un llibre optimista pel que fa a tot  all\u00f2 que ja ha canviat en el m\u00f3n de l&#8217;educaci\u00f3 i apassionat i innovador quan aborda tot all\u00f2 que encara es pot millorar.<\/p>\n","protected":false},"excerpt":{"rendered":"<p>GRAU, RAMON<\/p>\n","protected":false},"featured_media":59421,"template":"","meta":{"_acf_changed":false,"om_disable_all_campaigns":false,"rs_blank_template":"","rs_page_bg_color":"","slide_template_v7":"","inline_featured_image":false,"_monsterinsights_skip_tracking":false,"_monsterinsights_sitenote_active":false,"_monsterinsights_sitenote_note":"","_monsterinsights_sitenote_category":0},"product_brand":[],"product_cat":[194,457],"product_tag":[],"class_list":{"0":"post-43638","1":"product","2":"type-product","3":"status-publish","4":"has-post-thumbnail","6":"product_cat-comunicacio-i-noves-teconologies","7":"product_cat-comunicacion-y-nuevas-teconologias","9":"first","10":"instock","11":"taxable","12":"shipping-taxable","13":"purchasable","14":"product-type-simple"},"acf":{"autor":"GRAU, RAMON","codart":"841803369","libros-coleccion":"","ediciones":"1","encuadernacion":"R\u00fastica","fecha_de_publicacion":"01\/02\/2022","novedad":"1","paginas":"256","subtitulo":"ELS REPTES DE LA SECUND\u00c0RIA AL SEGLE XXI","orden":"0","portada":"0","idioma":"cat","editorial":[{"ID":6350,"post_author":"3","post_date":"2022-07-28 17:50:18","post_date_gmt":"2022-07-28 15:50:18","post_content":"","post_title":"ROSA DELS VENTS","post_excerpt":"","post_status":"publish","comment_status":"closed","ping_status":"closed","post_password":"","post_name":"rosa-dels-vents","to_ping":"","pinged":"","post_modified":"2022-07-28 17:50:18","post_modified_gmt":"2022-07-28 15:50:18","post_content_filtered":"","post_parent":0,"guid":"http:\/\/dev.claret.cat\/editorial\/rosa-dels-vents\/","menu_order":0,"post_type":"editorial","post_mime_type":"","comment_count":"0","filter":"raw"}],"autores-libros":[{"ID":167723,"post_author":"3","post_date":"2022-10-14 18:13:29","post_date_gmt":"2022-10-14 16:13:29","post_content":"","post_title":"RAMON GRAU","post_excerpt":"","post_status":"publish","comment_status":"closed","ping_status":"closed","post_password":"","post_name":"ramon-grau","to_ping":"","pinged":"","post_modified":"2022-10-14 18:13:29","post_modified_gmt":"2022-10-14 16:13:29","post_content_filtered":"","post_parent":0,"guid":"http:\/\/dev.claret.cat\/autor\/ramon-grau\/","menu_order":0,"post_type":"autor","post_mime_type":"","comment_count":"0","filter":"raw"}]},"aioseo_notices":[],"_links":{"self":[{"href":"https:\/\/www.claret.cat\/es\/wp-json\/wp\/v2\/product\/43638","targetHints":{"allow":["GET"]}}],"collection":[{"href":"https:\/\/www.claret.cat\/es\/wp-json\/wp\/v2\/product"}],"about":[{"href":"https:\/\/www.claret.cat\/es\/wp-json\/wp\/v2\/types\/product"}],"wp:featuredmedia":[{"embeddable":true,"href":"https:\/\/www.claret.cat\/es\/wp-json\/wp\/v2\/media\/59421"}],"wp:attachment":[{"href":"https:\/\/www.claret.cat\/es\/wp-json\/wp\/v2\/media?parent=43638"}],"wp:term":[{"taxonomy":"product_brand","embeddable":true,"href":"https:\/\/www.claret.cat\/es\/wp-json\/wp\/v2\/product_brand?post=43638"},{"taxonomy":"product_cat","embeddable":true,"href":"https:\/\/www.claret.cat\/es\/wp-json\/wp\/v2\/product_cat?post=43638"},{"taxonomy":"product_tag","embeddable":true,"href":"https:\/\/www.claret.cat\/es\/wp-json\/wp\/v2\/product_tag?post=43638"}],"curies":[{"name":"wp","href":"https:\/\/api.w.org\/{rel}","templated":true}]}}