{"id":43653,"date":"2022-10-02T21:34:53","date_gmt":"2022-10-02T19:34:53","guid":{"rendered":"http:\/\/dev.claret.cat\/producte\/hierba\/"},"modified":"2025-11-07T18:30:32","modified_gmt":"2025-11-07T17:30:32","slug":"hierba-9788418052071","status":"publish","type":"product","link":"https:\/\/www.claret.cat\/es\/libro\/hierba-9788418052071\/","title":{"rendered":"HIERBA"},"content":{"rendered":"<p>Una aclamada novela gr\u00e1fica de no ficci\u00f3n sobre las &#8216;mujeres de  consuelo&#8217; asi\u00e1ticas en la Segunda Guerra Mundial. Hierba es la historia real de una superviviente: Lee Ok-Sun, una  joven coreana que durante la Guerra del Pac\u00edfico fue explotada como  \u00abmujer de consuelo\u00bb, el eufemismo utilizado por el ej\u00e9rcito imperial japon\u00e9s para referirse a sus esclavas sexuales. A d\u00eda de hoy, aquel sigue siendo uno de los cap\u00edtulos m\u00e1s oscuros del siglo XX. Partiendo de las entrevistas que mantuvo con Lee Ok-Sun en una  residencia de ancianos, la autora ha narrado el devenir de su infancia  en un ambiente extremadamente humilde, vendida sucesivamente a varias  familias adoptivas, hasta que lleg\u00f3 la ocupaci\u00f3n japonesa y en 1942 fue trasladada a la fuerza a una base a\u00e9rea en China. C\u00d3MIC DEL A\u00d1O para The New York Times, The Guardian, Los Angeles Times, Library Journal. GANADOR DE LOS PREMIOS: Harvey Award, Krause Essay Prize,  Cartoonist Studio Prize, Big Other Book Award, YALSA Book Award, Prix Bulles d&#8221;Humanit\u00e9. FINALISTA DE LOS PREMIOS: Eisner Award, Believer Book Award, LA Times Book Prize, Ringo Award. La cr\u00edtica ha dicho:<br \/>\u00abUna peque\u00f1a joya. [&#8230;] Imprescindible.\u00bb<br \/>Jon Elicegui, AM Podcast \u00abUna obra maestra del c\u00f3mic biogr\u00e1fico e hist\u00f3rico, de la misma magnitud que Maus, Pers\u00e9polis o El arte de volar.\u00bb<br \/>La Repubblica \u00abAtractivo y devastador, te romper\u00e1 el coraz\u00f3n silenciosamente. Con toda probabilidad, el c\u00f3mic del a\u00f1o.\u00bb<br \/>The Guardian \u00abUn testimonio \u00edntimo y sobrio sobre unos hechos abominables.\u00bb<br \/>Lib\u00e9ration \u00abSu dibujo poderoso, de trazo salvaje y negros muy densos, logra meternos de lleno en un reino de pesadilla.\u00bb<br \/>New York Times Book Review \u00abGolpea donde tiene que golpear.\u00bb<br \/>South China Morning Post \u00abEst\u00e1 a la altura de los grandes c\u00f3mics sobre la Historia con may\u00fascula.\u00bb<br \/>Quill and Quire \u00abUn libro inquebrantable.\u00bb<br \/>The New York Times \u00abHay que tener un talento extraordinario para convertir esta historia tr\u00e1gica en una lectura tan fascinante.\u00bb<br \/>Montreal Review of Books \u00abDuro y conmovedor. Gendry-Kim nos cuenta la formidable historia de Lee  Ok-Sun con gracia, sentido de la est\u00e9tica y humildad. Como testimonio, merece ser encumbrado.\u00bb<br \/>Publishers Weekly \u00abUn libro bello y poderoso que a su vez transmite mucha humanidad, la  historia de una superviviente&#8230; Uno de esos libros fundamentales que simplemente no se pueden olvidar.\u00bb<br \/>Planete BD<\/p>\n","protected":false},"excerpt":{"rendered":"<p>GENDRY-KIM, KEUM SUK<\/p>\n","protected":false},"featured_media":394535,"template":"","meta":{"_acf_changed":false,"om_disable_all_campaigns":false,"rs_blank_template":"","rs_page_bg_color":"","slide_template_v7":"","inline_featured_image":false,"_monsterinsights_skip_tracking":false,"_monsterinsights_sitenote_active":false,"_monsterinsights_sitenote_note":"","_monsterinsights_sitenote_category":0},"product_brand":[],"product_cat":[108,558],"product_tag":[],"class_list":{"0":"post-43653","1":"product","2":"type-product","3":"status-publish","4":"has-post-thumbnail","6":"product_cat-comic","7":"product_cat-comic-3_infantil-juvenil-spa-spa","9":"first","10":"instock","11":"taxable","12":"shipping-taxable","13":"purchasable","14":"product-type-simple"},"acf":{"autor":"GENDRY-KIM, KEUM SUK","codart":"841805207","libros-coleccion":"","ediciones":"1","encuadernacion":"R\u00fastica","fecha_de_publicacion":"01\/02\/2022","novedad":"1","paginas":"488","subtitulo":"","orden":"0","portada":"0","idioma":"spa","editorial":[{"ID":148749,"post_author":"3","post_date":"2022-10-14 12:00:41","post_date_gmt":"2022-10-14 10:00:41","post_content":"","post_title":"RESERVOIR BOOKS","post_excerpt":"","post_status":"publish","comment_status":"closed","ping_status":"closed","post_password":"","post_name":"reservoir-books","to_ping":"","pinged":"","post_modified":"2022-10-14 12:00:41","post_modified_gmt":"2022-10-14 10:00:41","post_content_filtered":"","post_parent":0,"guid":"http:\/\/dev.claret.cat\/editorial\/reservoir-books\/","menu_order":0,"post_type":"editorial","post_mime_type":"","comment_count":"0","filter":"raw"}],"autores-libros":[{"ID":161652,"post_author":"3","post_date":"2022-10-14 17:19:57","post_date_gmt":"2022-10-14 15:19:57","post_content":"","post_title":"KEUM SUK GENDRY-KIM","post_excerpt":"","post_status":"publish","comment_status":"closed","ping_status":"closed","post_password":"","post_name":"keum-suk-gendry-kim-2","to_ping":"","pinged":"","post_modified":"2022-10-14 17:19:57","post_modified_gmt":"2022-10-14 15:19:57","post_content_filtered":"","post_parent":0,"guid":"http:\/\/dev.claret.cat\/autor\/keum-suk-gendry-kim-2\/","menu_order":0,"post_type":"autor","post_mime_type":"","comment_count":"0","filter":"raw"}],"booktrailer":"","resenas":""},"aioseo_notices":[],"_links":{"self":[{"href":"https:\/\/www.claret.cat\/es\/wp-json\/wp\/v2\/product\/43653","targetHints":{"allow":["GET"]}}],"collection":[{"href":"https:\/\/www.claret.cat\/es\/wp-json\/wp\/v2\/product"}],"about":[{"href":"https:\/\/www.claret.cat\/es\/wp-json\/wp\/v2\/types\/product"}],"wp:featuredmedia":[{"embeddable":true,"href":"https:\/\/www.claret.cat\/es\/wp-json\/wp\/v2\/media\/394535"}],"wp:attachment":[{"href":"https:\/\/www.claret.cat\/es\/wp-json\/wp\/v2\/media?parent=43653"}],"wp:term":[{"taxonomy":"product_brand","embeddable":true,"href":"https:\/\/www.claret.cat\/es\/wp-json\/wp\/v2\/product_brand?post=43653"},{"taxonomy":"product_cat","embeddable":true,"href":"https:\/\/www.claret.cat\/es\/wp-json\/wp\/v2\/product_cat?post=43653"},{"taxonomy":"product_tag","embeddable":true,"href":"https:\/\/www.claret.cat\/es\/wp-json\/wp\/v2\/product_tag?post=43653"}],"curies":[{"name":"wp","href":"https:\/\/api.w.org\/{rel}","templated":true}]}}