{"id":43701,"date":"2022-10-02T21:35:41","date_gmt":"2022-10-02T19:35:41","guid":{"rendered":"http:\/\/dev.claret.cat\/producte\/oic-oic-timoteu\/"},"modified":"2023-01-28T00:12:43","modified_gmt":"2023-01-27T23:12:43","slug":"oic-oic-timoteu-9788418277740","status":"publish","type":"product","link":"https:\/\/www.claret.cat\/es\/libro\/oic-oic-timoteu-9788418277740\/","title":{"rendered":"OIC, OIC, TIMOTEU"},"content":{"rendered":"<p>Timoteo el senglar vol fer una festa a la seva casa. Per\u00f2 est\u00e0 tot potes enlaire! La girafa Marcelina, l&#8221;elefant Felipe, el ping\u00fc\u00ed Celestino\u2026 totes les seves amigues yamigos v\u00e9nen a ajudar-lo a preparar la festa.<\/p>\n<p> Divertida i f\u00e0cil hist\u00f2ria per a fer riure als m\u00e9s petits i comen\u00e7ar a ensenyar-los la import\u00e0ncia de mantenir l&#8221;ordre a la casa.<\/p>\n","protected":false},"excerpt":{"rendered":"<p>IGLESIAS, GRACIA<\/p>\n","protected":false},"featured_media":59469,"template":"","meta":{"_acf_changed":false,"om_disable_all_campaigns":false,"rs_blank_template":"","rs_page_bg_color":"","slide_template_v7":"","inline_featured_image":false,"_monsterinsights_skip_tracking":false,"_monsterinsights_sitenote_active":false,"_monsterinsights_sitenote_note":"","_monsterinsights_sitenote_category":0},"product_brand":[],"product_cat":[131],"product_tag":[],"class_list":{"0":"post-43701","1":"product","2":"type-product","3":"status-publish","4":"has-post-thumbnail","6":"product_cat-contes-per-infants-0-6-anys","8":"first","9":"instock","10":"taxable","11":"shipping-taxable","12":"purchasable","13":"product-type-simple"},"acf":{"autor":"IGLESIAS, GRACIA","codart":"841827774","libros-coleccion":"Miau","ediciones":"1","encuadernacion":"Carpeta","fecha_de_publicacion":"01\/04\/2021","novedad":"1","paginas":"12","subtitulo":"","orden":"0","portada":"0","idioma":"cat","editorial":[{"ID":147821,"post_author":"3","post_date":"2022-10-14 11:53:28","post_date_gmt":"2022-10-14 09:53:28","post_content":"","post_title":"Ediciones Jaguar","post_excerpt":"","post_status":"publish","comment_status":"closed","ping_status":"closed","post_password":"","post_name":"ediciones-jaguar","to_ping":"","pinged":"","post_modified":"2022-10-14 11:53:28","post_modified_gmt":"2022-10-14 09:53:28","post_content_filtered":"","post_parent":0,"guid":"http:\/\/dev.claret.cat\/editorial\/ediciones-jaguar\/","menu_order":0,"post_type":"editorial","post_mime_type":"","comment_count":"0","filter":"raw"}],"autores-libros":[{"ID":157085,"post_author":"3","post_date":"2022-10-14 15:26:00","post_date_gmt":"2022-10-14 13:26:00","post_content":"","post_title":"GRACIA IGLESIAS","post_excerpt":"","post_status":"publish","comment_status":"closed","ping_status":"closed","post_password":"","post_name":"gracia-iglesias","to_ping":"","pinged":"","post_modified":"2022-10-14 15:26:00","post_modified_gmt":"2022-10-14 13:26:00","post_content_filtered":"","post_parent":0,"guid":"http:\/\/dev.claret.cat\/autor\/gracia-iglesias\/","menu_order":0,"post_type":"autor","post_mime_type":"","comment_count":"0","filter":"raw"}]},"aioseo_notices":[],"_links":{"self":[{"href":"https:\/\/www.claret.cat\/es\/wp-json\/wp\/v2\/product\/43701","targetHints":{"allow":["GET"]}}],"collection":[{"href":"https:\/\/www.claret.cat\/es\/wp-json\/wp\/v2\/product"}],"about":[{"href":"https:\/\/www.claret.cat\/es\/wp-json\/wp\/v2\/types\/product"}],"wp:featuredmedia":[{"embeddable":true,"href":"https:\/\/www.claret.cat\/es\/wp-json\/wp\/v2\/media\/59469"}],"wp:attachment":[{"href":"https:\/\/www.claret.cat\/es\/wp-json\/wp\/v2\/media?parent=43701"}],"wp:term":[{"taxonomy":"product_brand","embeddable":true,"href":"https:\/\/www.claret.cat\/es\/wp-json\/wp\/v2\/product_brand?post=43701"},{"taxonomy":"product_cat","embeddable":true,"href":"https:\/\/www.claret.cat\/es\/wp-json\/wp\/v2\/product_cat?post=43701"},{"taxonomy":"product_tag","embeddable":true,"href":"https:\/\/www.claret.cat\/es\/wp-json\/wp\/v2\/product_tag?post=43701"}],"curies":[{"name":"wp","href":"https:\/\/api.w.org\/{rel}","templated":true}]}}