{"id":438,"date":"2022-07-27T15:18:03","date_gmt":"2022-07-27T13:18:03","guid":{"rendered":"http:\/\/dev.claret.cat\/producto\/1795-trilogia-de-estocolmo-3-9788418681271\/"},"modified":"2023-10-06T08:49:19","modified_gmt":"2023-10-06T06:49:19","slug":"1795-trilogia-de-estocolmo-3-9788418681271","status":"publish","type":"product","link":"https:\/\/www.claret.cat\/es\/libro\/1795-trilogia-de-estocolmo-3-9788418681271\/","title":{"rendered":"1795 (TRILOG\u00cdA DE ESTOCOLMO 3)"},"content":{"rendered":"<p>En el esperado final de la aclamada trilog\u00eda hist\u00f3rica de Niklas Natt  och Dag se vislumbran las puertas del infierno. En la \u00faltima entrega de la aclamada trilog\u00eda de Niklas Natt och Dag, el  mal acecha por los sinuosos callejones de Estocolmo, encarnado en la  figura del turbio y vengativo Tycho Ceton, que prepara un asombroso y  perverso plan para sumir a la capital sueca en los abismos infernales. Dos l\u00facidos investigadores intentan atrapar al siniestro Ceton desde  hace m\u00e1s de un a\u00f1o: aunque Emil Winge dedica todos sus esfuerzos a  resolver el caso, los fantasmas del pasado lo acechan, las autoridades  tienen asuntos m\u00e1s importantes que atender y su fiel escudero, Mickel  Cardell, est\u00e1 ocupado en la b\u00fasqueda de Anna Stina Knapp, desaparecida tras la muerte de sus mellizos. Entretanto, el infierno se cierne de un modo inexorable&#8230; La cr\u00edtica ha dicho:<br \/>\u00abEl fen\u00f3meno de la novela negra antes del fin del mundo.\u00bb<br \/>Carlos Zan\u00f3n \u00abDicen de \u00e9l que es el nuevo Stieg Larsson. Ahora su nombre te resultar\u00e1 impronunciable, pero te lo aprender\u00e1s seguro.\u00bb<br \/>Patricia Villalobos \u00abPaisajes grises o helados. Historias que estremecen. Preciosa ambientaci\u00f3n y tramas de alta intensidad.\u00bb<br \/>Lilian Neuman \u00abUn fresco completo del mal absoluto.\u00bb<br \/>Ernesto Calabuig \u00abNarrativamente, el mejor volumen de la trilog\u00eda.\u00bb<br \/>Svenska Dagbladet \u00abExtremadamente seductora. [&#8230;] No puedes parar de leer.\u00bb<br \/>Weekendavisen \u00abUna cima literaria.\u00bb<br \/>Jyllands-Posten \u00ab\u00a1Una lectura \u00fanica!\u00bb<br \/>Mariestads-Tidningen \u00abUn narrador brillante. [&#8230;] Niklas Natt och Dag ha creado una trilog\u00eda  \u00fanica, una poderosa recreaci\u00f3n de la historia y una saga polic\u00edaca incre\u00edblemente apasionante y sangrienta.\u00bb<br \/>Dagens Nyheter<\/p>\n","protected":false},"excerpt":{"rendered":"<p>NATT OCH DAG, NIKLAS<\/p>\n","protected":false},"featured_media":53823,"template":"","meta":{"_acf_changed":false,"om_disable_all_campaigns":false,"rs_blank_template":"","rs_page_bg_color":"","slide_template_v7":"","inline_featured_image":false,"_monsterinsights_skip_tracking":false,"_monsterinsights_sitenote_active":false,"_monsterinsights_sitenote_note":"","_monsterinsights_sitenote_category":0},"product_brand":[],"product_cat":[360],"product_tag":[],"class_list":{"0":"post-438","1":"product","2":"type-product","3":"status-publish","4":"has-post-thumbnail","6":"product_cat-novela-historica-y-ficcion","8":"first","9":"instock","10":"taxable","11":"shipping-taxable","12":"purchasable","13":"product-type-simple"},"acf":{"autor":"NATT OCH DAG, NIKLAS","codart":"841868127","ediciones":"1","encuadernacion":"R\u00fastica","fecha_de_publicacion":"01\/06\/2022","novedad":"1","paginas":"448","subtitulo":"","orden":"0","portada":"0","idioma":"spa","libros-coleccion":"FORA DE COL.LECCI\u00d3","autores-libros":[{"ID":5892,"post_author":"3","post_date":"2022-07-28 17:33:44","post_date_gmt":"2022-07-28 15:33:44","post_content":"","post_title":"NIKLAS NATT OCH DAG","post_excerpt":"","post_status":"publish","comment_status":"closed","ping_status":"closed","post_password":"","post_name":"niklas-natt-och-dag","to_ping":"","pinged":"","post_modified":"2022-07-28 17:33:44","post_modified_gmt":"2022-07-28 15:33:44","post_content_filtered":"","post_parent":0,"guid":"http:\/\/dev.claret.cat\/autor\/niklas-natt-och-dag\/","menu_order":0,"post_type":"autor","post_mime_type":"","comment_count":"0","filter":"raw"}],"editorial":[{"ID":6352,"post_author":"3","post_date":"2022-07-28 17:50:21","post_date_gmt":"2022-07-28 15:50:21","post_content":"","post_title":"SALAMANDRA","post_excerpt":"","post_status":"publish","comment_status":"closed","ping_status":"closed","post_password":"","post_name":"salamandra","to_ping":"","pinged":"","post_modified":"2022-07-28 17:50:21","post_modified_gmt":"2022-07-28 15:50:21","post_content_filtered":"","post_parent":0,"guid":"http:\/\/dev.claret.cat\/editorial\/salamandra\/","menu_order":0,"post_type":"editorial","post_mime_type":"","comment_count":"0","filter":"raw"}]},"aioseo_notices":[],"_links":{"self":[{"href":"https:\/\/www.claret.cat\/es\/wp-json\/wp\/v2\/product\/438","targetHints":{"allow":["GET"]}}],"collection":[{"href":"https:\/\/www.claret.cat\/es\/wp-json\/wp\/v2\/product"}],"about":[{"href":"https:\/\/www.claret.cat\/es\/wp-json\/wp\/v2\/types\/product"}],"wp:featuredmedia":[{"embeddable":true,"href":"https:\/\/www.claret.cat\/es\/wp-json\/wp\/v2\/media\/53823"}],"wp:attachment":[{"href":"https:\/\/www.claret.cat\/es\/wp-json\/wp\/v2\/media?parent=438"}],"wp:term":[{"taxonomy":"product_brand","embeddable":true,"href":"https:\/\/www.claret.cat\/es\/wp-json\/wp\/v2\/product_brand?post=438"},{"taxonomy":"product_cat","embeddable":true,"href":"https:\/\/www.claret.cat\/es\/wp-json\/wp\/v2\/product_cat?post=438"},{"taxonomy":"product_tag","embeddable":true,"href":"https:\/\/www.claret.cat\/es\/wp-json\/wp\/v2\/product_tag?post=438"}],"curies":[{"name":"wp","href":"https:\/\/api.w.org\/{rel}","templated":true}]}}