{"id":43910,"date":"2022-10-02T21:38:51","date_gmt":"2022-10-02T19:38:51","guid":{"rendered":"http:\/\/dev.claret.cat\/producte\/oinc-oinc-timoteo\/"},"modified":"2023-01-28T01:28:03","modified_gmt":"2023-01-28T00:28:03","slug":"oinc-oinc-timoteo-9788418277733","status":"publish","type":"product","link":"https:\/\/www.claret.cat\/es\/libro\/oinc-oinc-timoteo-9788418277733\/","title":{"rendered":"OINC, OINC, TIMOTEO"},"content":{"rendered":"<p>Timoteo el jabal\u00ed quiere hacer una fiesta en su casa. \u00a1Pero est\u00e1 todo patas arriba! La jirafa Marcelina, el elefante Felipe, el ping\u00fcino Celestino\u2026, todas sus amigas y amigos vienen a ayudarle a preparar la fiesta.<\/p>\n<p> Divertida y f\u00e1cil historia para hacer re\u00edr a los m\u00e1s peque\u00f1os y empezar a ense\u00f1arles la importancia de mantener el orden en la casa.<\/p>\n","protected":false},"excerpt":{"rendered":"<p>IGLESIAS, GRACIA<\/p>\n","protected":false},"featured_media":59615,"template":"","meta":{"_acf_changed":false,"om_disable_all_campaigns":false,"rs_blank_template":"","rs_page_bg_color":"","slide_template_v7":"","inline_featured_image":false,"_monsterinsights_skip_tracking":false,"_monsterinsights_sitenote_active":false,"_monsterinsights_sitenote_note":"","_monsterinsights_sitenote_category":0},"product_brand":[],"product_cat":[131],"product_tag":[],"class_list":{"0":"post-43910","1":"product","2":"type-product","3":"status-publish","4":"has-post-thumbnail","6":"product_cat-contes-per-infants-0-6-anys","8":"first","9":"instock","10":"taxable","11":"shipping-taxable","12":"purchasable","13":"product-type-simple"},"acf":{"autor":"IGLESIAS, GRACIA","codart":"841827773","libros-coleccion":"FORA DE COL.LECCI\u00d3","ediciones":"1","encuadernacion":"Carpeta","fecha_de_publicacion":"01\/04\/2021","novedad":"1","paginas":"20","subtitulo":"","orden":"0","portada":"0","idioma":"spa","editorial":[{"ID":147821,"post_author":"3","post_date":"2022-10-14 11:53:28","post_date_gmt":"2022-10-14 09:53:28","post_content":"","post_title":"Ediciones Jaguar","post_excerpt":"","post_status":"publish","comment_status":"closed","ping_status":"closed","post_password":"","post_name":"ediciones-jaguar","to_ping":"","pinged":"","post_modified":"2022-10-14 11:53:28","post_modified_gmt":"2022-10-14 09:53:28","post_content_filtered":"","post_parent":0,"guid":"http:\/\/dev.claret.cat\/editorial\/ediciones-jaguar\/","menu_order":0,"post_type":"editorial","post_mime_type":"","comment_count":"0","filter":"raw"}],"autores-libros":[{"ID":157085,"post_author":"3","post_date":"2022-10-14 15:26:00","post_date_gmt":"2022-10-14 13:26:00","post_content":"","post_title":"GRACIA IGLESIAS","post_excerpt":"","post_status":"publish","comment_status":"closed","ping_status":"closed","post_password":"","post_name":"gracia-iglesias","to_ping":"","pinged":"","post_modified":"2022-10-14 15:26:00","post_modified_gmt":"2022-10-14 13:26:00","post_content_filtered":"","post_parent":0,"guid":"http:\/\/dev.claret.cat\/autor\/gracia-iglesias\/","menu_order":0,"post_type":"autor","post_mime_type":"","comment_count":"0","filter":"raw"}]},"aioseo_notices":[],"_links":{"self":[{"href":"https:\/\/www.claret.cat\/es\/wp-json\/wp\/v2\/product\/43910","targetHints":{"allow":["GET"]}}],"collection":[{"href":"https:\/\/www.claret.cat\/es\/wp-json\/wp\/v2\/product"}],"about":[{"href":"https:\/\/www.claret.cat\/es\/wp-json\/wp\/v2\/types\/product"}],"wp:featuredmedia":[{"embeddable":true,"href":"https:\/\/www.claret.cat\/es\/wp-json\/wp\/v2\/media\/59615"}],"wp:attachment":[{"href":"https:\/\/www.claret.cat\/es\/wp-json\/wp\/v2\/media?parent=43910"}],"wp:term":[{"taxonomy":"product_brand","embeddable":true,"href":"https:\/\/www.claret.cat\/es\/wp-json\/wp\/v2\/product_brand?post=43910"},{"taxonomy":"product_cat","embeddable":true,"href":"https:\/\/www.claret.cat\/es\/wp-json\/wp\/v2\/product_cat?post=43910"},{"taxonomy":"product_tag","embeddable":true,"href":"https:\/\/www.claret.cat\/es\/wp-json\/wp\/v2\/product_tag?post=43910"}],"curies":[{"name":"wp","href":"https:\/\/api.w.org\/{rel}","templated":true}]}}