{"id":43963,"date":"2022-10-02T21:39:44","date_gmt":"2022-10-02T19:39:44","guid":{"rendered":"http:\/\/dev.claret.cat\/producte\/la-pirata-guiomar\/"},"modified":"2023-10-06T10:46:52","modified_gmt":"2023-10-06T08:46:52","slug":"la-pirata-guiomar-9788418184963","status":"publish","type":"product","link":"https:\/\/www.claret.cat\/es\/libro\/la-pirata-guiomar-9788418184963\/","title":{"rendered":"LA PIRATA GUIOMAR"},"content":{"rendered":"<p>Guiomar va siempre con el Manual pirata bajo el brazo, conoce bien todos los secretos y trucos necesarios. Y, aunque al capit\u00e1n Sopapo no le gustan los libros, cuando la traves\u00eda se complica el manual de Guiomar les salva la vida. Y si adem\u00e1s llega un mensaje en una botella con el mapa del tesoro m\u00e1s grande jam\u00e1s encontrado\u2026 este cuento se convierte en un acontecimiento extraordinario. \u00a1Una biblioteca a bordo!<\/p>\n","protected":false},"excerpt":{"rendered":"<p>DOCHERTY, HELEN \/ DOCHERTY, THOMAS<\/p>\n","protected":false},"featured_media":59659,"template":"","meta":{"_acf_changed":false,"om_disable_all_campaigns":false,"rs_blank_template":"","rs_page_bg_color":"","slide_template_v7":"","inline_featured_image":false,"_monsterinsights_skip_tracking":false,"_monsterinsights_sitenote_active":false,"_monsterinsights_sitenote_note":"","_monsterinsights_sitenote_category":0},"product_brand":[],"product_cat":[362],"product_tag":[],"class_list":{"0":"post-43963","1":"product","2":"type-product","3":"status-publish","4":"has-post-thumbnail","6":"product_cat-libros-preadolescentes-6-12-anos","8":"first","9":"instock","10":"taxable","11":"shipping-taxable","12":"purchasable","13":"product-type-simple"},"acf":{"autor":"DOCHERTY, HELEN \/ DOCHERTY, THOMAS","codart":"841818496","libros-coleccion":"\u00c1lbumes ilustrados","ediciones":"1","encuadernacion":"Carton\u00e9","fecha_de_publicacion":"01\/02\/2022","novedad":"1","paginas":"48","subtitulo":"MIL CUENTOS POR CONTAR","orden":"0","portada":"0","idioma":"spa","editorial":[{"ID":6297,"post_author":"3","post_date":"2022-07-28 17:49:10","post_date_gmt":"2022-07-28 15:49:10","post_content":"","post_title":"Maeva Ediciones","post_excerpt":"","post_status":"publish","comment_status":"closed","ping_status":"closed","post_password":"","post_name":"maeva-ediciones","to_ping":"","pinged":"","post_modified":"2022-07-28 17:49:10","post_modified_gmt":"2022-07-28 15:49:10","post_content_filtered":"","post_parent":0,"guid":"http:\/\/dev.claret.cat\/editorial\/maeva-ediciones\/","menu_order":0,"post_type":"editorial","post_mime_type":"","comment_count":"0","filter":"raw"}],"autores-libros":[{"ID":157444,"post_author":"3","post_date":"2022-10-14 15:28:52","post_date_gmt":"2022-10-14 13:28:52","post_content":"","post_title":"HELEN DOCHERTY","post_excerpt":"","post_status":"publish","comment_status":"closed","ping_status":"closed","post_password":"","post_name":"helen-docherty","to_ping":"","pinged":"","post_modified":"2022-10-14 15:28:52","post_modified_gmt":"2022-10-14 13:28:52","post_content_filtered":"","post_parent":0,"guid":"http:\/\/dev.claret.cat\/autor\/helen-docherty\/","menu_order":0,"post_type":"autor","post_mime_type":"","comment_count":"0","filter":"raw"},{"ID":170332,"post_author":"3","post_date":"2022-10-14 22:34:28","post_date_gmt":"2022-10-14 20:34:28","post_content":"","post_title":"THOMAS DOCHERTY","post_excerpt":"","post_status":"publish","comment_status":"closed","ping_status":"closed","post_password":"","post_name":"thomas-docherty","to_ping":"","pinged":"","post_modified":"2022-10-14 22:34:28","post_modified_gmt":"2022-10-14 20:34:28","post_content_filtered":"","post_parent":0,"guid":"http:\/\/dev.claret.cat\/autor\/thomas-docherty\/","menu_order":0,"post_type":"autor","post_mime_type":"","comment_count":"0","filter":"raw"}]},"aioseo_notices":[],"_links":{"self":[{"href":"https:\/\/www.claret.cat\/es\/wp-json\/wp\/v2\/product\/43963","targetHints":{"allow":["GET"]}}],"collection":[{"href":"https:\/\/www.claret.cat\/es\/wp-json\/wp\/v2\/product"}],"about":[{"href":"https:\/\/www.claret.cat\/es\/wp-json\/wp\/v2\/types\/product"}],"wp:featuredmedia":[{"embeddable":true,"href":"https:\/\/www.claret.cat\/es\/wp-json\/wp\/v2\/media\/59659"}],"wp:attachment":[{"href":"https:\/\/www.claret.cat\/es\/wp-json\/wp\/v2\/media?parent=43963"}],"wp:term":[{"taxonomy":"product_brand","embeddable":true,"href":"https:\/\/www.claret.cat\/es\/wp-json\/wp\/v2\/product_brand?post=43963"},{"taxonomy":"product_cat","embeddable":true,"href":"https:\/\/www.claret.cat\/es\/wp-json\/wp\/v2\/product_cat?post=43963"},{"taxonomy":"product_tag","embeddable":true,"href":"https:\/\/www.claret.cat\/es\/wp-json\/wp\/v2\/product_tag?post=43963"}],"curies":[{"name":"wp","href":"https:\/\/api.w.org\/{rel}","templated":true}]}}