{"id":44021,"date":"2022-10-02T21:40:50","date_gmt":"2022-10-02T19:40:50","guid":{"rendered":"http:\/\/dev.claret.cat\/producte\/adultos-vulnerados-en-la-iglesia\/"},"modified":"2024-05-02T07:56:23","modified_gmt":"2024-05-02T05:56:23","slug":"adultos-vulnerados-en-la-iglesia-9788428563161","status":"publish","type":"product","link":"https:\/\/www.claret.cat\/es\/libro\/adultos-vulnerados-en-la-iglesia-9788428563161\/","title":{"rendered":"ADULTOS VULNERADOS EN LA IGLESIA"},"content":{"rendered":"<p>Mucho se ha escrito en los \u00faltimos tiempos acerca de los abusos sexuales a menores en la Iglesia. Sin embargo, apenas se habla de los casos de abusos sexuales a adultos, a los que se les presupone, por su mayor\u00eda de edad, el pleno consentimiento. Pero todos los adultos somos susceptibles de ser vulnerables cuando nos situamos en una relaci\u00f3n de asimetr\u00eda, como puede ser la del acompa\u00f1amiento espiritual, p\u00e1rroco-feligr\u00e9s\/feligresa, superior\/a-hermano\/a de comunidad\u2026 Paula Merelo, inspirada en el desaf\u00edo que Hans Zollner, sj, lanz\u00f3 sobre la necesidad de construir una teolog\u00eda de los abusos, busca dar visibilidad a las v\u00edctimas y crear conciencia sobre una lacra que est\u00e1 corrompiendo el coraz\u00f3n de la Iglesia. Su objetivo es romper definitivamente con la cultura de la ocultaci\u00f3n que perpet\u00faa la posibilidad de que los abusos se repitan, y proteger y dignificar tambi\u00e9n a estas v\u00edctimas. Incluye el valiente testimonio de una v\u00edctima que generosamente ha querido compartir su dolorosa experiencia y los datos obtenidos a partir de una encuesta realizada por la propia autora a m\u00e1s de 300 personas.<\/p>\n","protected":false},"excerpt":{"rendered":"<p>MERELO ROMOJARO, PAULA<\/p>\n","protected":false},"featured_media":336567,"template":"","meta":{"_acf_changed":false,"om_disable_all_campaigns":false,"rs_blank_template":"","rs_page_bg_color":"","slide_template_v7":"","inline_featured_image":false,"_monsterinsights_skip_tracking":false,"_monsterinsights_sitenote_active":false,"_monsterinsights_sitenote_note":"","_monsterinsights_sitenote_category":0},"product_brand":[],"product_cat":[543,93,516,290],"product_tag":[],"class_list":{"0":"post-44021","1":"product","2":"type-product","3":"status-publish","4":"has-post-thumbnail","6":"product_cat-eclesiologia-es","7":"product_cat-eclesiologia","8":"product_cat-moral-de-la-persona-sexualidad","9":"product_cat-moral-de-la-persona-sexualitat","11":"first","12":"instock","13":"taxable","14":"shipping-taxable","15":"purchasable","16":"product-type-simple"},"acf":{"autor":"MERELO ROMOJARO, PAULA","codart":"842856316","libros-coleccion":"FORA DE COL.LECCI\u00d3","ediciones":"1","encuadernacion":"R\u00fastica","fecha_de_publicacion":"16\/02\/2022","novedad":"1","paginas":"128","subtitulo":"","orden":"0","portada":"0","idioma":"spa","editorial":[{"ID":6356,"post_author":"3","post_date":"2022-07-28 17:50:26","post_date_gmt":"2022-07-28 15:50:26","post_content":"","post_title":"SAN PABLO COMUNICACI\u00d3N","post_excerpt":"","post_status":"publish","comment_status":"closed","ping_status":"closed","post_password":"","post_name":"san-pablo-comunicacion","to_ping":"","pinged":"","post_modified":"2022-07-28 17:50:26","post_modified_gmt":"2022-07-28 15:50:26","post_content_filtered":"","post_parent":0,"guid":"http:\/\/dev.claret.cat\/editorial\/san-pablo-comunicacion\/","menu_order":0,"post_type":"editorial","post_mime_type":"","comment_count":"0","filter":"raw"}],"autores-libros":[{"ID":166783,"post_author":"3","post_date":"2022-10-14 18:06:01","post_date_gmt":"2022-10-14 16:06:01","post_content":"","post_title":"PAULA MERELO ROMOJARO","post_excerpt":"","post_status":"publish","comment_status":"closed","ping_status":"closed","post_password":"","post_name":"paula-merelo-romojaro","to_ping":"","pinged":"","post_modified":"2022-10-14 18:06:01","post_modified_gmt":"2022-10-14 16:06:01","post_content_filtered":"","post_parent":0,"guid":"http:\/\/dev.claret.cat\/autor\/paula-merelo-romojaro\/","menu_order":0,"post_type":"autor","post_mime_type":"","comment_count":"0","filter":"raw"}]},"aioseo_notices":[],"_links":{"self":[{"href":"https:\/\/www.claret.cat\/es\/wp-json\/wp\/v2\/product\/44021","targetHints":{"allow":["GET"]}}],"collection":[{"href":"https:\/\/www.claret.cat\/es\/wp-json\/wp\/v2\/product"}],"about":[{"href":"https:\/\/www.claret.cat\/es\/wp-json\/wp\/v2\/types\/product"}],"wp:featuredmedia":[{"embeddable":true,"href":"https:\/\/www.claret.cat\/es\/wp-json\/wp\/v2\/media\/336567"}],"wp:attachment":[{"href":"https:\/\/www.claret.cat\/es\/wp-json\/wp\/v2\/media?parent=44021"}],"wp:term":[{"taxonomy":"product_brand","embeddable":true,"href":"https:\/\/www.claret.cat\/es\/wp-json\/wp\/v2\/product_brand?post=44021"},{"taxonomy":"product_cat","embeddable":true,"href":"https:\/\/www.claret.cat\/es\/wp-json\/wp\/v2\/product_cat?post=44021"},{"taxonomy":"product_tag","embeddable":true,"href":"https:\/\/www.claret.cat\/es\/wp-json\/wp\/v2\/product_tag?post=44021"}],"curies":[{"name":"wp","href":"https:\/\/api.w.org\/{rel}","templated":true}]}}