{"id":44210,"date":"2022-10-02T21:44:01","date_gmt":"2022-10-02T19:44:01","guid":{"rendered":"http:\/\/dev.claret.cat\/producte\/filles-duna-nova-era\/"},"modified":"2024-01-31T18:28:15","modified_gmt":"2024-01-31T17:28:15","slug":"filles-duna-nova-era-9788418572814","status":"publish","type":"product","link":"https:\/\/www.claret.cat\/es\/libro\/filles-duna-nova-era-9788418572814\/","title":{"rendered":"FILLES D&#8217;UNA NOVA ERA"},"content":{"rendered":"<p>La primera entrega de la saga d&#8221;\u00e8xit internacional que ha emocionat m\u00e9s de 2.000.000 lectors.<br \/> A l&#8221;Hamburg del 1919, just superada l&#8221;\u00e8poca m\u00e9s fosca despr\u00e9s de la Primera Guerra Mundial, la jove Henny somia convertir-se en comadrona. De fam\u00edlia burgesa, viu a l&#8221;ombra de la seva mare i, juntament amb la K\u00e4the, d&#8221;origen m\u00e9s humil, emancipada i comunista, acaba d&#8221;iniciar la seva formaci\u00f3 a l&#8221;hospital. Les acompanyen dues noies m\u00e9s: l&#8221;Ida, rica i mimada, amaga una \u00e0nima rebel sota capes de convencions, i la Lina, progressista i cultivada, s&#8221;ocupa del seu germ\u00e0 des que van quedar orfes.<br \/> Malgrat les difer\u00e8ncies, les quatre noies es faran amigues inseparables. Juntes creixeran i s&#8221;enfrontaran als cops i les alegries del dest\u00ed: bodes concertades, desafiaments laborals, felicitat i p\u00e8rdua; i juntes veuran tamb\u00e9 com es transforma el m\u00f3n, el final de les llibertats i la terrible amena\u00e7a nazi. Fets grans i petits que queden entrella\u00e7ats, sempre, pel fil de l&#8221;amistat.<br \/> Filles d&#8221;una nova era \u00e9s el primer cap\u00edtol d&#8221;una saga fascinant que parla de llibertat, amor, valentia i lluita, i a trav\u00e9s d&#8221;una generaci\u00f3 de dones que no es van deixar anul\u00b7lar per les circumst\u00e0ncies que els va tocar viure, ens narra la fascinant hist\u00f2ria del segle XX.<\/p>\n","protected":false},"excerpt":{"rendered":"<p>KORN, CARMEN<\/p>\n","protected":false},"featured_media":59825,"template":"","meta":{"_acf_changed":false,"om_disable_all_campaigns":false,"rs_blank_template":"","rs_page_bg_color":"","slide_template_v7":"","inline_featured_image":false,"_monsterinsights_skip_tracking":false,"_monsterinsights_sitenote_active":false,"_monsterinsights_sitenote_note":"","_monsterinsights_sitenote_category":0},"product_brand":[],"product_cat":[127,130,357,360],"product_tag":[],"class_list":{"0":"post-44210","1":"product","2":"type-product","3":"status-publish","4":"has-post-thumbnail","6":"product_cat-novella-contemporania","7":"product_cat-novella-historica-i-ficcio","8":"product_cat-novela-contemporanea","9":"product_cat-novela-historica-y-ficcion","11":"first","12":"instock","13":"taxable","14":"shipping-taxable","15":"purchasable","16":"product-type-simple"},"acf":{"autor":"KORN, CARMEN","codart":"841857281","libros-coleccion":"LABUTXACA","ediciones":"1","encuadernacion":"R\u00fastica","fecha_de_publicacion":"01\/02\/2022","novedad":"1","paginas":"559","subtitulo":"SAGA FILLES D'UNA NOVA ERA 1","orden":"0","portada":"0","idioma":"cat","editorial":[{"ID":6281,"post_author":"3","post_date":"2022-07-28 17:48:50","post_date_gmt":"2022-07-28 15:48:50","post_content":"","post_title":"LABUTXACA","post_excerpt":"","post_status":"publish","comment_status":"closed","ping_status":"closed","post_password":"","post_name":"labutxaca","to_ping":"","pinged":"","post_modified":"2022-07-28 17:48:50","post_modified_gmt":"2022-07-28 15:48:50","post_content_filtered":"","post_parent":0,"guid":"http:\/\/dev.claret.cat\/editorial\/labutxaca\/","menu_order":0,"post_type":"editorial","post_mime_type":"","comment_count":"0","filter":"raw"}],"autores-libros":[{"ID":152422,"post_author":"3","post_date":"2022-10-14 14:48:38","post_date_gmt":"2022-10-14 12:48:38","post_content":"","post_title":"CARMEN KORN","post_excerpt":"","post_status":"publish","comment_status":"closed","ping_status":"closed","post_password":"","post_name":"carmen-korn","to_ping":"","pinged":"","post_modified":"2022-10-14 14:48:38","post_modified_gmt":"2022-10-14 12:48:38","post_content_filtered":"","post_parent":0,"guid":"http:\/\/dev.claret.cat\/autor\/carmen-korn\/","menu_order":0,"post_type":"autor","post_mime_type":"","comment_count":"0","filter":"raw"}]},"aioseo_notices":[],"_links":{"self":[{"href":"https:\/\/www.claret.cat\/es\/wp-json\/wp\/v2\/product\/44210","targetHints":{"allow":["GET"]}}],"collection":[{"href":"https:\/\/www.claret.cat\/es\/wp-json\/wp\/v2\/product"}],"about":[{"href":"https:\/\/www.claret.cat\/es\/wp-json\/wp\/v2\/types\/product"}],"wp:featuredmedia":[{"embeddable":true,"href":"https:\/\/www.claret.cat\/es\/wp-json\/wp\/v2\/media\/59825"}],"wp:attachment":[{"href":"https:\/\/www.claret.cat\/es\/wp-json\/wp\/v2\/media?parent=44210"}],"wp:term":[{"taxonomy":"product_brand","embeddable":true,"href":"https:\/\/www.claret.cat\/es\/wp-json\/wp\/v2\/product_brand?post=44210"},{"taxonomy":"product_cat","embeddable":true,"href":"https:\/\/www.claret.cat\/es\/wp-json\/wp\/v2\/product_cat?post=44210"},{"taxonomy":"product_tag","embeddable":true,"href":"https:\/\/www.claret.cat\/es\/wp-json\/wp\/v2\/product_tag?post=44210"}],"curies":[{"name":"wp","href":"https:\/\/api.w.org\/{rel}","templated":true}]}}