{"id":44228,"date":"2022-10-02T21:44:21","date_gmt":"2022-10-02T19:44:21","guid":{"rendered":"http:\/\/dev.claret.cat\/producte\/la-dona-eterna\/"},"modified":"2024-01-31T16:36:53","modified_gmt":"2024-01-31T15:36:53","slug":"la-dona-eterna-9788466428675","status":"publish","type":"product","link":"https:\/\/www.claret.cat\/es\/libro\/la-dona-eterna-9788466428675\/","title":{"rendered":"LA DONA ETERNA"},"content":{"rendered":"<p>L&#8217;Agn\u00e8s Malivern \u00e9s una periodista freelance de trenta-nou anys que sobreviu fent reportatges i entrevistes. Un bon dia rep una trucada inesperada. \u00c9s del representant de l&#8217;Aurora Ferrer, una actriu catalana de carrera mete\u00f2rica durant els anys cinquanta i seixanta que va arribar a aspirar a grans papers de Hollywood per\u00f2 que va desapar\u00e8ixer misteriosament i mai m\u00e9s se&#8217;n va saber res. Ara l&#8217;Aurora \u00e9s viva i est\u00e0 disposada a concedir una entrevista a l&#8217;Agn\u00e8s. Motivada per la necessitat, i tamb\u00e9 per l&#8217;enigma que envolta l&#8217;actriu, la periodista accepta visitar-la al seu pis de l&#8217;Eixample. Entre les dues dones s&#8217;acaba establint un vincle que transcendeix la simple entrevista. Fins al punt que a l&#8217;Agn\u00e8s se li obren les portes d&#8217;un misteri que es remunta a molts segles enrere i que li permetr\u00e0 descobrir racons absolutament inexplorats de la seva pr\u00f2pia vida.<\/p>\n","protected":false},"excerpt":{"rendered":"<p>PRIETO, PEP<\/p>\n","protected":false},"featured_media":59837,"template":"","meta":{"_acf_changed":false,"om_disable_all_campaigns":false,"rs_blank_template":"","rs_page_bg_color":"","slide_template_v7":"","inline_featured_image":false,"_monsterinsights_skip_tracking":false,"_monsterinsights_sitenote_active":false,"_monsterinsights_sitenote_note":"","_monsterinsights_sitenote_category":0},"product_brand":[],"product_cat":[127,357],"product_tag":[],"class_list":{"0":"post-44228","1":"product","2":"type-product","3":"status-publish","4":"has-post-thumbnail","6":"product_cat-novella-contemporania","7":"product_cat-novela-contemporanea","9":"first","10":"instock","11":"taxable","12":"shipping-taxable","13":"purchasable","14":"product-type-simple"},"acf":{"autor":"PRIETO, PEP","codart":"846642867","libros-coleccion":"Cl\u00e0ssica","ediciones":"1","encuadernacion":"R\u00fastica","fecha_de_publicacion":"01\/02\/2022","novedad":"1","paginas":"414","subtitulo":"","orden":"0","portada":"0","idioma":"cat","editorial":[{"ID":6166,"post_author":"3","post_date":"2022-07-28 17:46:19","post_date_gmt":"2022-07-28 15:46:19","post_content":"","post_title":"Columna CAT","post_excerpt":"","post_status":"publish","comment_status":"closed","ping_status":"closed","post_password":"","post_name":"columna-cat","to_ping":"","pinged":"","post_modified":"2022-07-28 17:46:19","post_modified_gmt":"2022-07-28 15:46:19","post_content_filtered":"","post_parent":0,"guid":"http:\/\/dev.claret.cat\/editorial\/columna-cat\/","menu_order":0,"post_type":"editorial","post_mime_type":"","comment_count":"0","filter":"raw"}],"autores-libros":[{"ID":166963,"post_author":"3","post_date":"2022-10-14 18:07:26","post_date_gmt":"2022-10-14 16:07:26","post_content":"","post_title":"PEP PRIETO","post_excerpt":"","post_status":"publish","comment_status":"closed","ping_status":"closed","post_password":"","post_name":"pep-prieto","to_ping":"","pinged":"","post_modified":"2022-10-14 18:07:26","post_modified_gmt":"2022-10-14 16:07:26","post_content_filtered":"","post_parent":0,"guid":"http:\/\/dev.claret.cat\/autor\/pep-prieto\/","menu_order":0,"post_type":"autor","post_mime_type":"","comment_count":"0","filter":"raw"}]},"aioseo_notices":[],"_links":{"self":[{"href":"https:\/\/www.claret.cat\/es\/wp-json\/wp\/v2\/product\/44228","targetHints":{"allow":["GET"]}}],"collection":[{"href":"https:\/\/www.claret.cat\/es\/wp-json\/wp\/v2\/product"}],"about":[{"href":"https:\/\/www.claret.cat\/es\/wp-json\/wp\/v2\/types\/product"}],"wp:featuredmedia":[{"embeddable":true,"href":"https:\/\/www.claret.cat\/es\/wp-json\/wp\/v2\/media\/59837"}],"wp:attachment":[{"href":"https:\/\/www.claret.cat\/es\/wp-json\/wp\/v2\/media?parent=44228"}],"wp:term":[{"taxonomy":"product_brand","embeddable":true,"href":"https:\/\/www.claret.cat\/es\/wp-json\/wp\/v2\/product_brand?post=44228"},{"taxonomy":"product_cat","embeddable":true,"href":"https:\/\/www.claret.cat\/es\/wp-json\/wp\/v2\/product_cat?post=44228"},{"taxonomy":"product_tag","embeddable":true,"href":"https:\/\/www.claret.cat\/es\/wp-json\/wp\/v2\/product_tag?post=44228"}],"curies":[{"name":"wp","href":"https:\/\/api.w.org\/{rel}","templated":true}]}}