{"id":44246,"date":"2022-10-02T21:44:42","date_gmt":"2022-10-02T19:44:42","guid":{"rendered":"http:\/\/dev.claret.cat\/producte\/quan-el-mon-era-jove\/"},"modified":"2024-01-31T16:37:32","modified_gmt":"2024-01-31T15:37:32","slug":"quan-el-mon-era-jove-9788466428798","status":"publish","type":"product","link":"https:\/\/www.claret.cat\/es\/libro\/quan-el-mon-era-jove-9788466428798\/","title":{"rendered":"QUAN EL M\u00d3N ERA JOVE"},"content":{"rendered":"<p>En aquesta nova saga, Carmen Korn ens submergeix en les d\u00e8cades de la postguerra, despr\u00e9s de la\u00a0Segona Guerra Mundial. A partir de tres fam\u00edlies, amigues entre elles, narra un nou comen\u00e7ament a\u00a0Col\u00f2nia, Hamburg i Sanremo, i ho fa explicant moments grans i petits, festes que celebren tots junts,\u00a0reptes que s&#8217;han d&#8217;assolir. I sobretot el desig que de tot l&#8217;horror que han viscut n&#8217;acabi sortint alguna cosa\u00a0bona, i l&#8217;esperan\u00e7a que la vida i la felicitat no s&#8217;han acabat per sempre.\u00a0<br \/> Una mirada fascinant als anys cinquanta de la m\u00e0 de tres fam\u00edlies tocades per la guerra que refaran les seves\u00a0vides de tres maneres ben diferents.<\/p>\n","protected":false},"excerpt":{"rendered":"<p>KORN, CARMEN<\/p>\n","protected":false},"featured_media":59849,"template":"","meta":{"_acf_changed":false,"om_disable_all_campaigns":false,"rs_blank_template":"","rs_page_bg_color":"","slide_template_v7":"","inline_featured_image":false,"_monsterinsights_skip_tracking":false,"_monsterinsights_sitenote_active":false,"_monsterinsights_sitenote_note":"","_monsterinsights_sitenote_category":0},"product_brand":[],"product_cat":[127,357],"product_tag":[],"class_list":{"0":"post-44246","1":"product","2":"type-product","3":"status-publish","4":"has-post-thumbnail","6":"product_cat-novella-contemporania","7":"product_cat-novela-contemporanea","9":"first","10":"instock","11":"taxable","12":"shipping-taxable","13":"purchasable","14":"product-type-simple"},"acf":{"autor":"KORN, CARMEN","codart":"846642879","libros-coleccion":"Cl\u00e0ssica","ediciones":"1","encuadernacion":"Carton\u00e9","fecha_de_publicacion":"01\/02\/2022","novedad":"1","paginas":"670","subtitulo":"","orden":"0","portada":"0","idioma":"cat","editorial":[{"ID":6166,"post_author":"3","post_date":"2022-07-28 17:46:19","post_date_gmt":"2022-07-28 15:46:19","post_content":"","post_title":"Columna CAT","post_excerpt":"","post_status":"publish","comment_status":"closed","ping_status":"closed","post_password":"","post_name":"columna-cat","to_ping":"","pinged":"","post_modified":"2022-07-28 17:46:19","post_modified_gmt":"2022-07-28 15:46:19","post_content_filtered":"","post_parent":0,"guid":"http:\/\/dev.claret.cat\/editorial\/columna-cat\/","menu_order":0,"post_type":"editorial","post_mime_type":"","comment_count":"0","filter":"raw"}],"autores-libros":[{"ID":152422,"post_author":"3","post_date":"2022-10-14 14:48:38","post_date_gmt":"2022-10-14 12:48:38","post_content":"","post_title":"CARMEN KORN","post_excerpt":"","post_status":"publish","comment_status":"closed","ping_status":"closed","post_password":"","post_name":"carmen-korn","to_ping":"","pinged":"","post_modified":"2022-10-14 14:48:38","post_modified_gmt":"2022-10-14 12:48:38","post_content_filtered":"","post_parent":0,"guid":"http:\/\/dev.claret.cat\/autor\/carmen-korn\/","menu_order":0,"post_type":"autor","post_mime_type":"","comment_count":"0","filter":"raw"}]},"aioseo_notices":[],"_links":{"self":[{"href":"https:\/\/www.claret.cat\/es\/wp-json\/wp\/v2\/product\/44246","targetHints":{"allow":["GET"]}}],"collection":[{"href":"https:\/\/www.claret.cat\/es\/wp-json\/wp\/v2\/product"}],"about":[{"href":"https:\/\/www.claret.cat\/es\/wp-json\/wp\/v2\/types\/product"}],"wp:featuredmedia":[{"embeddable":true,"href":"https:\/\/www.claret.cat\/es\/wp-json\/wp\/v2\/media\/59849"}],"wp:attachment":[{"href":"https:\/\/www.claret.cat\/es\/wp-json\/wp\/v2\/media?parent=44246"}],"wp:term":[{"taxonomy":"product_brand","embeddable":true,"href":"https:\/\/www.claret.cat\/es\/wp-json\/wp\/v2\/product_brand?post=44246"},{"taxonomy":"product_cat","embeddable":true,"href":"https:\/\/www.claret.cat\/es\/wp-json\/wp\/v2\/product_cat?post=44246"},{"taxonomy":"product_tag","embeddable":true,"href":"https:\/\/www.claret.cat\/es\/wp-json\/wp\/v2\/product_tag?post=44246"}],"curies":[{"name":"wp","href":"https:\/\/api.w.org\/{rel}","templated":true}]}}