{"id":44252,"date":"2022-10-02T21:44:47","date_gmt":"2022-10-02T19:44:47","guid":{"rendered":"http:\/\/dev.claret.cat\/producte\/mamut\/"},"modified":"2025-03-18T16:44:41","modified_gmt":"2025-03-18T15:44:41","slug":"mamut-9788473293228","status":"publish","type":"product","link":"https:\/\/www.claret.cat\/es\/libro\/mamut-9788473293228\/","title":{"rendered":"MAMUT"},"content":{"rendered":"<p>La protagonista de &#8221;Mamut&#8221; \u00e9s una dona arcaica atrapada en la vida moderna. El seu medi \u00e9s la ciutat, on signa contractes per viure. Vol tenir un fill i aix\u00f2 l&#8217;obliga a fer-se amb homes. \u00bfCom resistir el formiguer hum\u00e0 quan tens instint de ca\u00e7ador solitari?<br \/> Se&#8217;n va. Canvia d&#8217;h\u00e0bitat i esdev\u00e9 la mestressa d&#8217;un mas a\u00efllat. Hi ha un pastor, la solitud i les b\u00e8sties que t&#8217;alimenten o t&#8217;amenacen. L&#8217;instint treballa, la consci\u00e8ncia s&#8217;esvera. Comet coses que esquincen el pacte del nou mil\u00b7leni: apr\u00e8n a viure sense intermediaris. <br \/> &#8221;Mamut&#8221; \u00e9s la tercera ala d&#8221;un tr\u00edptic que inclou &#8221;Permagel&#8221; i &#8221;Boulder&#8221;. \u00bfDe qu\u00e8 tracta? La resposta \u00e9s poli\u00e8drica i aix\u00f2 explica la multitud de lectors concernits per aquesta obra. Si sou capa\u00e7os d&#8217;imaginar un Houellebecq que sapigu\u00e9s escriure sense ressentiment les llagues de la societat contempor\u00e0nia, aquesta quimera existeix i es diu Eva Baltasar. <br \/> La protagonista de Mamut \u00e9s una dona arcaica atrapada en la vida moderna. El seu medi \u00e9s la ciutat, on signa contractes per viure. Vol tenir un fill i aix\u00f2 l&#8217;obliga a fer-se amb homes. \u00bfCom resistir el formiguer hum\u00e0 quan tens instint de ca\u00e7ador solitari?<br \/> Se&#8217;n va. Canvia d&#8217;h\u00e0bitat i esdev\u00e9 la mestressa d&#8217;un mas a\u00efllat. Hi ha un pastor, la solitud i les b\u00e8sties que t&#8217;alimenten o t&#8217;amenacen. L&#8217;instint treballa, la consci\u00e8ncia s&#8217;esvera. Comet coses que esquincen el pacte del nou mil\u00b7leni: apr\u00e8n a viure sense intermediaris. <br \/> Mamut \u00e9s la tercera ala d&#8217;un tr\u00edptic que inclou Permagel i Boulder. \u00bfDe qu\u00e8 tracta? La resposta \u00e9s poli\u00e8drica i aix\u00f2 explica la multitud de lectors concernits per aquesta obra. Si sou capa\u00e7os d&#8217;imaginar un Houellebecq que sapigu\u00e9s escriure sense ressentiment les llagues de la societat contempor\u00e0nia, aquesta quimera existeix i es diu Eva Baltasar.<\/p>\n","protected":false},"excerpt":{"rendered":"<p>BALTASAR, EVA<\/p>\n","protected":false},"featured_media":59853,"template":"","meta":{"_acf_changed":false,"om_disable_all_campaigns":false,"rs_blank_template":"","rs_page_bg_color":"","slide_template_v7":"","inline_featured_image":false,"_monsterinsights_skip_tracking":false,"_monsterinsights_sitenote_active":false,"_monsterinsights_sitenote_note":"","_monsterinsights_sitenote_category":0},"product_brand":[],"product_cat":[127,357],"product_tag":[],"class_list":{"0":"post-44252","1":"product","2":"type-product","3":"status-publish","4":"has-post-thumbnail","6":"product_cat-novella-contemporania","7":"product_cat-novela-contemporanea","9":"first","10":"instock","11":"taxable","12":"shipping-taxable","13":"purchasable","14":"product-type-simple"},"acf":{"autor":"BALTASAR, EVA","codart":"847329322","libros-coleccion":"EL CLUB DELS NOVEL\u00b7LISTES","ediciones":"1","encuadernacion":"R\u00fastica","fecha_de_publicacion":"01\/01\/2022","novedad":"1","paginas":"128","subtitulo":"","orden":"0","portada":"0","idioma":"cat","editorial":[{"ID":6163,"post_author":"3","post_date":"2022-07-28 17:46:15","post_date_gmt":"2022-07-28 15:46:15","post_content":"","post_title":"CLUB EDITOR","post_excerpt":"","post_status":"publish","comment_status":"closed","ping_status":"closed","post_password":"","post_name":"club-editor","to_ping":"","pinged":"","post_modified":"2022-07-28 17:46:15","post_modified_gmt":"2022-07-28 15:46:15","post_content_filtered":"","post_parent":0,"guid":"http:\/\/dev.claret.cat\/editorial\/club-editor\/","menu_order":0,"post_type":"editorial","post_mime_type":"","comment_count":"0","filter":"raw"}],"autores-libros":[{"ID":155514,"post_author":"3","post_date":"2022-10-14 15:13:26","post_date_gmt":"2022-10-14 13:13:26","post_content":"","post_title":"EVA BALTASAR","post_excerpt":"","post_status":"publish","comment_status":"closed","ping_status":"closed","post_password":"","post_name":"eva-baltasar","to_ping":"","pinged":"","post_modified":"2022-10-14 15:13:26","post_modified_gmt":"2022-10-14 13:13:26","post_content_filtered":"","post_parent":0,"guid":"http:\/\/dev.claret.cat\/autor\/eva-baltasar\/","menu_order":0,"post_type":"autor","post_mime_type":"","comment_count":"0","filter":"raw"}]},"aioseo_notices":[],"_links":{"self":[{"href":"https:\/\/www.claret.cat\/es\/wp-json\/wp\/v2\/product\/44252","targetHints":{"allow":["GET"]}}],"collection":[{"href":"https:\/\/www.claret.cat\/es\/wp-json\/wp\/v2\/product"}],"about":[{"href":"https:\/\/www.claret.cat\/es\/wp-json\/wp\/v2\/types\/product"}],"wp:featuredmedia":[{"embeddable":true,"href":"https:\/\/www.claret.cat\/es\/wp-json\/wp\/v2\/media\/59853"}],"wp:attachment":[{"href":"https:\/\/www.claret.cat\/es\/wp-json\/wp\/v2\/media?parent=44252"}],"wp:term":[{"taxonomy":"product_brand","embeddable":true,"href":"https:\/\/www.claret.cat\/es\/wp-json\/wp\/v2\/product_brand?post=44252"},{"taxonomy":"product_cat","embeddable":true,"href":"https:\/\/www.claret.cat\/es\/wp-json\/wp\/v2\/product_cat?post=44252"},{"taxonomy":"product_tag","embeddable":true,"href":"https:\/\/www.claret.cat\/es\/wp-json\/wp\/v2\/product_tag?post=44252"}],"curies":[{"name":"wp","href":"https:\/\/api.w.org\/{rel}","templated":true}]}}