{"id":44255,"date":"2022-10-02T21:44:50","date_gmt":"2022-10-02T19:44:50","guid":{"rendered":"http:\/\/dev.claret.cat\/producte\/escritos-joanicos-y-cartas-catolicas\/"},"modified":"2025-10-10T11:50:17","modified_gmt":"2025-10-10T09:50:17","slug":"escritos-joanicos-y-cartas-catolicas-9788490737552","status":"publish","type":"product","link":"https:\/\/www.claret.cat\/es\/libro\/escritos-joanicos-y-cartas-catolicas-9788490737552\/","title":{"rendered":"ESCRITOS JO\u00c1NICOS Y CARTAS CAT\u00d3LICAS"},"content":{"rendered":"<p>Edici\u00f3n revisada, actualizada y ampliada de un manual de referencia que tuvo una excelente acogida desde su primera edici\u00f3n.<\/p>\n<p>Se trata de una completa introducci\u00f3n al conjunto de los escritos atribuidos al ap\u00f3stol Juan y las denominadas \u00abcartas cat\u00f3licas\u00bb: evangelio seg\u00fan san Juan, a las cartas atribuidas a este ap\u00f3stol, al Apocalipsis y a las tres cartas que la tradici\u00f3n ha atribuido a Santiago, Pedro y Judas. En todos los casos, estos escritos b\u00edblicos del Nuevo Testamento<br \/>se estudian desde una triple perspectiva: literaria, teol\u00f3gica y sociohist\u00f3rica.<\/p>\n<p>Esta nueva edici\u00f3n incluye una actualizaci\u00f3n bibliogr\u00e1fica -tanto en lo que se refiere a cap\u00edtulo de la obra como a la bibliograf\u00eda general- a la vista de los enfoques hermen\u00e9uticos m\u00e1s recientes y, en la secci\u00f3n dedicada al cuarto evangelio, un cap\u00edtulo nuevo sobre el pr\u00f3logo (Jn 1,1-18), por la relevancia de este pasaje en el conjunto del evangelio.<br \/>Este volumen continuar\u00e1 siendo de gran utilidad para estudiantes y docentes de la Biblia y para todas aquellas personas interesadas en conocer m\u00e1s a fondo la Palabra de Dios.<\/p>\n","protected":false},"excerpt":{"rendered":"<p>TUN\u00cd VANCELLS, JOSEP ORIOL; ALEGRE SANTAMAR\u00cdA, XAVIER<\/p>\n","protected":false},"featured_media":1032674,"template":"","meta":{"_acf_changed":false,"om_disable_all_campaigns":false,"rs_blank_template":"","rs_page_bg_color":"","slide_template_v7":"","inline_featured_image":false,"_monsterinsights_skip_tracking":false,"_monsterinsights_sitenote_active":false,"_monsterinsights_sitenote_note":"","_monsterinsights_sitenote_category":0},"product_brand":[],"product_cat":[468,207],"product_tag":[],"class_list":{"0":"post-44255","1":"product","2":"type-product","3":"status-publish","4":"has-post-thumbnail","6":"product_cat-epistolas-catolicas","7":"product_cat-epistoles-catoliques","9":"first","10":"instock","11":"taxable","12":"shipping-taxable","13":"purchasable","14":"product-type-simple"},"acf":{"autor":"TUN\u00cd VANCELLS, JOSEP ORIOL; ALEGRE SANTAMAR\u00cdA, XAVIER","codart":"849073755","libros-coleccion":"","ediciones":"1","encuadernacion":"R\u00fastica","fecha_de_publicacion":"18\/02\/2022","novedad":"0","paginas":"424","subtitulo":"","orden":"999","portada":"0","idioma":"spa","editorial":[{"ID":6390,"post_author":"3","post_date":"2022-07-28 17:51:08","post_date_gmt":"2022-07-28 15:51:08","post_content":"","post_title":"VERBO DIVINO","post_excerpt":"","post_status":"publish","comment_status":"closed","ping_status":"closed","post_password":"","post_name":"verbo-divino","to_ping":"","pinged":"","post_modified":"2022-07-28 17:51:08","post_modified_gmt":"2022-07-28 15:51:08","post_content_filtered":"","post_parent":0,"guid":"http:\/\/dev.claret.cat\/editorial\/verbo-divino\/","menu_order":0,"post_type":"editorial","post_mime_type":"","comment_count":"0","filter":"raw"}],"autores-libros":[{"ID":171403,"post_author":"3","post_date":"2022-10-14 22:43:07","post_date_gmt":"2022-10-14 20:43:07","post_content":"","post_title":"XAVIER ALEGRE SANTAMAR\u00cdA","post_excerpt":"","post_status":"publish","comment_status":"closed","ping_status":"closed","post_password":"","post_name":"xavier-alegre-santamaria","to_ping":"","pinged":"","post_modified":"2022-10-14 22:43:07","post_modified_gmt":"2022-10-14 20:43:07","post_content_filtered":"","post_parent":0,"guid":"http:\/\/dev.claret.cat\/autor\/xavier-alegre-santamaria\/","menu_order":0,"post_type":"autor","post_mime_type":"","comment_count":"0","filter":"raw"},{"ID":160796,"post_author":"3","post_date":"2022-10-14 15:55:57","post_date_gmt":"2022-10-14 13:55:57","post_content":"","post_title":"JOSEP ORIOL TUN\u00cd VANCELLS","post_excerpt":"","post_status":"publish","comment_status":"closed","ping_status":"closed","post_password":"","post_name":"josep-oriol-tuni-vancells","to_ping":"","pinged":"","post_modified":"2022-10-14 15:55:57","post_modified_gmt":"2022-10-14 13:55:57","post_content_filtered":"","post_parent":0,"guid":"http:\/\/dev.claret.cat\/autor\/josep-oriol-tuni-vancells\/","menu_order":0,"post_type":"autor","post_mime_type":"","comment_count":"0","filter":"raw"}],"booktrailer":"","resenas":""},"aioseo_notices":[],"_links":{"self":[{"href":"https:\/\/www.claret.cat\/es\/wp-json\/wp\/v2\/product\/44255","targetHints":{"allow":["GET"]}}],"collection":[{"href":"https:\/\/www.claret.cat\/es\/wp-json\/wp\/v2\/product"}],"about":[{"href":"https:\/\/www.claret.cat\/es\/wp-json\/wp\/v2\/types\/product"}],"wp:featuredmedia":[{"embeddable":true,"href":"https:\/\/www.claret.cat\/es\/wp-json\/wp\/v2\/media\/1032674"}],"wp:attachment":[{"href":"https:\/\/www.claret.cat\/es\/wp-json\/wp\/v2\/media?parent=44255"}],"wp:term":[{"taxonomy":"product_brand","embeddable":true,"href":"https:\/\/www.claret.cat\/es\/wp-json\/wp\/v2\/product_brand?post=44255"},{"taxonomy":"product_cat","embeddable":true,"href":"https:\/\/www.claret.cat\/es\/wp-json\/wp\/v2\/product_cat?post=44255"},{"taxonomy":"product_tag","embeddable":true,"href":"https:\/\/www.claret.cat\/es\/wp-json\/wp\/v2\/product_tag?post=44255"}],"curies":[{"name":"wp","href":"https:\/\/api.w.org\/{rel}","templated":true}]}}