{"id":44288,"date":"2022-10-02T21:45:23","date_gmt":"2022-10-02T19:45:23","guid":{"rendered":"http:\/\/dev.claret.cat\/producte\/testimo-3\/"},"modified":"2023-10-06T10:51:54","modified_gmt":"2023-10-06T08:51:54","slug":"testimo-9788491018537","status":"publish","type":"product","link":"https:\/\/www.claret.cat\/es\/libro\/testimo-9788491018537\/","title":{"rendered":"T&#8217;ESTIMO"},"content":{"rendered":"<p>Un nou t\u00edtol de la col\u00b7lecci\u00f3 dedicat als afectes. En cada doble p\u00e0gina els infants podran expressar el seu afecte per diferents animals i objectes, i al final del llibre podran fer una abra\u00e7ada simb\u00f2lica a la fam\u00edlia i els amics.<\/p>\n","protected":false},"excerpt":{"rendered":"<p>LEMON RIBBON STUDIO<\/p>\n","protected":false},"featured_media":59883,"template":"","meta":{"_acf_changed":false,"om_disable_all_campaigns":false,"rs_blank_template":"","rs_page_bg_color":"","slide_template_v7":"","inline_featured_image":false,"_monsterinsights_skip_tracking":false,"_monsterinsights_sitenote_active":false,"_monsterinsights_sitenote_note":"","_monsterinsights_sitenote_category":0},"product_brand":[],"product_cat":[131],"product_tag":[],"class_list":{"0":"post-44288","1":"product","2":"type-product","3":"status-publish","4":"has-post-thumbnail","6":"product_cat-contes-per-infants-0-6-anys","8":"first","9":"instock","10":"taxable","11":"shipping-taxable","12":"purchasable","13":"product-type-simple"},"acf":{"autor":"LEMON RIBBON STUDIO","codart":"849101853","libros-coleccion":"Toca, toca","ediciones":"1","encuadernacion":"Carton\u00e9","fecha_de_publicacion":"01\/02\/2022","novedad":"1","paginas":"10","subtitulo":"","orden":"0","portada":"0","idioma":"cat","editorial":[{"ID":147650,"post_author":"3","post_date":"2022-10-14 11:52:12","post_date_gmt":"2022-10-14 09:52:12","post_content":"","post_title":"COMBEL EDITORIL","post_excerpt":"","post_status":"publish","comment_status":"closed","ping_status":"closed","post_password":"","post_name":"combel-editoril","to_ping":"","pinged":"","post_modified":"2022-10-14 11:52:12","post_modified_gmt":"2022-10-14 09:52:12","post_content_filtered":"","post_parent":0,"guid":"http:\/\/dev.claret.cat\/editorial\/combel-editoril\/","menu_order":0,"post_type":"editorial","post_mime_type":"","comment_count":"0","filter":"raw"}],"autores-libros":[{"ID":162097,"post_author":"3","post_date":"2022-10-14 17:28:20","post_date_gmt":"2022-10-14 15:28:20","post_content":"","post_title":"LEMON RIBBON STUDIO","post_excerpt":"","post_status":"publish","comment_status":"closed","ping_status":"closed","post_password":"","post_name":"lemon-ribbon-studio-2","to_ping":"","pinged":"","post_modified":"2022-10-14 17:28:20","post_modified_gmt":"2022-10-14 15:28:20","post_content_filtered":"","post_parent":0,"guid":"http:\/\/dev.claret.cat\/autor\/lemon-ribbon-studio-2\/","menu_order":0,"post_type":"autor","post_mime_type":"","comment_count":"0","filter":"raw"}]},"aioseo_notices":[],"_links":{"self":[{"href":"https:\/\/www.claret.cat\/es\/wp-json\/wp\/v2\/product\/44288","targetHints":{"allow":["GET"]}}],"collection":[{"href":"https:\/\/www.claret.cat\/es\/wp-json\/wp\/v2\/product"}],"about":[{"href":"https:\/\/www.claret.cat\/es\/wp-json\/wp\/v2\/types\/product"}],"wp:featuredmedia":[{"embeddable":true,"href":"https:\/\/www.claret.cat\/es\/wp-json\/wp\/v2\/media\/59883"}],"wp:attachment":[{"href":"https:\/\/www.claret.cat\/es\/wp-json\/wp\/v2\/media?parent=44288"}],"wp:term":[{"taxonomy":"product_brand","embeddable":true,"href":"https:\/\/www.claret.cat\/es\/wp-json\/wp\/v2\/product_brand?post=44288"},{"taxonomy":"product_cat","embeddable":true,"href":"https:\/\/www.claret.cat\/es\/wp-json\/wp\/v2\/product_cat?post=44288"},{"taxonomy":"product_tag","embeddable":true,"href":"https:\/\/www.claret.cat\/es\/wp-json\/wp\/v2\/product_tag?post=44288"}],"curies":[{"name":"wp","href":"https:\/\/api.w.org\/{rel}","templated":true}]}}