{"id":44351,"date":"2022-10-02T21:46:53","date_gmt":"2022-10-02T19:46:53","guid":{"rendered":"http:\/\/dev.claret.cat\/producte\/laberintos-en-el-espacio\/"},"modified":"2023-10-06T11:04:55","modified_gmt":"2023-10-06T09:04:55","slug":"laberintos-en-el-espacio-9781801316361","status":"publish","type":"product","link":"https:\/\/www.claret.cat\/es\/libro\/laberintos-en-el-espacio-9781801316361\/","title":{"rendered":"LABERINTOS EN EL ESPACIO"},"content":{"rendered":"<p>Caja regalo que contiene un puzle de 200 piezas y un fascinante libro a juego dedicados al espacio. Una vez montado, el puzle se convierte en un laberinto en el cual los ni\u00f1os deber\u00e1n encontrar la salida entre constelaciones, criaturas extraterrestres y naves espaciales. El libro de 32 p\u00e1ginas incluye muchos m\u00e1s laberintos.<\/p>\n","protected":false},"excerpt":{"rendered":"<p>SMITH, SAM \/ SMITH, SAM<\/p>\n","protected":false},"featured_media":59925,"template":"","meta":{"_acf_changed":false,"om_disable_all_campaigns":false,"rs_blank_template":"","rs_page_bg_color":"","slide_template_v7":"","inline_featured_image":false,"_monsterinsights_skip_tracking":false,"_monsterinsights_sitenote_active":false,"_monsterinsights_sitenote_note":"","_monsterinsights_sitenote_category":0},"product_brand":[],"product_cat":[361,365],"product_tag":[],"class_list":{"0":"post-44351","1":"product","2":"type-product","3":"status-publish","4":"has-post-thumbnail","6":"product_cat-cuentos-para-ninos-0-6-anos","7":"product_cat-entretenimientos","9":"first","10":"instock","11":"taxable","12":"shipping-taxable","13":"purchasable","14":"product-type-simple"},"acf":{"autor":"SMITH, SAM \/ SMITH, SAM","codart":"180131636","libros-coleccion":"FORA DE COL.LECCI\u00d3","ediciones":"1","encuadernacion":"R\u00fastica","fecha_de_publicacion":"01\/02\/2022","novedad":"1","paginas":"32","subtitulo":"","orden":"0","portada":"0","idioma":"spa","editorial":[{"ID":148939,"post_author":"3","post_date":"2022-10-14 12:02:11","post_date_gmt":"2022-10-14 10:02:11","post_content":"","post_title":"USBORNE","post_excerpt":"","post_status":"publish","comment_status":"closed","ping_status":"closed","post_password":"","post_name":"usborne","to_ping":"","pinged":"","post_modified":"2022-10-14 12:02:11","post_modified_gmt":"2022-10-14 10:02:11","post_content_filtered":"","post_parent":0,"guid":"http:\/\/dev.claret.cat\/editorial\/usborne\/","menu_order":0,"post_type":"editorial","post_mime_type":"","comment_count":"0","filter":"raw"}],"autores-libros":[{"ID":168887,"post_author":"3","post_date":"2022-10-14 22:22:45","post_date_gmt":"2022-10-14 20:22:45","post_content":"","post_title":"SAM SMITH","post_excerpt":"","post_status":"publish","comment_status":"closed","ping_status":"closed","post_password":"","post_name":"sam-smith","to_ping":"","pinged":"","post_modified":"2022-10-14 22:22:45","post_modified_gmt":"2022-10-14 20:22:45","post_content_filtered":"","post_parent":0,"guid":"http:\/\/dev.claret.cat\/autor\/sam-smith\/","menu_order":0,"post_type":"autor","post_mime_type":"","comment_count":"0","filter":"raw"}]},"aioseo_notices":[],"_links":{"self":[{"href":"https:\/\/www.claret.cat\/es\/wp-json\/wp\/v2\/product\/44351","targetHints":{"allow":["GET"]}}],"collection":[{"href":"https:\/\/www.claret.cat\/es\/wp-json\/wp\/v2\/product"}],"about":[{"href":"https:\/\/www.claret.cat\/es\/wp-json\/wp\/v2\/types\/product"}],"wp:featuredmedia":[{"embeddable":true,"href":"https:\/\/www.claret.cat\/es\/wp-json\/wp\/v2\/media\/59925"}],"wp:attachment":[{"href":"https:\/\/www.claret.cat\/es\/wp-json\/wp\/v2\/media?parent=44351"}],"wp:term":[{"taxonomy":"product_brand","embeddable":true,"href":"https:\/\/www.claret.cat\/es\/wp-json\/wp\/v2\/product_brand?post=44351"},{"taxonomy":"product_cat","embeddable":true,"href":"https:\/\/www.claret.cat\/es\/wp-json\/wp\/v2\/product_cat?post=44351"},{"taxonomy":"product_tag","embeddable":true,"href":"https:\/\/www.claret.cat\/es\/wp-json\/wp\/v2\/product_tag?post=44351"}],"curies":[{"name":"wp","href":"https:\/\/api.w.org\/{rel}","templated":true}]}}