{"id":44378,"date":"2022-10-02T21:47:22","date_gmt":"2022-10-02T19:47:22","guid":{"rendered":"http:\/\/dev.claret.cat\/producte\/el-gran-salto-2\/"},"modified":"2023-10-06T11:46:24","modified_gmt":"2023-10-06T09:46:24","slug":"el-gran-salto-9788417440954","status":"publish","type":"product","link":"https:\/\/www.claret.cat\/es\/libro\/el-gran-salto-9788417440954\/","title":{"rendered":"EL GRAN SALTO"},"content":{"rendered":"<p>Babu era un ni\u00f1o de ojos grandes, un ni\u00f1o perdido en un mundo demasiado grande. Un d\u00eda lleg\u00f3 el circo y Romina invit\u00f3 a Babu a mostrar su creatividad.<\/p>\n<p> Un cuento sobre la transformaci\u00f3n de la tristeza y la superaci\u00f3n de los obst\u00e1culos gracias al poder de la risa y de la imaginaci\u00f3n.<\/p>\n","protected":false},"excerpt":{"rendered":"<p>PARERA, N\u00daRIA<\/p>\n","protected":false},"featured_media":59943,"template":"","meta":{"_acf_changed":false,"om_disable_all_campaigns":false,"rs_blank_template":"","rs_page_bg_color":"","slide_template_v7":"","inline_featured_image":false,"_monsterinsights_skip_tracking":false,"_monsterinsights_sitenote_active":false,"_monsterinsights_sitenote_note":"","_monsterinsights_sitenote_category":0},"product_brand":[],"product_cat":[362],"product_tag":[],"class_list":{"0":"post-44378","1":"product","2":"type-product","3":"status-publish","4":"has-post-thumbnail","6":"product_cat-libros-preadolescentes-6-12-anos","8":"first","9":"instock","10":"taxable","11":"shipping-taxable","12":"purchasable","13":"product-type-simple"},"acf":{"autor":"PARERA, N\u00daRIA","codart":"841744095","libros-coleccion":"Akialbum","ediciones":"1","encuadernacion":"Carton\u00e9","fecha_de_publicacion":"01\/11\/2021","novedad":"1","paginas":"40","subtitulo":"","orden":"0","portada":"0","idioma":"spa","editorial":[{"ID":6116,"post_author":"3","post_date":"2022-07-28 17:45:14","post_date_gmt":"2022-07-28 15:45:14","post_content":"","post_title":"Akiara Books","post_excerpt":"","post_status":"publish","comment_status":"closed","ping_status":"closed","post_password":"","post_name":"akiara-books","to_ping":"","pinged":"","post_modified":"2022-07-28 17:45:14","post_modified_gmt":"2022-07-28 15:45:14","post_content_filtered":"","post_parent":0,"guid":"http:\/\/dev.claret.cat\/editorial\/akiara-books\/","menu_order":0,"post_type":"editorial","post_mime_type":"","comment_count":"0","filter":"raw"}],"autores-libros":[{"ID":166051,"post_author":"3","post_date":"2022-10-14 18:00:02","post_date_gmt":"2022-10-14 16:00:02","post_content":"","post_title":"N\u00daRIA PARERA","post_excerpt":"","post_status":"publish","comment_status":"closed","ping_status":"closed","post_password":"","post_name":"nuria-parera","to_ping":"","pinged":"","post_modified":"2022-10-14 18:00:02","post_modified_gmt":"2022-10-14 16:00:02","post_content_filtered":"","post_parent":0,"guid":"http:\/\/dev.claret.cat\/autor\/nuria-parera\/","menu_order":0,"post_type":"autor","post_mime_type":"","comment_count":"0","filter":"raw"}]},"aioseo_notices":[],"_links":{"self":[{"href":"https:\/\/www.claret.cat\/es\/wp-json\/wp\/v2\/product\/44378","targetHints":{"allow":["GET"]}}],"collection":[{"href":"https:\/\/www.claret.cat\/es\/wp-json\/wp\/v2\/product"}],"about":[{"href":"https:\/\/www.claret.cat\/es\/wp-json\/wp\/v2\/types\/product"}],"wp:featuredmedia":[{"embeddable":true,"href":"https:\/\/www.claret.cat\/es\/wp-json\/wp\/v2\/media\/59943"}],"wp:attachment":[{"href":"https:\/\/www.claret.cat\/es\/wp-json\/wp\/v2\/media?parent=44378"}],"wp:term":[{"taxonomy":"product_brand","embeddable":true,"href":"https:\/\/www.claret.cat\/es\/wp-json\/wp\/v2\/product_brand?post=44378"},{"taxonomy":"product_cat","embeddable":true,"href":"https:\/\/www.claret.cat\/es\/wp-json\/wp\/v2\/product_cat?post=44378"},{"taxonomy":"product_tag","embeddable":true,"href":"https:\/\/www.claret.cat\/es\/wp-json\/wp\/v2\/product_tag?post=44378"}],"curies":[{"name":"wp","href":"https:\/\/api.w.org\/{rel}","templated":true}]}}