{"id":443925,"date":"2023-05-19T10:50:02","date_gmt":"2023-05-19T08:50:02","guid":{"rendered":"https:\/\/www.claret.cat\/llibre\/la-fuerza-de-la-cruz-9788419307811\/"},"modified":"2024-05-31T13:45:26","modified_gmt":"2024-05-31T11:45:26","slug":"la-fuerza-de-la-cruz-9788419307811","status":"publish","type":"product","link":"https:\/\/www.claret.cat\/es\/libro\/la-fuerza-de-la-cruz-9788419307811\/","title":{"rendered":"LA FUERZA DE LA CRUZ"},"content":{"rendered":"<p><span>He aqu\u00ed una obra que ya es un cl\u00e1sico referente como comentario de la Pasi\u00f3n del Se\u00f1or meditada y expuesta desde muy diferentess aspectos. Desde 1980, transmite el mensaje que cada Viernes Santo ofrece el P. Raniero Cantalamessa, Predicador de la Casa Pontificia, en la Bas\u00edlica de San Pedro del Vaticano.<\/span><\/p>\n","protected":false},"excerpt":{"rendered":"<p>CANTALAMESSA, RANIERO<\/p>\n","protected":false},"featured_media":966706,"template":"","meta":{"_acf_changed":false,"om_disable_all_campaigns":false,"rs_blank_template":"","rs_page_bg_color":"","slide_template_v7":"","inline_featured_image":false,"_monsterinsights_skip_tracking":false,"_monsterinsights_sitenote_active":false,"_monsterinsights_sitenote_note":"","_monsterinsights_sitenote_category":0},"product_brand":[],"product_cat":[497,248],"product_tag":[],"class_list":{"0":"post-443925","1":"product","2":"type-product","3":"status-publish","4":"has-post-thumbnail","6":"product_cat-meditaciones","7":"product_cat-meditacions","9":"first","10":"instock","11":"taxable","12":"shipping-taxable","13":"purchasable","14":"product-type-simple"},"acf":{"autor":"CANTALAMESSA, RANIERO","codart":"841930781","libros-coleccion":"Agua viva","ediciones":"21","encuadernacion":"R\u00fastica","fecha_de_publicacion":"18\/05\/2023","novedad":"0","paginas":"484","subtitulo":"","orden":"0","portada":"0","idioma":"est","editorial":[{"ID":6309,"post_author":"3","post_date":"2022-07-28 17:49:25","post_date_gmt":"2022-07-28 15:49:25","post_content":"","post_title":"Monte Carmelo","post_excerpt":"","post_status":"publish","comment_status":"closed","ping_status":"closed","post_password":"","post_name":"monte-carmelo","to_ping":"","pinged":"","post_modified":"2022-07-28 17:49:25","post_modified_gmt":"2022-07-28 15:49:25","post_content_filtered":"","post_parent":0,"guid":"http:\/\/dev.claret.cat\/editorial\/monte-carmelo\/","menu_order":0,"post_type":"editorial","post_mime_type":"","comment_count":"0","filter":"raw"}],"autores-libros":[{"ID":5968,"post_author":"3","post_date":"2022-07-28 17:35:21","post_date_gmt":"2022-07-28 15:35:21","post_content":"","post_title":"RANIERO CANTALAMESSA","post_excerpt":"","post_status":"publish","comment_status":"closed","ping_status":"closed","post_password":"","post_name":"raniero-cantalamessa","to_ping":"","pinged":"","post_modified":"2022-07-28 17:35:21","post_modified_gmt":"2022-07-28 15:35:21","post_content_filtered":"","post_parent":0,"guid":"http:\/\/dev.claret.cat\/autor\/raniero-cantalamessa\/","menu_order":0,"post_type":"autor","post_mime_type":"","comment_count":"0","filter":"raw"}]},"aioseo_notices":[],"_links":{"self":[{"href":"https:\/\/www.claret.cat\/es\/wp-json\/wp\/v2\/product\/443925","targetHints":{"allow":["GET"]}}],"collection":[{"href":"https:\/\/www.claret.cat\/es\/wp-json\/wp\/v2\/product"}],"about":[{"href":"https:\/\/www.claret.cat\/es\/wp-json\/wp\/v2\/types\/product"}],"wp:featuredmedia":[{"embeddable":true,"href":"https:\/\/www.claret.cat\/es\/wp-json\/wp\/v2\/media\/966706"}],"wp:attachment":[{"href":"https:\/\/www.claret.cat\/es\/wp-json\/wp\/v2\/media?parent=443925"}],"wp:term":[{"taxonomy":"product_brand","embeddable":true,"href":"https:\/\/www.claret.cat\/es\/wp-json\/wp\/v2\/product_brand?post=443925"},{"taxonomy":"product_cat","embeddable":true,"href":"https:\/\/www.claret.cat\/es\/wp-json\/wp\/v2\/product_cat?post=443925"},{"taxonomy":"product_tag","embeddable":true,"href":"https:\/\/www.claret.cat\/es\/wp-json\/wp\/v2\/product_tag?post=443925"}],"curies":[{"name":"wp","href":"https:\/\/api.w.org\/{rel}","templated":true}]}}